{"id":7854,"date":"2020-03-18T12:15:29","date_gmt":"2020-03-18T12:15:36","guid":{"rendered":"https:\/\/www.ecoledesurfmoliets.com\/?post_type=product&#038;p=7854"},"modified":"2024-04-10T16:27:42","modified_gmt":"2024-04-10T16:27:42","slug":"seguro-bici-robo-rotura","status":"publish","type":"product","link":"https:\/\/www.ecoledesurfmoliets.com\/es\/producto\/seguro-bici-robo-rotura\/","title":{"rendered":"Seguro Bici &#8211; Robo\/Rotura"},"content":{"rendered":"<p>Seguro de bicicleta: el cliente puede contratar un seguro de robo\/desperfectos durante el periodo de alquiler de una bicicleta u otra. En caso de robo o rotura, el cliente deber\u00e1 abonar el 100% del precio de compra del art\u00edculo alquilado, y el 100% del importe de la reparaci\u00f3n. Con seguro, el cliente pagar\u00e1 s\u00f3lo el 50% del precio de la bicicleta o de la reparaci\u00f3n del art\u00edculo alquilado. Es necesaria una denuncia de robo a la estaci\u00f3n de polic\u00eda local.<\/p>\n","protected":false},"excerpt":{"rendered":"<p>Seguro de bicicleta: el cliente puede contratar un seguro de robo\/desperfectos durante el periodo de alquiler de una bicicleta u otra. En caso de robo o rotura, el cliente deber\u00e1 abonar el 100% del precio de compra del art\u00edculo alquilado, y el 100% del importe de la reparaci\u00f3n. Con seguro, el cliente pagar\u00e1 s\u00f3lo el [&hellip;]<\/p>\n","protected":false},"featured_media":3996,"template":"","meta":{"jetpack_post_was_ever_published":false,"jetpack_publicize_message":"","jetpack_publicize_feature_enabled":true,"jetpack_social_post_already_shared":true,"jetpack_social_options":{"image_generator_settings":{"template":"highway","default_image_id":0,"font":"","enabled":false},"version":2}},"product_brand":[],"product_cat":[152],"product_tag":[],"class_list":{"0":"post-7854","1":"product","2":"type-product","3":"status-publish","4":"has-post-thumbnail","6":"product_cat-uncategorized-es","7":"wcpa_has_options","9":"first","10":"instock","11":"taxable","12":"shipping-taxable","13":"purchasable","14":"product-type-variable"},"yoast_head":"<!-- This site is optimized with the Yoast SEO plugin v26.7 - https:\/\/yoast.com\/wordpress\/plugins\/seo\/ -->\n<title>Alquiler de Bici : Seguro Robo\/Rotura | Moliets, Landas | Soonline<\/title>\n<meta name=\"description\" content=\"Escuela surf, skate, alquiler, bicicletas, tienda Soonline, etiquetada \u201cTurismo de Calidad\u201d en Moliets, Landas \u26a1 \u00a1Oferta -10% en reservas online y telef\u00f3nicas!\" \/>\n<meta name=\"robots\" content=\"noindex, follow\" \/>\n<meta property=\"og:locale\" content=\"es_ES\" \/>\n<meta property=\"og:type\" content=\"article\" \/>\n<meta property=\"og:title\" content=\"Alquiler de Bici : Seguro Robo\/Rotura | Moliets, Landas | Soonline\" \/>\n<meta property=\"og:description\" content=\"Escuela surf, skate, alquiler, bicicletas, tienda Soonline, etiquetada \u201cTurismo de Calidad\u201d en Moliets, Landas \u26a1 \u00a1Oferta -10% en reservas online y telef\u00f3nicas!\" \/>\n<meta property=\"og:url\" content=\"https:\/\/www.ecoledesurfmoliets.com\/es\/producto\/seguro-bici-robo-rotura\/\" \/>\n<meta property=\"og:site_name\" content=\"Soon Line \u2022 Surf &amp; Skate Moliets\" \/>\n<meta property=\"article:publisher\" content=\"https:\/\/www.facebook.com\/soonlinesurfschoolmoliets\/\" \/>\n<meta property=\"article:modified_time\" content=\"2024-04-10T16:27:42+00:00\" \/>\n<meta property=\"og:image\" content=\"https:\/\/www.ecoledesurfmoliets.com\/wp-content\/uploads\/2017\/02\/soonline-logo-wit.jpg\" \/>\n\t<meta property=\"og:image:width\" content=\"280\" \/>\n\t<meta property=\"og:image:height\" content=\"280\" \/>\n\t<meta property=\"og:image:type\" content=\"image\/jpeg\" \/>\n<meta name=\"twitter:card\" content=\"summary_large_image\" \/>\n<script type=\"application\/ld+json\" class=\"yoast-schema-graph\">{\"@context\":\"https:\/\/schema.org\",\"@graph\":[{\"@type\":\"WebPage\",\"@id\":\"https:\/\/www.ecoledesurfmoliets.com\/es\/producto\/seguro-bici-robo-rotura\/\",\"url\":\"https:\/\/www.ecoledesurfmoliets.com\/es\/producto\/seguro-bici-robo-rotura\/\",\"name\":\"Alquiler de Bici : Seguro Robo\/Rotura | Moliets, Landas | Soonline\",\"isPartOf\":{\"@id\":\"https:\/\/www.ecoledesurfmoliets.com\/#website\"},\"primaryImageOfPage\":{\"@id\":\"https:\/\/www.ecoledesurfmoliets.com\/es\/producto\/seguro-bici-robo-rotura\/#primaryimage\"},\"image\":{\"@id\":\"https:\/\/www.ecoledesurfmoliets.com\/es\/producto\/seguro-bici-robo-rotura\/#primaryimage\"},\"thumbnailUrl\":\"https:\/\/i0.wp.com\/www.ecoledesurfmoliets.com\/wp-content\/uploads\/2017\/02\/soonline-logo-wit.jpg?fit=280%2C280&ssl=1\",\"datePublished\":\"2020-03-18T12:15:36+00:00\",\"dateModified\":\"2024-04-10T16:27:42+00:00\",\"description\":\"Escuela surf, skate, alquiler, bicicletas, tienda Soonline, etiquetada \u201cTurismo de Calidad\u201d en Moliets, Landas \u26a1 \u00a1Oferta -10% en reservas online y telef\u00f3nicas!\",\"breadcrumb\":{\"@id\":\"https:\/\/www.ecoledesurfmoliets.com\/es\/producto\/seguro-bici-robo-rotura\/#breadcrumb\"},\"inLanguage\":\"es\",\"potentialAction\":[{\"@type\":\"ReadAction\",\"target\":[\"https:\/\/www.ecoledesurfmoliets.com\/es\/producto\/seguro-bici-robo-rotura\/\"]}]},{\"@type\":\"ImageObject\",\"inLanguage\":\"es\",\"@id\":\"https:\/\/www.ecoledesurfmoliets.com\/es\/producto\/seguro-bici-robo-rotura\/#primaryimage\",\"url\":\"https:\/\/i0.wp.com\/www.ecoledesurfmoliets.com\/wp-content\/uploads\/2017\/02\/soonline-logo-wit.jpg?fit=280%2C280&ssl=1\",\"contentUrl\":\"https:\/\/i0.wp.com\/www.ecoledesurfmoliets.com\/wp-content\/uploads\/2017\/02\/soonline-logo-wit.jpg?fit=280%2C280&ssl=1\",\"width\":280,\"height\":280},{\"@type\":\"BreadcrumbList\",\"@id\":\"https:\/\/www.ecoledesurfmoliets.com\/es\/producto\/seguro-bici-robo-rotura\/#breadcrumb\",\"itemListElement\":[{\"@type\":\"ListItem\",\"position\":1,\"name\":\"Accueil\",\"item\":\"https:\/\/www.ecoledesurfmoliets.com\/es\/\"},{\"@type\":\"ListItem\",\"position\":2,\"name\":\"Tienda\",\"item\":\"https:\/\/www.ecoledesurfmoliets.com\/shop\/\"},{\"@type\":\"ListItem\",\"position\":3,\"name\":\"Seguro Bici &#8211; Robo\/Rotura\"}]},{\"@type\":\"WebSite\",\"@id\":\"https:\/\/www.ecoledesurfmoliets.com\/#website\",\"url\":\"https:\/\/www.ecoledesurfmoliets.com\/\",\"name\":\"Soon Line \u2022 Surf &amp; Skate Moliets\",\"description\":\"Surf &amp; Skate School Moliets\",\"publisher\":{\"@id\":\"https:\/\/www.ecoledesurfmoliets.com\/#organization\"},\"potentialAction\":[{\"@type\":\"SearchAction\",\"target\":{\"@type\":\"EntryPoint\",\"urlTemplate\":\"https:\/\/www.ecoledesurfmoliets.com\/?s={search_term_string}\"},\"query-input\":{\"@type\":\"PropertyValueSpecification\",\"valueRequired\":true,\"valueName\":\"search_term_string\"}}],\"inLanguage\":\"es\"},{\"@type\":\"Organization\",\"@id\":\"https:\/\/www.ecoledesurfmoliets.com\/#organization\",\"name\":\"Soonline Surf School Moliets\",\"url\":\"https:\/\/www.ecoledesurfmoliets.com\/\",\"logo\":{\"@type\":\"ImageObject\",\"inLanguage\":\"es\",\"@id\":\"https:\/\/www.ecoledesurfmoliets.com\/#\/schema\/logo\/image\/\",\"url\":\"https:\/\/i0.wp.com\/www.ecoledesurfmoliets.com\/wp-content\/uploads\/2017\/02\/soonline-logo-wit.jpg?fit=280%2C280&ssl=1\",\"contentUrl\":\"https:\/\/i0.wp.com\/www.ecoledesurfmoliets.com\/wp-content\/uploads\/2017\/02\/soonline-logo-wit.jpg?fit=280%2C280&ssl=1\",\"width\":280,\"height\":280,\"caption\":\"Soonline Surf School Moliets\"},\"image\":{\"@id\":\"https:\/\/www.ecoledesurfmoliets.com\/#\/schema\/logo\/image\/\"},\"sameAs\":[\"https:\/\/www.facebook.com\/soonlinesurfschoolmoliets\/\",\"https:\/\/www.instagram.com\/soonlinesurfschoolmoliets\/\",\"https:\/\/www.pinterest.fr\/surfschool_soonline\/\",\"https:\/\/www.youtube.com\/channel\/UCUCunR8ikD_XWSbkrbt8kLw\"]}]}<\/script>\n<!-- \/ Yoast SEO plugin. -->","yoast_head_json":{"title":"Alquiler de Bici : Seguro Robo\/Rotura | Moliets, Landas | Soonline","description":"Escuela surf, skate, alquiler, bicicletas, tienda Soonline, etiquetada \u201cTurismo de Calidad\u201d en Moliets, Landas \u26a1 \u00a1Oferta -10% en reservas online y telef\u00f3nicas!","robots":{"index":"noindex","follow":"follow"},"og_locale":"es_ES","og_type":"article","og_title":"Alquiler de Bici : Seguro Robo\/Rotura | Moliets, Landas | Soonline","og_description":"Escuela surf, skate, alquiler, bicicletas, tienda Soonline, etiquetada \u201cTurismo de Calidad\u201d en Moliets, Landas \u26a1 \u00a1Oferta -10% en reservas online y telef\u00f3nicas!","og_url":"https:\/\/www.ecoledesurfmoliets.com\/es\/producto\/seguro-bici-robo-rotura\/","og_site_name":"Soon Line \u2022 Surf &amp; Skate Moliets","article_publisher":"https:\/\/www.facebook.com\/soonlinesurfschoolmoliets\/","article_modified_time":"2024-04-10T16:27:42+00:00","og_image":[{"width":280,"height":280,"url":"https:\/\/www.ecoledesurfmoliets.com\/wp-content\/uploads\/2017\/02\/soonline-logo-wit.jpg","type":"image\/jpeg"}],"twitter_card":"summary_large_image","schema":{"@context":"https:\/\/schema.org","@graph":[{"@type":"WebPage","@id":"https:\/\/www.ecoledesurfmoliets.com\/es\/producto\/seguro-bici-robo-rotura\/","url":"https:\/\/www.ecoledesurfmoliets.com\/es\/producto\/seguro-bici-robo-rotura\/","name":"Alquiler de Bici : Seguro Robo\/Rotura | Moliets, Landas | Soonline","isPartOf":{"@id":"https:\/\/www.ecoledesurfmoliets.com\/#website"},"primaryImageOfPage":{"@id":"https:\/\/www.ecoledesurfmoliets.com\/es\/producto\/seguro-bici-robo-rotura\/#primaryimage"},"image":{"@id":"https:\/\/www.ecoledesurfmoliets.com\/es\/producto\/seguro-bici-robo-rotura\/#primaryimage"},"thumbnailUrl":"https:\/\/i0.wp.com\/www.ecoledesurfmoliets.com\/wp-content\/uploads\/2017\/02\/soonline-logo-wit.jpg?fit=280%2C280&ssl=1","datePublished":"2020-03-18T12:15:36+00:00","dateModified":"2024-04-10T16:27:42+00:00","description":"Escuela surf, skate, alquiler, bicicletas, tienda Soonline, etiquetada \u201cTurismo de Calidad\u201d en Moliets, Landas \u26a1 \u00a1Oferta -10% en reservas online y telef\u00f3nicas!","breadcrumb":{"@id":"https:\/\/www.ecoledesurfmoliets.com\/es\/producto\/seguro-bici-robo-rotura\/#breadcrumb"},"inLanguage":"es","potentialAction":[{"@type":"ReadAction","target":["https:\/\/www.ecoledesurfmoliets.com\/es\/producto\/seguro-bici-robo-rotura\/"]}]},{"@type":"ImageObject","inLanguage":"es","@id":"https:\/\/www.ecoledesurfmoliets.com\/es\/producto\/seguro-bici-robo-rotura\/#primaryimage","url":"https:\/\/i0.wp.com\/www.ecoledesurfmoliets.com\/wp-content\/uploads\/2017\/02\/soonline-logo-wit.jpg?fit=280%2C280&ssl=1","contentUrl":"https:\/\/i0.wp.com\/www.ecoledesurfmoliets.com\/wp-content\/uploads\/2017\/02\/soonline-logo-wit.jpg?fit=280%2C280&ssl=1","width":280,"height":280},{"@type":"BreadcrumbList","@id":"https:\/\/www.ecoledesurfmoliets.com\/es\/producto\/seguro-bici-robo-rotura\/#breadcrumb","itemListElement":[{"@type":"ListItem","position":1,"name":"Accueil","item":"https:\/\/www.ecoledesurfmoliets.com\/es\/"},{"@type":"ListItem","position":2,"name":"Tienda","item":"https:\/\/www.ecoledesurfmoliets.com\/shop\/"},{"@type":"ListItem","position":3,"name":"Seguro Bici &#8211; Robo\/Rotura"}]},{"@type":"WebSite","@id":"https:\/\/www.ecoledesurfmoliets.com\/#website","url":"https:\/\/www.ecoledesurfmoliets.com\/","name":"Soon Line \u2022 Surf &amp; Skate Moliets","description":"Surf &amp; Skate School Moliets","publisher":{"@id":"https:\/\/www.ecoledesurfmoliets.com\/#organization"},"potentialAction":[{"@type":"SearchAction","target":{"@type":"EntryPoint","urlTemplate":"https:\/\/www.ecoledesurfmoliets.com\/?s={search_term_string}"},"query-input":{"@type":"PropertyValueSpecification","valueRequired":true,"valueName":"search_term_string"}}],"inLanguage":"es"},{"@type":"Organization","@id":"https:\/\/www.ecoledesurfmoliets.com\/#organization","name":"Soonline Surf School Moliets","url":"https:\/\/www.ecoledesurfmoliets.com\/","logo":{"@type":"ImageObject","inLanguage":"es","@id":"https:\/\/www.ecoledesurfmoliets.com\/#\/schema\/logo\/image\/","url":"https:\/\/i0.wp.com\/www.ecoledesurfmoliets.com\/wp-content\/uploads\/2017\/02\/soonline-logo-wit.jpg?fit=280%2C280&ssl=1","contentUrl":"https:\/\/i0.wp.com\/www.ecoledesurfmoliets.com\/wp-content\/uploads\/2017\/02\/soonline-logo-wit.jpg?fit=280%2C280&ssl=1","width":280,"height":280,"caption":"Soonline Surf School Moliets"},"image":{"@id":"https:\/\/www.ecoledesurfmoliets.com\/#\/schema\/logo\/image\/"},"sameAs":["https:\/\/www.facebook.com\/soonlinesurfschoolmoliets\/","https:\/\/www.instagram.com\/soonlinesurfschoolmoliets\/","https:\/\/www.pinterest.fr\/surfschool_soonline\/","https:\/\/www.youtube.com\/channel\/UCUCunR8ikD_XWSbkrbt8kLw"]}]}},"jetpack_publicize_connections":[],"jetpack_sharing_enabled":true,"_links":{"self":[{"href":"https:\/\/www.ecoledesurfmoliets.com\/es\/wp-json\/wp\/v2\/product\/7854","targetHints":{"allow":["GET"]}}],"collection":[{"href":"https:\/\/www.ecoledesurfmoliets.com\/es\/wp-json\/wp\/v2\/product"}],"about":[{"href":"https:\/\/www.ecoledesurfmoliets.com\/es\/wp-json\/wp\/v2\/types\/product"}],"wp:featuredmedia":[{"embeddable":true,"href":"https:\/\/www.ecoledesurfmoliets.com\/es\/wp-json\/wp\/v2\/media\/3996"}],"wp:attachment":[{"href":"https:\/\/www.ecoledesurfmoliets.com\/es\/wp-json\/wp\/v2\/media?parent=7854"}],"wp:term":[{"taxonomy":"product_brand","embeddable":true,"href":"https:\/\/www.ecoledesurfmoliets.com\/es\/wp-json\/wp\/v2\/product_brand?post=7854"},{"taxonomy":"product_cat","embeddable":true,"href":"https:\/\/www.ecoledesurfmoliets.com\/es\/wp-json\/wp\/v2\/product_cat?post=7854"},{"taxonomy":"product_tag","embeddable":true,"href":"https:\/\/www.ecoledesurfmoliets.com\/es\/wp-json\/wp\/v2\/product_tag?post=7854"}],"curies":[{"name":"wp","href":"https:\/\/api.w.org\/{rel}","templated":true}]}}