{"id":5707,"date":"2019-01-01T14:28:45","date_gmt":"2019-01-01T14:28:45","guid":{"rendered":"https:\/\/www.ecoledesurfmoliets.com\/product\/seance-decouverte\/"},"modified":"2025-02-17T14:29:28","modified_gmt":"2025-02-17T14:29:28","slug":"clase-surf-descubrimiento","status":"publish","type":"product","link":"https:\/\/www.ecoledesurfmoliets.com\/es\/producto\/clase-surf-descubrimiento\/","title":{"rendered":"SURF INICIACI\u00d3N"},"content":{"rendered":"<p>En nuestras clases de iniciaci\u00f3n, te introduciremos los conceptos b\u00e1sicos del surf, todo lo que necesitas conocer del equipo y materiales, entender el mar y sentir esa sensaci\u00f3n tan m\u00e1gica de deslizarte junto a las olas.<br \/>\nBajo la supervisi\u00f3n de nuestros monitores cualificados, te ense\u00f1aremos a surfear y progresar a tu propio ritmo en las mejores condiciones y con total seguridad, \u00a1la diversi\u00f3n est\u00e1 asegurada!<\/p>\n<ul>\n<li>\u2022 Clases de surf grupales<\/li>\n<li>\u2022 Para adultos, adolescentes o familias<\/li>\n<li>\u2022 Todo el material incluido (tabla, neopreno, seguro, diploma y souvenir)<\/li>\n<li>\u2022 Grupos m\u00e1ximo 8 personas<\/li>\n<li>\u2022 Edad m\u00ednima: 6 a\u00f1os<\/li>\n<li>\u2022 2 horas de duraci\u00f3n<\/li>\n<\/ul>\n<p class=\"p1\"><span style=\"color: #e2001a;\"><b>\u00a1QUE COMIENCE LA AVENTURA! <a href=\"https:\/\/www.google.com\/maps\/place\/Soonline+surfschool+Moliets+SKATE+SHOP+SURF+BIKE+RENT\/@43.8528653,-1.3920233,17z\/data=!3m1!4b1!4m5!3m4!1s0xd53e366985512c3:0x211b037e6440932c!8m2!3d43.8528653!4d-1.3898346\" target=\"_blank\" rel=\"noopener\">Soonline Moliets<\/a><\/b><\/span><\/p>\n","protected":false},"excerpt":{"rendered":"<p>En nuestras clases de iniciaci\u00f3n, te introduciremos los conceptos b\u00e1sicos del surf, todo lo que necesitas conocer del equipo y materiales, entender el mar y sentir esa sensaci\u00f3n tan m\u00e1gica de deslizarte junto a las olas. Bajo la supervisi\u00f3n de nuestros monitores cualificados, te ense\u00f1aremos a surfear y progresar a tu propio ritmo en las [&hellip;]<\/p>\n","protected":false},"featured_media":14407,"template":"","meta":{"jetpack_post_was_ever_published":false,"jetpack_publicize_message":"","jetpack_publicize_feature_enabled":true,"jetpack_social_post_already_shared":true,"jetpack_social_options":{"image_generator_settings":{"template":"highway","default_image_id":0,"font":"","enabled":false},"version":2}},"product_brand":[],"product_cat":[113],"product_tag":[],"class_list":{"0":"post-5707","1":"product","2":"type-product","3":"status-publish","4":"has-post-thumbnail","6":"product_cat-surf-es","7":"wcpa_has_options","9":"first","10":"instock","11":"purchasable","12":"product-type-variable"},"yoast_head":"<!-- This site is optimized with the Yoast SEO plugin v26.7 - https:\/\/yoast.com\/wordpress\/plugins\/seo\/ -->\n<title>Clases\/Cursos de Surf Descubrimiento | Moliets, Landas | Soonline<\/title>\n<meta name=\"description\" content=\"Escuela de surf con sello &quot;Turismo de Calidad&quot; en Moliets, Landas. Instructores apasionados y calificados \u26a1 Oferta: \u00a1-10% en reservas en l\u00ednea y por tel\u00e9fono!\" \/>\n<meta name=\"robots\" content=\"index, follow, max-snippet:-1, max-image-preview:large, max-video-preview:-1\" \/>\n<link rel=\"canonical\" href=\"https:\/\/www.ecoledesurfmoliets.com\/es\/producto\/clase-surf-descubrimiento\/\" \/>\n<meta property=\"og:locale\" content=\"es_ES\" \/>\n<meta property=\"og:type\" content=\"article\" \/>\n<meta property=\"og:title\" content=\"Clases\/Cursos de Surf Descubrimiento | Moliets, Landas | Soonline\" \/>\n<meta property=\"og:description\" content=\"Escuela de surf con sello &quot;Turismo de Calidad&quot; en Moliets, Landas. Instructores apasionados y calificados \u26a1 Oferta: \u00a1-10% en reservas en l\u00ednea y por tel\u00e9fono!\" \/>\n<meta property=\"og:url\" content=\"https:\/\/www.ecoledesurfmoliets.com\/es\/producto\/clase-surf-descubrimiento\/\" \/>\n<meta property=\"og:site_name\" content=\"Soon Line \u2022 Surf &amp; Skate Moliets\" \/>\n<meta property=\"article:publisher\" content=\"https:\/\/www.facebook.com\/soonlinesurfschoolmoliets\/\" \/>\n<meta property=\"article:modified_time\" content=\"2025-02-17T14:29:28+00:00\" \/>\n<meta property=\"og:image\" content=\"https:\/\/www.ecoledesurfmoliets.com\/wp-content\/uploads\/2023\/03\/cours-surf-debutant-soonline.png\" \/>\n\t<meta property=\"og:image:width\" content=\"500\" \/>\n\t<meta property=\"og:image:height\" content=\"500\" \/>\n\t<meta property=\"og:image:type\" content=\"image\/png\" \/>\n<meta name=\"twitter:card\" content=\"summary_large_image\" \/>\n<meta name=\"twitter:label1\" content=\"Tiempo de lectura\" \/>\n\t<meta name=\"twitter:data1\" content=\"1 minuto\" \/>\n<script type=\"application\/ld+json\" class=\"yoast-schema-graph\">{\"@context\":\"https:\/\/schema.org\",\"@graph\":[{\"@type\":\"WebPage\",\"@id\":\"https:\/\/www.ecoledesurfmoliets.com\/es\/producto\/clase-surf-descubrimiento\/\",\"url\":\"https:\/\/www.ecoledesurfmoliets.com\/es\/producto\/clase-surf-descubrimiento\/\",\"name\":\"Clases\/Cursos de Surf Descubrimiento | Moliets, Landas | Soonline\",\"isPartOf\":{\"@id\":\"https:\/\/www.ecoledesurfmoliets.com\/#website\"},\"primaryImageOfPage\":{\"@id\":\"https:\/\/www.ecoledesurfmoliets.com\/es\/producto\/clase-surf-descubrimiento\/#primaryimage\"},\"image\":{\"@id\":\"https:\/\/www.ecoledesurfmoliets.com\/es\/producto\/clase-surf-descubrimiento\/#primaryimage\"},\"thumbnailUrl\":\"https:\/\/i0.wp.com\/www.ecoledesurfmoliets.com\/wp-content\/uploads\/2023\/03\/cours-surf-debutant-soonline.png?fit=500%2C500&ssl=1\",\"datePublished\":\"2019-01-01T14:28:45+00:00\",\"dateModified\":\"2025-02-17T14:29:28+00:00\",\"description\":\"Escuela de surf con sello \\\"Turismo de Calidad\\\" en Moliets, Landas. Instructores apasionados y calificados \u26a1 Oferta: \u00a1-10% en reservas en l\u00ednea y por tel\u00e9fono!\",\"breadcrumb\":{\"@id\":\"https:\/\/www.ecoledesurfmoliets.com\/es\/producto\/clase-surf-descubrimiento\/#breadcrumb\"},\"inLanguage\":\"es\",\"potentialAction\":[{\"@type\":\"ReadAction\",\"target\":[\"https:\/\/www.ecoledesurfmoliets.com\/es\/producto\/clase-surf-descubrimiento\/\"]}]},{\"@type\":\"ImageObject\",\"inLanguage\":\"es\",\"@id\":\"https:\/\/www.ecoledesurfmoliets.com\/es\/producto\/clase-surf-descubrimiento\/#primaryimage\",\"url\":\"https:\/\/i0.wp.com\/www.ecoledesurfmoliets.com\/wp-content\/uploads\/2023\/03\/cours-surf-debutant-soonline.png?fit=500%2C500&ssl=1\",\"contentUrl\":\"https:\/\/i0.wp.com\/www.ecoledesurfmoliets.com\/wp-content\/uploads\/2023\/03\/cours-surf-debutant-soonline.png?fit=500%2C500&ssl=1\",\"width\":500,\"height\":500,\"caption\":\"Cours de surf d\u00e9butant Soonline\"},{\"@type\":\"BreadcrumbList\",\"@id\":\"https:\/\/www.ecoledesurfmoliets.com\/es\/producto\/clase-surf-descubrimiento\/#breadcrumb\",\"itemListElement\":[{\"@type\":\"ListItem\",\"position\":1,\"name\":\"Accueil\",\"item\":\"https:\/\/www.ecoledesurfmoliets.com\/es\/\"},{\"@type\":\"ListItem\",\"position\":2,\"name\":\"Tienda\",\"item\":\"https:\/\/www.ecoledesurfmoliets.com\/shop\/\"},{\"@type\":\"ListItem\",\"position\":3,\"name\":\"SURF INICIACI\u00d3N\"}]},{\"@type\":\"WebSite\",\"@id\":\"https:\/\/www.ecoledesurfmoliets.com\/#website\",\"url\":\"https:\/\/www.ecoledesurfmoliets.com\/\",\"name\":\"Soon Line \u2022 Surf &amp; Skate Moliets\",\"description\":\"Surf &amp; Skate School Moliets\",\"publisher\":{\"@id\":\"https:\/\/www.ecoledesurfmoliets.com\/#organization\"},\"potentialAction\":[{\"@type\":\"SearchAction\",\"target\":{\"@type\":\"EntryPoint\",\"urlTemplate\":\"https:\/\/www.ecoledesurfmoliets.com\/?s={search_term_string}\"},\"query-input\":{\"@type\":\"PropertyValueSpecification\",\"valueRequired\":true,\"valueName\":\"search_term_string\"}}],\"inLanguage\":\"es\"},{\"@type\":\"Organization\",\"@id\":\"https:\/\/www.ecoledesurfmoliets.com\/#organization\",\"name\":\"Soonline Surf School Moliets\",\"url\":\"https:\/\/www.ecoledesurfmoliets.com\/\",\"logo\":{\"@type\":\"ImageObject\",\"inLanguage\":\"es\",\"@id\":\"https:\/\/www.ecoledesurfmoliets.com\/#\/schema\/logo\/image\/\",\"url\":\"https:\/\/i0.wp.com\/www.ecoledesurfmoliets.com\/wp-content\/uploads\/2017\/02\/soonline-logo-wit.jpg?fit=280%2C280&ssl=1\",\"contentUrl\":\"https:\/\/i0.wp.com\/www.ecoledesurfmoliets.com\/wp-content\/uploads\/2017\/02\/soonline-logo-wit.jpg?fit=280%2C280&ssl=1\",\"width\":280,\"height\":280,\"caption\":\"Soonline Surf School Moliets\"},\"image\":{\"@id\":\"https:\/\/www.ecoledesurfmoliets.com\/#\/schema\/logo\/image\/\"},\"sameAs\":[\"https:\/\/www.facebook.com\/soonlinesurfschoolmoliets\/\",\"https:\/\/www.instagram.com\/soonlinesurfschoolmoliets\/\",\"https:\/\/www.pinterest.fr\/surfschool_soonline\/\",\"https:\/\/www.youtube.com\/channel\/UCUCunR8ikD_XWSbkrbt8kLw\"]}]}<\/script>\n<!-- \/ Yoast SEO plugin. -->","yoast_head_json":{"title":"Clases\/Cursos de Surf Descubrimiento | Moliets, Landas | Soonline","description":"Escuela de surf con sello \"Turismo de Calidad\" en Moliets, Landas. Instructores apasionados y calificados \u26a1 Oferta: \u00a1-10% en reservas en l\u00ednea y por tel\u00e9fono!","robots":{"index":"index","follow":"follow","max-snippet":"max-snippet:-1","max-image-preview":"max-image-preview:large","max-video-preview":"max-video-preview:-1"},"canonical":"https:\/\/www.ecoledesurfmoliets.com\/es\/producto\/clase-surf-descubrimiento\/","og_locale":"es_ES","og_type":"article","og_title":"Clases\/Cursos de Surf Descubrimiento | Moliets, Landas | Soonline","og_description":"Escuela de surf con sello \"Turismo de Calidad\" en Moliets, Landas. Instructores apasionados y calificados \u26a1 Oferta: \u00a1-10% en reservas en l\u00ednea y por tel\u00e9fono!","og_url":"https:\/\/www.ecoledesurfmoliets.com\/es\/producto\/clase-surf-descubrimiento\/","og_site_name":"Soon Line \u2022 Surf &amp; Skate Moliets","article_publisher":"https:\/\/www.facebook.com\/soonlinesurfschoolmoliets\/","article_modified_time":"2025-02-17T14:29:28+00:00","og_image":[{"width":500,"height":500,"url":"https:\/\/www.ecoledesurfmoliets.com\/wp-content\/uploads\/2023\/03\/cours-surf-debutant-soonline.png","type":"image\/png"}],"twitter_card":"summary_large_image","twitter_misc":{"Tiempo de lectura":"1 minuto"},"schema":{"@context":"https:\/\/schema.org","@graph":[{"@type":"WebPage","@id":"https:\/\/www.ecoledesurfmoliets.com\/es\/producto\/clase-surf-descubrimiento\/","url":"https:\/\/www.ecoledesurfmoliets.com\/es\/producto\/clase-surf-descubrimiento\/","name":"Clases\/Cursos de Surf Descubrimiento | Moliets, Landas | Soonline","isPartOf":{"@id":"https:\/\/www.ecoledesurfmoliets.com\/#website"},"primaryImageOfPage":{"@id":"https:\/\/www.ecoledesurfmoliets.com\/es\/producto\/clase-surf-descubrimiento\/#primaryimage"},"image":{"@id":"https:\/\/www.ecoledesurfmoliets.com\/es\/producto\/clase-surf-descubrimiento\/#primaryimage"},"thumbnailUrl":"https:\/\/i0.wp.com\/www.ecoledesurfmoliets.com\/wp-content\/uploads\/2023\/03\/cours-surf-debutant-soonline.png?fit=500%2C500&ssl=1","datePublished":"2019-01-01T14:28:45+00:00","dateModified":"2025-02-17T14:29:28+00:00","description":"Escuela de surf con sello \"Turismo de Calidad\" en Moliets, Landas. Instructores apasionados y calificados \u26a1 Oferta: \u00a1-10% en reservas en l\u00ednea y por tel\u00e9fono!","breadcrumb":{"@id":"https:\/\/www.ecoledesurfmoliets.com\/es\/producto\/clase-surf-descubrimiento\/#breadcrumb"},"inLanguage":"es","potentialAction":[{"@type":"ReadAction","target":["https:\/\/www.ecoledesurfmoliets.com\/es\/producto\/clase-surf-descubrimiento\/"]}]},{"@type":"ImageObject","inLanguage":"es","@id":"https:\/\/www.ecoledesurfmoliets.com\/es\/producto\/clase-surf-descubrimiento\/#primaryimage","url":"https:\/\/i0.wp.com\/www.ecoledesurfmoliets.com\/wp-content\/uploads\/2023\/03\/cours-surf-debutant-soonline.png?fit=500%2C500&ssl=1","contentUrl":"https:\/\/i0.wp.com\/www.ecoledesurfmoliets.com\/wp-content\/uploads\/2023\/03\/cours-surf-debutant-soonline.png?fit=500%2C500&ssl=1","width":500,"height":500,"caption":"Cours de surf d\u00e9butant Soonline"},{"@type":"BreadcrumbList","@id":"https:\/\/www.ecoledesurfmoliets.com\/es\/producto\/clase-surf-descubrimiento\/#breadcrumb","itemListElement":[{"@type":"ListItem","position":1,"name":"Accueil","item":"https:\/\/www.ecoledesurfmoliets.com\/es\/"},{"@type":"ListItem","position":2,"name":"Tienda","item":"https:\/\/www.ecoledesurfmoliets.com\/shop\/"},{"@type":"ListItem","position":3,"name":"SURF INICIACI\u00d3N"}]},{"@type":"WebSite","@id":"https:\/\/www.ecoledesurfmoliets.com\/#website","url":"https:\/\/www.ecoledesurfmoliets.com\/","name":"Soon Line \u2022 Surf &amp; Skate Moliets","description":"Surf &amp; Skate School Moliets","publisher":{"@id":"https:\/\/www.ecoledesurfmoliets.com\/#organization"},"potentialAction":[{"@type":"SearchAction","target":{"@type":"EntryPoint","urlTemplate":"https:\/\/www.ecoledesurfmoliets.com\/?s={search_term_string}"},"query-input":{"@type":"PropertyValueSpecification","valueRequired":true,"valueName":"search_term_string"}}],"inLanguage":"es"},{"@type":"Organization","@id":"https:\/\/www.ecoledesurfmoliets.com\/#organization","name":"Soonline Surf School Moliets","url":"https:\/\/www.ecoledesurfmoliets.com\/","logo":{"@type":"ImageObject","inLanguage":"es","@id":"https:\/\/www.ecoledesurfmoliets.com\/#\/schema\/logo\/image\/","url":"https:\/\/i0.wp.com\/www.ecoledesurfmoliets.com\/wp-content\/uploads\/2017\/02\/soonline-logo-wit.jpg?fit=280%2C280&ssl=1","contentUrl":"https:\/\/i0.wp.com\/www.ecoledesurfmoliets.com\/wp-content\/uploads\/2017\/02\/soonline-logo-wit.jpg?fit=280%2C280&ssl=1","width":280,"height":280,"caption":"Soonline Surf School Moliets"},"image":{"@id":"https:\/\/www.ecoledesurfmoliets.com\/#\/schema\/logo\/image\/"},"sameAs":["https:\/\/www.facebook.com\/soonlinesurfschoolmoliets\/","https:\/\/www.instagram.com\/soonlinesurfschoolmoliets\/","https:\/\/www.pinterest.fr\/surfschool_soonline\/","https:\/\/www.youtube.com\/channel\/UCUCunR8ikD_XWSbkrbt8kLw"]}]}},"jetpack_publicize_connections":[],"jetpack_sharing_enabled":true,"_links":{"self":[{"href":"https:\/\/www.ecoledesurfmoliets.com\/es\/wp-json\/wp\/v2\/product\/5707","targetHints":{"allow":["GET"]}}],"collection":[{"href":"https:\/\/www.ecoledesurfmoliets.com\/es\/wp-json\/wp\/v2\/product"}],"about":[{"href":"https:\/\/www.ecoledesurfmoliets.com\/es\/wp-json\/wp\/v2\/types\/product"}],"wp:featuredmedia":[{"embeddable":true,"href":"https:\/\/www.ecoledesurfmoliets.com\/es\/wp-json\/wp\/v2\/media\/14407"}],"wp:attachment":[{"href":"https:\/\/www.ecoledesurfmoliets.com\/es\/wp-json\/wp\/v2\/media?parent=5707"}],"wp:term":[{"taxonomy":"product_brand","embeddable":true,"href":"https:\/\/www.ecoledesurfmoliets.com\/es\/wp-json\/wp\/v2\/product_brand?post=5707"},{"taxonomy":"product_cat","embeddable":true,"href":"https:\/\/www.ecoledesurfmoliets.com\/es\/wp-json\/wp\/v2\/product_cat?post=5707"},{"taxonomy":"product_tag","embeddable":true,"href":"https:\/\/www.ecoledesurfmoliets.com\/es\/wp-json\/wp\/v2\/product_tag?post=5707"}],"curies":[{"name":"wp","href":"https:\/\/api.w.org\/{rel}","templated":true}]}}