{"id":5647,"date":"2019-01-29T14:04:41","date_gmt":"2019-01-29T14:04:41","guid":{"rendered":"https:\/\/www.ecoledesurfmoliets.com\/product\/skateboard-street-parc\/"},"modified":"2024-12-12T17:51:34","modified_gmt":"2024-12-12T17:51:34","slug":"skateboard-street-parc","status":"publish","type":"product","link":"https:\/\/www.ecoledesurfmoliets.com\/es\/producto\/skateboard-street-parc\/","title":{"rendered":"CLASES DE SKATE"},"content":{"rendered":"<p>Las clases de skate se llevan a cabo en alguno de los diferentes skateparks que hay en los alrededores de Moliets, que cuentan con diversos m\u00f3dulos, rampas, bowls y circuitos, esta diversidad hace posible que podamos ense\u00f1aros desde lo m\u00e1s b\u00e1sico a lo m\u00e1s t\u00e9cnico de este deporte.<\/p>\n<p>Hay m\u00f3dulos y bowls para todos los gustos y niveles. Nuestro instructor de skate os dar\u00e1 consejos personalizados para que progres\u00e9is lo m\u00e1s r\u00e1pido posible.<\/p>\n<p>\u2022 Para todas las edades desde los 5 a los 99 a\u00f1os<br \/>\n\u2022 Para todos los niveles<br \/>\n\u2022 Para adultos, adolescentes o familias<br \/>\n\u2022 Grupos de m\u00e1ximo 8 personas.<br \/>\n\u2022 2 horas de duraci\u00f3n<br \/>\n\u2022 Todo incluido (material, protecciones, transporte y seguro)<br \/>\n\u2022 Curso certificado<br \/>\n\u2022 Souvenir de la escuela<br \/>\n\u2022 No olvides traer zapatillas deportivas, agua y crema solar.<\/p>\n<p>Tarifas:<\/p>\n<p>1 clase (1 x 2h) &#8211; 39 \u20ac por persona<br \/>\n3 clases (3 x 2h) &#8211; 115 \u20ac por persona<br \/>\n5 clases (5 x 2h) &#8211; 159 \u20ac por persona<br \/>\nClase extra &#8211; 35 \u20ac por persona<\/p>\n<p><span style=\"color: #e2001a;\"><b>\u00a1Que empiece la aventura!<\/b><\/span><\/p>\n","protected":false},"excerpt":{"rendered":"<p>Las clases de skate se llevan a cabo en alguno de los diferentes skateparks que hay en los alrededores de Moliets, que cuentan con diversos m\u00f3dulos, rampas, bowls y circuitos, esta diversidad hace posible que podamos ense\u00f1aros desde lo m\u00e1s b\u00e1sico a lo m\u00e1s t\u00e9cnico de este deporte. Hay m\u00f3dulos y bowls para todos los [&hellip;]<\/p>\n","protected":false},"featured_media":12119,"template":"","meta":{"jetpack_post_was_ever_published":false,"jetpack_publicize_message":"","jetpack_publicize_feature_enabled":true,"jetpack_social_post_already_shared":true,"jetpack_social_options":{"image_generator_settings":{"template":"highway","default_image_id":0,"font":"","enabled":false},"version":2}},"product_brand":[],"product_cat":[110],"product_tag":[],"class_list":{"0":"post-5647","1":"product","2":"type-product","3":"status-publish","4":"has-post-thumbnail","6":"product_cat-skate-es","7":"wcpa_has_options","9":"first","10":"instock","11":"taxable","12":"shipping-taxable","13":"purchasable","14":"product-type-variable"},"yoast_head":"<!-- This site is optimized with the Yoast SEO plugin v26.7 - https:\/\/yoast.com\/wordpress\/plugins\/seo\/ -->\n<title>Clases\/Cursos de Skate: Street | Moliets, Landas | Soonline<\/title>\n<meta name=\"description\" content=\"Escuela de skate con sello &quot;Turismo de Calidad&quot; en Moliets, Landas. Instructores apasionados y calificados \u26a1 Oferta: \u00a1-10% en reservas en l\u00ednea y por tel\u00e9fono!\" \/>\n<meta name=\"robots\" content=\"index, follow, max-snippet:-1, max-image-preview:large, max-video-preview:-1\" \/>\n<link rel=\"canonical\" href=\"https:\/\/www.ecoledesurfmoliets.com\/es\/producto\/skateboard-street-parc\/\" \/>\n<meta property=\"og:locale\" content=\"es_ES\" \/>\n<meta property=\"og:type\" content=\"article\" \/>\n<meta property=\"og:title\" content=\"Clases\/Cursos de Skate: Street | Moliets, Landas | Soonline\" \/>\n<meta property=\"og:description\" content=\"Escuela de skate con sello &quot;Turismo de Calidad&quot; en Moliets, Landas. Instructores apasionados y calificados \u26a1 Oferta: \u00a1-10% en reservas en l\u00ednea y por tel\u00e9fono!\" \/>\n<meta property=\"og:url\" content=\"https:\/\/www.ecoledesurfmoliets.com\/es\/producto\/skateboard-street-parc\/\" \/>\n<meta property=\"og:site_name\" content=\"Soon Line \u2022 Surf &amp; Skate Moliets\" \/>\n<meta property=\"article:publisher\" content=\"https:\/\/www.facebook.com\/soonlinesurfschoolmoliets\/\" \/>\n<meta property=\"article:modified_time\" content=\"2024-12-12T17:51:34+00:00\" \/>\n<meta property=\"og:image\" content=\"https:\/\/www.ecoledesurfmoliets.com\/wp-content\/uploads\/2019\/01\/Ecole-de-surf-Moliets-Landes-SOONLINE-surf-school-cours-et-stages-surf-et-skate-Moliets-et-Maa-4-Mojophoto.jpg\" \/>\n\t<meta property=\"og:image:width\" content=\"796\" \/>\n\t<meta property=\"og:image:height\" content=\"1175\" \/>\n\t<meta property=\"og:image:type\" content=\"image\/jpeg\" \/>\n<meta name=\"twitter:card\" content=\"summary_large_image\" \/>\n<meta name=\"twitter:label1\" content=\"Tiempo de lectura\" \/>\n\t<meta name=\"twitter:data1\" content=\"2 minutos\" \/>\n<script type=\"application\/ld+json\" class=\"yoast-schema-graph\">{\"@context\":\"https:\/\/schema.org\",\"@graph\":[{\"@type\":\"WebPage\",\"@id\":\"https:\/\/www.ecoledesurfmoliets.com\/es\/producto\/skateboard-street-parc\/\",\"url\":\"https:\/\/www.ecoledesurfmoliets.com\/es\/producto\/skateboard-street-parc\/\",\"name\":\"Clases\/Cursos de Skate: Street | Moliets, Landas | Soonline\",\"isPartOf\":{\"@id\":\"https:\/\/www.ecoledesurfmoliets.com\/#website\"},\"primaryImageOfPage\":{\"@id\":\"https:\/\/www.ecoledesurfmoliets.com\/es\/producto\/skateboard-street-parc\/#primaryimage\"},\"image\":{\"@id\":\"https:\/\/www.ecoledesurfmoliets.com\/es\/producto\/skateboard-street-parc\/#primaryimage\"},\"thumbnailUrl\":\"https:\/\/i0.wp.com\/www.ecoledesurfmoliets.com\/wp-content\/uploads\/2019\/01\/Ecole-de-surf-Moliets-Landes-SOONLINE-surf-school-cours-et-stages-surf-et-skate-Moliets-et-Maa-4-Mojophoto.jpg?fit=796%2C1175&ssl=1\",\"datePublished\":\"2019-01-29T14:04:41+00:00\",\"dateModified\":\"2024-12-12T17:51:34+00:00\",\"description\":\"Escuela de skate con sello \\\"Turismo de Calidad\\\" en Moliets, Landas. Instructores apasionados y calificados \u26a1 Oferta: \u00a1-10% en reservas en l\u00ednea y por tel\u00e9fono!\",\"breadcrumb\":{\"@id\":\"https:\/\/www.ecoledesurfmoliets.com\/es\/producto\/skateboard-street-parc\/#breadcrumb\"},\"inLanguage\":\"es\",\"potentialAction\":[{\"@type\":\"ReadAction\",\"target\":[\"https:\/\/www.ecoledesurfmoliets.com\/es\/producto\/skateboard-street-parc\/\"]}]},{\"@type\":\"ImageObject\",\"inLanguage\":\"es\",\"@id\":\"https:\/\/www.ecoledesurfmoliets.com\/es\/producto\/skateboard-street-parc\/#primaryimage\",\"url\":\"https:\/\/i0.wp.com\/www.ecoledesurfmoliets.com\/wp-content\/uploads\/2019\/01\/Ecole-de-surf-Moliets-Landes-SOONLINE-surf-school-cours-et-stages-surf-et-skate-Moliets-et-Maa-4-Mojophoto.jpg?fit=796%2C1175&ssl=1\",\"contentUrl\":\"https:\/\/i0.wp.com\/www.ecoledesurfmoliets.com\/wp-content\/uploads\/2019\/01\/Ecole-de-surf-Moliets-Landes-SOONLINE-surf-school-cours-et-stages-surf-et-skate-Moliets-et-Maa-4-Mojophoto.jpg?fit=796%2C1175&ssl=1\",\"width\":796,\"height\":1175,\"caption\":\"Skateboard Street\"},{\"@type\":\"BreadcrumbList\",\"@id\":\"https:\/\/www.ecoledesurfmoliets.com\/es\/producto\/skateboard-street-parc\/#breadcrumb\",\"itemListElement\":[{\"@type\":\"ListItem\",\"position\":1,\"name\":\"Accueil\",\"item\":\"https:\/\/www.ecoledesurfmoliets.com\/es\/\"},{\"@type\":\"ListItem\",\"position\":2,\"name\":\"Tienda\",\"item\":\"https:\/\/www.ecoledesurfmoliets.com\/shop\/\"},{\"@type\":\"ListItem\",\"position\":3,\"name\":\"CLASES DE SKATE\"}]},{\"@type\":\"WebSite\",\"@id\":\"https:\/\/www.ecoledesurfmoliets.com\/#website\",\"url\":\"https:\/\/www.ecoledesurfmoliets.com\/\",\"name\":\"Soon Line \u2022 Surf &amp; Skate Moliets\",\"description\":\"Surf &amp; Skate School Moliets\",\"publisher\":{\"@id\":\"https:\/\/www.ecoledesurfmoliets.com\/#organization\"},\"potentialAction\":[{\"@type\":\"SearchAction\",\"target\":{\"@type\":\"EntryPoint\",\"urlTemplate\":\"https:\/\/www.ecoledesurfmoliets.com\/?s={search_term_string}\"},\"query-input\":{\"@type\":\"PropertyValueSpecification\",\"valueRequired\":true,\"valueName\":\"search_term_string\"}}],\"inLanguage\":\"es\"},{\"@type\":\"Organization\",\"@id\":\"https:\/\/www.ecoledesurfmoliets.com\/#organization\",\"name\":\"Soonline Surf School Moliets\",\"url\":\"https:\/\/www.ecoledesurfmoliets.com\/\",\"logo\":{\"@type\":\"ImageObject\",\"inLanguage\":\"es\",\"@id\":\"https:\/\/www.ecoledesurfmoliets.com\/#\/schema\/logo\/image\/\",\"url\":\"https:\/\/i0.wp.com\/www.ecoledesurfmoliets.com\/wp-content\/uploads\/2017\/02\/soonline-logo-wit.jpg?fit=280%2C280&ssl=1\",\"contentUrl\":\"https:\/\/i0.wp.com\/www.ecoledesurfmoliets.com\/wp-content\/uploads\/2017\/02\/soonline-logo-wit.jpg?fit=280%2C280&ssl=1\",\"width\":280,\"height\":280,\"caption\":\"Soonline Surf School Moliets\"},\"image\":{\"@id\":\"https:\/\/www.ecoledesurfmoliets.com\/#\/schema\/logo\/image\/\"},\"sameAs\":[\"https:\/\/www.facebook.com\/soonlinesurfschoolmoliets\/\",\"https:\/\/www.instagram.com\/soonlinesurfschoolmoliets\/\",\"https:\/\/www.pinterest.fr\/surfschool_soonline\/\",\"https:\/\/www.youtube.com\/channel\/UCUCunR8ikD_XWSbkrbt8kLw\"]}]}<\/script>\n<!-- \/ Yoast SEO plugin. -->","yoast_head_json":{"title":"Clases\/Cursos de Skate: Street | Moliets, Landas | Soonline","description":"Escuela de skate con sello \"Turismo de Calidad\" en Moliets, Landas. Instructores apasionados y calificados \u26a1 Oferta: \u00a1-10% en reservas en l\u00ednea y por tel\u00e9fono!","robots":{"index":"index","follow":"follow","max-snippet":"max-snippet:-1","max-image-preview":"max-image-preview:large","max-video-preview":"max-video-preview:-1"},"canonical":"https:\/\/www.ecoledesurfmoliets.com\/es\/producto\/skateboard-street-parc\/","og_locale":"es_ES","og_type":"article","og_title":"Clases\/Cursos de Skate: Street | Moliets, Landas | Soonline","og_description":"Escuela de skate con sello \"Turismo de Calidad\" en Moliets, Landas. Instructores apasionados y calificados \u26a1 Oferta: \u00a1-10% en reservas en l\u00ednea y por tel\u00e9fono!","og_url":"https:\/\/www.ecoledesurfmoliets.com\/es\/producto\/skateboard-street-parc\/","og_site_name":"Soon Line \u2022 Surf &amp; Skate Moliets","article_publisher":"https:\/\/www.facebook.com\/soonlinesurfschoolmoliets\/","article_modified_time":"2024-12-12T17:51:34+00:00","og_image":[{"width":796,"height":1175,"url":"https:\/\/www.ecoledesurfmoliets.com\/wp-content\/uploads\/2019\/01\/Ecole-de-surf-Moliets-Landes-SOONLINE-surf-school-cours-et-stages-surf-et-skate-Moliets-et-Maa-4-Mojophoto.jpg","type":"image\/jpeg"}],"twitter_card":"summary_large_image","twitter_misc":{"Tiempo de lectura":"2 minutos"},"schema":{"@context":"https:\/\/schema.org","@graph":[{"@type":"WebPage","@id":"https:\/\/www.ecoledesurfmoliets.com\/es\/producto\/skateboard-street-parc\/","url":"https:\/\/www.ecoledesurfmoliets.com\/es\/producto\/skateboard-street-parc\/","name":"Clases\/Cursos de Skate: Street | Moliets, Landas | Soonline","isPartOf":{"@id":"https:\/\/www.ecoledesurfmoliets.com\/#website"},"primaryImageOfPage":{"@id":"https:\/\/www.ecoledesurfmoliets.com\/es\/producto\/skateboard-street-parc\/#primaryimage"},"image":{"@id":"https:\/\/www.ecoledesurfmoliets.com\/es\/producto\/skateboard-street-parc\/#primaryimage"},"thumbnailUrl":"https:\/\/i0.wp.com\/www.ecoledesurfmoliets.com\/wp-content\/uploads\/2019\/01\/Ecole-de-surf-Moliets-Landes-SOONLINE-surf-school-cours-et-stages-surf-et-skate-Moliets-et-Maa-4-Mojophoto.jpg?fit=796%2C1175&ssl=1","datePublished":"2019-01-29T14:04:41+00:00","dateModified":"2024-12-12T17:51:34+00:00","description":"Escuela de skate con sello \"Turismo de Calidad\" en Moliets, Landas. Instructores apasionados y calificados \u26a1 Oferta: \u00a1-10% en reservas en l\u00ednea y por tel\u00e9fono!","breadcrumb":{"@id":"https:\/\/www.ecoledesurfmoliets.com\/es\/producto\/skateboard-street-parc\/#breadcrumb"},"inLanguage":"es","potentialAction":[{"@type":"ReadAction","target":["https:\/\/www.ecoledesurfmoliets.com\/es\/producto\/skateboard-street-parc\/"]}]},{"@type":"ImageObject","inLanguage":"es","@id":"https:\/\/www.ecoledesurfmoliets.com\/es\/producto\/skateboard-street-parc\/#primaryimage","url":"https:\/\/i0.wp.com\/www.ecoledesurfmoliets.com\/wp-content\/uploads\/2019\/01\/Ecole-de-surf-Moliets-Landes-SOONLINE-surf-school-cours-et-stages-surf-et-skate-Moliets-et-Maa-4-Mojophoto.jpg?fit=796%2C1175&ssl=1","contentUrl":"https:\/\/i0.wp.com\/www.ecoledesurfmoliets.com\/wp-content\/uploads\/2019\/01\/Ecole-de-surf-Moliets-Landes-SOONLINE-surf-school-cours-et-stages-surf-et-skate-Moliets-et-Maa-4-Mojophoto.jpg?fit=796%2C1175&ssl=1","width":796,"height":1175,"caption":"Skateboard Street"},{"@type":"BreadcrumbList","@id":"https:\/\/www.ecoledesurfmoliets.com\/es\/producto\/skateboard-street-parc\/#breadcrumb","itemListElement":[{"@type":"ListItem","position":1,"name":"Accueil","item":"https:\/\/www.ecoledesurfmoliets.com\/es\/"},{"@type":"ListItem","position":2,"name":"Tienda","item":"https:\/\/www.ecoledesurfmoliets.com\/shop\/"},{"@type":"ListItem","position":3,"name":"CLASES DE SKATE"}]},{"@type":"WebSite","@id":"https:\/\/www.ecoledesurfmoliets.com\/#website","url":"https:\/\/www.ecoledesurfmoliets.com\/","name":"Soon Line \u2022 Surf &amp; Skate Moliets","description":"Surf &amp; Skate School Moliets","publisher":{"@id":"https:\/\/www.ecoledesurfmoliets.com\/#organization"},"potentialAction":[{"@type":"SearchAction","target":{"@type":"EntryPoint","urlTemplate":"https:\/\/www.ecoledesurfmoliets.com\/?s={search_term_string}"},"query-input":{"@type":"PropertyValueSpecification","valueRequired":true,"valueName":"search_term_string"}}],"inLanguage":"es"},{"@type":"Organization","@id":"https:\/\/www.ecoledesurfmoliets.com\/#organization","name":"Soonline Surf School Moliets","url":"https:\/\/www.ecoledesurfmoliets.com\/","logo":{"@type":"ImageObject","inLanguage":"es","@id":"https:\/\/www.ecoledesurfmoliets.com\/#\/schema\/logo\/image\/","url":"https:\/\/i0.wp.com\/www.ecoledesurfmoliets.com\/wp-content\/uploads\/2017\/02\/soonline-logo-wit.jpg?fit=280%2C280&ssl=1","contentUrl":"https:\/\/i0.wp.com\/www.ecoledesurfmoliets.com\/wp-content\/uploads\/2017\/02\/soonline-logo-wit.jpg?fit=280%2C280&ssl=1","width":280,"height":280,"caption":"Soonline Surf School Moliets"},"image":{"@id":"https:\/\/www.ecoledesurfmoliets.com\/#\/schema\/logo\/image\/"},"sameAs":["https:\/\/www.facebook.com\/soonlinesurfschoolmoliets\/","https:\/\/www.instagram.com\/soonlinesurfschoolmoliets\/","https:\/\/www.pinterest.fr\/surfschool_soonline\/","https:\/\/www.youtube.com\/channel\/UCUCunR8ikD_XWSbkrbt8kLw"]}]}},"jetpack_publicize_connections":[],"jetpack_sharing_enabled":true,"_links":{"self":[{"href":"https:\/\/www.ecoledesurfmoliets.com\/es\/wp-json\/wp\/v2\/product\/5647","targetHints":{"allow":["GET"]}}],"collection":[{"href":"https:\/\/www.ecoledesurfmoliets.com\/es\/wp-json\/wp\/v2\/product"}],"about":[{"href":"https:\/\/www.ecoledesurfmoliets.com\/es\/wp-json\/wp\/v2\/types\/product"}],"wp:featuredmedia":[{"embeddable":true,"href":"https:\/\/www.ecoledesurfmoliets.com\/es\/wp-json\/wp\/v2\/media\/12119"}],"wp:attachment":[{"href":"https:\/\/www.ecoledesurfmoliets.com\/es\/wp-json\/wp\/v2\/media?parent=5647"}],"wp:term":[{"taxonomy":"product_brand","embeddable":true,"href":"https:\/\/www.ecoledesurfmoliets.com\/es\/wp-json\/wp\/v2\/product_brand?post=5647"},{"taxonomy":"product_cat","embeddable":true,"href":"https:\/\/www.ecoledesurfmoliets.com\/es\/wp-json\/wp\/v2\/product_cat?post=5647"},{"taxonomy":"product_tag","embeddable":true,"href":"https:\/\/www.ecoledesurfmoliets.com\/es\/wp-json\/wp\/v2\/product_tag?post=5647"}],"curies":[{"name":"wp","href":"https:\/\/api.w.org\/{rel}","templated":true}]}}