{"id":5612,"date":"2019-01-30T10:40:34","date_gmt":"2019-01-30T10:40:34","guid":{"rendered":"https:\/\/www.ecoledesurfmoliets.com\/product\/skate-le-weekend\/"},"modified":"2024-12-12T13:55:36","modified_gmt":"2024-12-12T13:55:36","slug":"skate-fin-de-semana","status":"publish","type":"product","link":"https:\/\/www.ecoledesurfmoliets.com\/es\/producto\/skate-fin-de-semana\/","title":{"rendered":"SKATE FIN DE SEMANA"},"content":{"rendered":"<p>Con este pack ofrecemos 2 clases grupales durante el fin de semana de 2 horas cada una (2 x 2h), ya sea en el skatepark o en los interminables carriles bici con el longboard o cruiser, lo que t\u00fa prefieras.<\/p>\n<p>Tambi\u00e9n ofrecemos un pack de clases + alquiler durante el fin de semana, para que puedas seguir patinando fuera de las clases y disfrutes todo el tiempo posible de este deporte. <\/p>\n<p>Puedes encontrar las tarifas de nuestros alquileres aqu\u00ed o contactar con nosotros con cualquier duda que tengas.<\/p>\n<p>\u2022 Desde los 5 a\u00f1os hasta los 99 a\u00f1os y m\u00e1s<br \/>\n\u2022 Para todas las edades desde los 5 a los 99 a\u00f1os<br \/>\n\u2022 Para todos los niveles y estilos<br \/>\n\u2022 Para ni\u00f1os, adolescentes y adultos<br \/>\n\u2022 Grupos de m\u00ednimo 3 personas y m\u00e1ximo 8<br \/>\n\u2022 2 horas de duraci\u00f3n cada clase (2 x 2h)<br \/>\n\u2022 Todo incluido (material, protecciones, transporte y seguro)<br \/>\n\u2022 Curso certificado<br \/>\n\u2022 Souvenir de la escuela<br \/>\n\u2022 No olvides traer zapatillas deportivas, agua y crema solar.<\/p>\n","protected":false},"excerpt":{"rendered":"<p>Con este pack ofrecemos 2 clases grupales durante el fin de semana de 2 horas cada una (2 x 2h), ya sea en el skatepark o en los interminables carriles bici con el longboard o cruiser, lo que t\u00fa prefieras. Tambi\u00e9n ofrecemos un pack de clases + alquiler durante el fin de semana, para que [&hellip;]<\/p>\n","protected":false},"featured_media":18495,"template":"","meta":{"jetpack_post_was_ever_published":false,"jetpack_publicize_message":"","jetpack_publicize_feature_enabled":true,"jetpack_social_post_already_shared":true,"jetpack_social_options":{"image_generator_settings":{"template":"highway","default_image_id":0,"font":"","enabled":false},"version":2}},"product_brand":[],"product_cat":[110],"product_tag":[],"class_list":{"0":"post-5612","1":"product","2":"type-product","3":"status-publish","4":"has-post-thumbnail","6":"product_cat-skate-es","7":"wcpa_has_options","9":"first","10":"instock","11":"taxable","12":"shipping-taxable","13":"purchasable","14":"product-type-variable"},"yoast_head":"<!-- This site is optimized with the Yoast SEO plugin v26.7 - https:\/\/yoast.com\/wordpress\/plugins\/seo\/ -->\n<title>Clases\/Cursos de Skate: Weekend | Moliets, Landas | Soonline<\/title>\n<meta name=\"description\" content=\"Escuela de skate con sello &quot;Turismo de Calidad&quot; en Moliets, Landas. Instructores apasionados y calificados \u26a1 Oferta: \u00a1-10% en reservas en l\u00ednea y por tel\u00e9fono!\" \/>\n<meta name=\"robots\" content=\"index, follow, max-snippet:-1, max-image-preview:large, max-video-preview:-1\" \/>\n<link rel=\"canonical\" href=\"https:\/\/www.ecoledesurfmoliets.com\/es\/producto\/skate-fin-de-semana\/\" \/>\n<meta property=\"og:locale\" content=\"es_ES\" \/>\n<meta property=\"og:type\" content=\"article\" \/>\n<meta property=\"og:title\" content=\"Clases\/Cursos de Skate: Weekend | Moliets, Landas | Soonline\" \/>\n<meta property=\"og:description\" content=\"Escuela de skate con sello &quot;Turismo de Calidad&quot; en Moliets, Landas. Instructores apasionados y calificados \u26a1 Oferta: \u00a1-10% en reservas en l\u00ednea y por tel\u00e9fono!\" \/>\n<meta property=\"og:url\" content=\"https:\/\/www.ecoledesurfmoliets.com\/es\/producto\/skate-fin-de-semana\/\" \/>\n<meta property=\"og:site_name\" content=\"Soon Line \u2022 Surf &amp; Skate Moliets\" \/>\n<meta property=\"article:publisher\" content=\"https:\/\/www.facebook.com\/soonlinesurfschoolmoliets\/\" \/>\n<meta property=\"article:modified_time\" content=\"2024-12-12T13:55:36+00:00\" \/>\n<meta property=\"og:image\" content=\"https:\/\/www.ecoledesurfmoliets.com\/wp-content\/uploads\/2019\/01\/skateboard-weekend-soon-line.png\" \/>\n\t<meta property=\"og:image:width\" content=\"799\" \/>\n\t<meta property=\"og:image:height\" content=\"799\" \/>\n\t<meta property=\"og:image:type\" content=\"image\/png\" \/>\n<meta name=\"twitter:card\" content=\"summary_large_image\" \/>\n<meta name=\"twitter:label1\" content=\"Tiempo de lectura\" \/>\n\t<meta name=\"twitter:data1\" content=\"2 minutos\" \/>\n<script type=\"application\/ld+json\" class=\"yoast-schema-graph\">{\"@context\":\"https:\/\/schema.org\",\"@graph\":[{\"@type\":\"WebPage\",\"@id\":\"https:\/\/www.ecoledesurfmoliets.com\/es\/producto\/skate-fin-de-semana\/\",\"url\":\"https:\/\/www.ecoledesurfmoliets.com\/es\/producto\/skate-fin-de-semana\/\",\"name\":\"Clases\/Cursos de Skate: Weekend | Moliets, Landas | Soonline\",\"isPartOf\":{\"@id\":\"https:\/\/www.ecoledesurfmoliets.com\/#website\"},\"primaryImageOfPage\":{\"@id\":\"https:\/\/www.ecoledesurfmoliets.com\/es\/producto\/skate-fin-de-semana\/#primaryimage\"},\"image\":{\"@id\":\"https:\/\/www.ecoledesurfmoliets.com\/es\/producto\/skate-fin-de-semana\/#primaryimage\"},\"thumbnailUrl\":\"https:\/\/i0.wp.com\/www.ecoledesurfmoliets.com\/wp-content\/uploads\/2025\/01\/cours-skate-weekend-soonline.png?fit=500%2C500&ssl=1\",\"datePublished\":\"2019-01-30T10:40:34+00:00\",\"dateModified\":\"2024-12-12T13:55:36+00:00\",\"description\":\"Escuela de skate con sello \\\"Turismo de Calidad\\\" en Moliets, Landas. Instructores apasionados y calificados \u26a1 Oferta: \u00a1-10% en reservas en l\u00ednea y por tel\u00e9fono!\",\"breadcrumb\":{\"@id\":\"https:\/\/www.ecoledesurfmoliets.com\/es\/producto\/skate-fin-de-semana\/#breadcrumb\"},\"inLanguage\":\"es\",\"potentialAction\":[{\"@type\":\"ReadAction\",\"target\":[\"https:\/\/www.ecoledesurfmoliets.com\/es\/producto\/skate-fin-de-semana\/\"]}]},{\"@type\":\"ImageObject\",\"inLanguage\":\"es\",\"@id\":\"https:\/\/www.ecoledesurfmoliets.com\/es\/producto\/skate-fin-de-semana\/#primaryimage\",\"url\":\"https:\/\/i0.wp.com\/www.ecoledesurfmoliets.com\/wp-content\/uploads\/2025\/01\/cours-skate-weekend-soonline.png?fit=500%2C500&ssl=1\",\"contentUrl\":\"https:\/\/i0.wp.com\/www.ecoledesurfmoliets.com\/wp-content\/uploads\/2025\/01\/cours-skate-weekend-soonline.png?fit=500%2C500&ssl=1\",\"width\":500,\"height\":500},{\"@type\":\"BreadcrumbList\",\"@id\":\"https:\/\/www.ecoledesurfmoliets.com\/es\/producto\/skate-fin-de-semana\/#breadcrumb\",\"itemListElement\":[{\"@type\":\"ListItem\",\"position\":1,\"name\":\"Accueil\",\"item\":\"https:\/\/www.ecoledesurfmoliets.com\/es\/\"},{\"@type\":\"ListItem\",\"position\":2,\"name\":\"Tienda\",\"item\":\"https:\/\/www.ecoledesurfmoliets.com\/shop\/\"},{\"@type\":\"ListItem\",\"position\":3,\"name\":\"SKATE FIN DE SEMANA\"}]},{\"@type\":\"WebSite\",\"@id\":\"https:\/\/www.ecoledesurfmoliets.com\/#website\",\"url\":\"https:\/\/www.ecoledesurfmoliets.com\/\",\"name\":\"Soon Line \u2022 Surf &amp; Skate Moliets\",\"description\":\"Surf &amp; Skate School Moliets\",\"publisher\":{\"@id\":\"https:\/\/www.ecoledesurfmoliets.com\/#organization\"},\"potentialAction\":[{\"@type\":\"SearchAction\",\"target\":{\"@type\":\"EntryPoint\",\"urlTemplate\":\"https:\/\/www.ecoledesurfmoliets.com\/?s={search_term_string}\"},\"query-input\":{\"@type\":\"PropertyValueSpecification\",\"valueRequired\":true,\"valueName\":\"search_term_string\"}}],\"inLanguage\":\"es\"},{\"@type\":\"Organization\",\"@id\":\"https:\/\/www.ecoledesurfmoliets.com\/#organization\",\"name\":\"Soonline Surf School Moliets\",\"url\":\"https:\/\/www.ecoledesurfmoliets.com\/\",\"logo\":{\"@type\":\"ImageObject\",\"inLanguage\":\"es\",\"@id\":\"https:\/\/www.ecoledesurfmoliets.com\/#\/schema\/logo\/image\/\",\"url\":\"https:\/\/i0.wp.com\/www.ecoledesurfmoliets.com\/wp-content\/uploads\/2017\/02\/soonline-logo-wit.jpg?fit=280%2C280&ssl=1\",\"contentUrl\":\"https:\/\/i0.wp.com\/www.ecoledesurfmoliets.com\/wp-content\/uploads\/2017\/02\/soonline-logo-wit.jpg?fit=280%2C280&ssl=1\",\"width\":280,\"height\":280,\"caption\":\"Soonline Surf School Moliets\"},\"image\":{\"@id\":\"https:\/\/www.ecoledesurfmoliets.com\/#\/schema\/logo\/image\/\"},\"sameAs\":[\"https:\/\/www.facebook.com\/soonlinesurfschoolmoliets\/\",\"https:\/\/www.instagram.com\/soonlinesurfschoolmoliets\/\",\"https:\/\/www.pinterest.fr\/surfschool_soonline\/\",\"https:\/\/www.youtube.com\/channel\/UCUCunR8ikD_XWSbkrbt8kLw\"]}]}<\/script>\n<!-- \/ Yoast SEO plugin. -->","yoast_head_json":{"title":"Clases\/Cursos de Skate: Weekend | Moliets, Landas | Soonline","description":"Escuela de skate con sello \"Turismo de Calidad\" en Moliets, Landas. Instructores apasionados y calificados \u26a1 Oferta: \u00a1-10% en reservas en l\u00ednea y por tel\u00e9fono!","robots":{"index":"index","follow":"follow","max-snippet":"max-snippet:-1","max-image-preview":"max-image-preview:large","max-video-preview":"max-video-preview:-1"},"canonical":"https:\/\/www.ecoledesurfmoliets.com\/es\/producto\/skate-fin-de-semana\/","og_locale":"es_ES","og_type":"article","og_title":"Clases\/Cursos de Skate: Weekend | Moliets, Landas | Soonline","og_description":"Escuela de skate con sello \"Turismo de Calidad\" en Moliets, Landas. Instructores apasionados y calificados \u26a1 Oferta: \u00a1-10% en reservas en l\u00ednea y por tel\u00e9fono!","og_url":"https:\/\/www.ecoledesurfmoliets.com\/es\/producto\/skate-fin-de-semana\/","og_site_name":"Soon Line \u2022 Surf &amp; Skate Moliets","article_publisher":"https:\/\/www.facebook.com\/soonlinesurfschoolmoliets\/","article_modified_time":"2024-12-12T13:55:36+00:00","og_image":[{"width":799,"height":799,"url":"https:\/\/www.ecoledesurfmoliets.com\/wp-content\/uploads\/2019\/01\/skateboard-weekend-soon-line.png","type":"image\/png"}],"twitter_card":"summary_large_image","twitter_misc":{"Tiempo de lectura":"2 minutos"},"schema":{"@context":"https:\/\/schema.org","@graph":[{"@type":"WebPage","@id":"https:\/\/www.ecoledesurfmoliets.com\/es\/producto\/skate-fin-de-semana\/","url":"https:\/\/www.ecoledesurfmoliets.com\/es\/producto\/skate-fin-de-semana\/","name":"Clases\/Cursos de Skate: Weekend | Moliets, Landas | Soonline","isPartOf":{"@id":"https:\/\/www.ecoledesurfmoliets.com\/#website"},"primaryImageOfPage":{"@id":"https:\/\/www.ecoledesurfmoliets.com\/es\/producto\/skate-fin-de-semana\/#primaryimage"},"image":{"@id":"https:\/\/www.ecoledesurfmoliets.com\/es\/producto\/skate-fin-de-semana\/#primaryimage"},"thumbnailUrl":"https:\/\/i0.wp.com\/www.ecoledesurfmoliets.com\/wp-content\/uploads\/2025\/01\/cours-skate-weekend-soonline.png?fit=500%2C500&ssl=1","datePublished":"2019-01-30T10:40:34+00:00","dateModified":"2024-12-12T13:55:36+00:00","description":"Escuela de skate con sello \"Turismo de Calidad\" en Moliets, Landas. Instructores apasionados y calificados \u26a1 Oferta: \u00a1-10% en reservas en l\u00ednea y por tel\u00e9fono!","breadcrumb":{"@id":"https:\/\/www.ecoledesurfmoliets.com\/es\/producto\/skate-fin-de-semana\/#breadcrumb"},"inLanguage":"es","potentialAction":[{"@type":"ReadAction","target":["https:\/\/www.ecoledesurfmoliets.com\/es\/producto\/skate-fin-de-semana\/"]}]},{"@type":"ImageObject","inLanguage":"es","@id":"https:\/\/www.ecoledesurfmoliets.com\/es\/producto\/skate-fin-de-semana\/#primaryimage","url":"https:\/\/i0.wp.com\/www.ecoledesurfmoliets.com\/wp-content\/uploads\/2025\/01\/cours-skate-weekend-soonline.png?fit=500%2C500&ssl=1","contentUrl":"https:\/\/i0.wp.com\/www.ecoledesurfmoliets.com\/wp-content\/uploads\/2025\/01\/cours-skate-weekend-soonline.png?fit=500%2C500&ssl=1","width":500,"height":500},{"@type":"BreadcrumbList","@id":"https:\/\/www.ecoledesurfmoliets.com\/es\/producto\/skate-fin-de-semana\/#breadcrumb","itemListElement":[{"@type":"ListItem","position":1,"name":"Accueil","item":"https:\/\/www.ecoledesurfmoliets.com\/es\/"},{"@type":"ListItem","position":2,"name":"Tienda","item":"https:\/\/www.ecoledesurfmoliets.com\/shop\/"},{"@type":"ListItem","position":3,"name":"SKATE FIN DE SEMANA"}]},{"@type":"WebSite","@id":"https:\/\/www.ecoledesurfmoliets.com\/#website","url":"https:\/\/www.ecoledesurfmoliets.com\/","name":"Soon Line \u2022 Surf &amp; Skate Moliets","description":"Surf &amp; Skate School Moliets","publisher":{"@id":"https:\/\/www.ecoledesurfmoliets.com\/#organization"},"potentialAction":[{"@type":"SearchAction","target":{"@type":"EntryPoint","urlTemplate":"https:\/\/www.ecoledesurfmoliets.com\/?s={search_term_string}"},"query-input":{"@type":"PropertyValueSpecification","valueRequired":true,"valueName":"search_term_string"}}],"inLanguage":"es"},{"@type":"Organization","@id":"https:\/\/www.ecoledesurfmoliets.com\/#organization","name":"Soonline Surf School Moliets","url":"https:\/\/www.ecoledesurfmoliets.com\/","logo":{"@type":"ImageObject","inLanguage":"es","@id":"https:\/\/www.ecoledesurfmoliets.com\/#\/schema\/logo\/image\/","url":"https:\/\/i0.wp.com\/www.ecoledesurfmoliets.com\/wp-content\/uploads\/2017\/02\/soonline-logo-wit.jpg?fit=280%2C280&ssl=1","contentUrl":"https:\/\/i0.wp.com\/www.ecoledesurfmoliets.com\/wp-content\/uploads\/2017\/02\/soonline-logo-wit.jpg?fit=280%2C280&ssl=1","width":280,"height":280,"caption":"Soonline Surf School Moliets"},"image":{"@id":"https:\/\/www.ecoledesurfmoliets.com\/#\/schema\/logo\/image\/"},"sameAs":["https:\/\/www.facebook.com\/soonlinesurfschoolmoliets\/","https:\/\/www.instagram.com\/soonlinesurfschoolmoliets\/","https:\/\/www.pinterest.fr\/surfschool_soonline\/","https:\/\/www.youtube.com\/channel\/UCUCunR8ikD_XWSbkrbt8kLw"]}]}},"jetpack_publicize_connections":[],"jetpack_sharing_enabled":true,"_links":{"self":[{"href":"https:\/\/www.ecoledesurfmoliets.com\/es\/wp-json\/wp\/v2\/product\/5612","targetHints":{"allow":["GET"]}}],"collection":[{"href":"https:\/\/www.ecoledesurfmoliets.com\/es\/wp-json\/wp\/v2\/product"}],"about":[{"href":"https:\/\/www.ecoledesurfmoliets.com\/es\/wp-json\/wp\/v2\/types\/product"}],"wp:featuredmedia":[{"embeddable":true,"href":"https:\/\/www.ecoledesurfmoliets.com\/es\/wp-json\/wp\/v2\/media\/18495"}],"wp:attachment":[{"href":"https:\/\/www.ecoledesurfmoliets.com\/es\/wp-json\/wp\/v2\/media?parent=5612"}],"wp:term":[{"taxonomy":"product_brand","embeddable":true,"href":"https:\/\/www.ecoledesurfmoliets.com\/es\/wp-json\/wp\/v2\/product_brand?post=5612"},{"taxonomy":"product_cat","embeddable":true,"href":"https:\/\/www.ecoledesurfmoliets.com\/es\/wp-json\/wp\/v2\/product_cat?post=5612"},{"taxonomy":"product_tag","embeddable":true,"href":"https:\/\/www.ecoledesurfmoliets.com\/es\/wp-json\/wp\/v2\/product_tag?post=5612"}],"curies":[{"name":"wp","href":"https:\/\/api.w.org\/{rel}","templated":true}]}}