{"id":9192,"date":"2020-06-24T11:51:41","date_gmt":"2020-06-24T11:51:43","guid":{"rendered":"https:\/\/www.ecoledesurfmoliets.com\/?post_type=product&#038;p=9192"},"modified":"2023-12-27T08:43:56","modified_gmt":"2023-12-27T08:43:56","slug":"angebot-grosen-fruhling-landes-surfkurs","status":"publish","type":"product","link":"https:\/\/www.ecoledesurfmoliets.com\/de\/produkt\/angebot-grosen-fruhling-landes-surfkurs\/","title":{"rendered":"ANGEBOT &#8222;GRO\u00dfEN FR\u00dcHLING LANDES&#8220; SURFKURS"},"content":{"rendered":"<p><span style=\"text-decoration: underline;\"><strong>Jeden Montag und Samstag<\/strong><\/span> w\u00e4hrend des Grand Printemps des Landes (<strong style=\"color: red;\">20. M\u00e4rz bis 21 <\/strong>), der Surfschule Soonline, als Mitglied von <a href=\"https:\/\/www.tourismelandes.com\/activite\/soon-line-surf-school-moliets-ascaqu040fs001ma\/\" target=\"_blank\" rel=\"follow noopener noreferrer\">Surfen in den Landes<\/a> mit dem Label <strong>Qualit\u00e4tstourismus<\/strong> bietet Ihnen einen Einf\u00fchrungskurs f\u00fcr <strong>25 \u20ac.<\/strong><\/p>\n<p>Die perfekte Gelegenheit, um endlich loszulegen!<\/p>\n<ul>\n<li>\u2022 Gruppen-Surfunterricht<\/li>\n<li>\u2022 Max. 8 Personen<\/li>\n<li>\u2022 Alles inklusive (Ausr\u00fcstung, Versicherung)<\/li>\n<li>\u2022 Offen f\u00fcr alle<\/li>\n<li>\u2022 Dauer 1h\/ 1h30<\/li>\n<\/ul>\n","protected":false},"excerpt":{"rendered":"<p>Jeden Montag und Samstag w\u00e4hrend des Grand Printemps des Landes (20. M\u00e4rz bis 21 ), der Surfschule Soonline, als Mitglied von Surfen in den Landes mit dem Label Qualit\u00e4tstourismus bietet Ihnen einen Einf\u00fchrungskurs f\u00fcr 25 \u20ac. Die perfekte Gelegenheit, um endlich loszulegen! \u2022 Gruppen-Surfunterricht \u2022 Max. 8 Personen \u2022 Alles inklusive (Ausr\u00fcstung, Versicherung) \u2022 Offen [&hellip;]<\/p>\n","protected":false},"featured_media":15768,"template":"","meta":{"jetpack_post_was_ever_published":false,"jetpack_publicize_message":"","jetpack_publicize_feature_enabled":true,"jetpack_social_post_already_shared":true,"jetpack_social_options":{"image_generator_settings":{"template":"highway","default_image_id":0,"font":"","enabled":false},"version":2}},"product_brand":[],"product_cat":[150],"product_tag":[],"class_list":{"0":"post-9192","1":"product","2":"type-product","3":"status-publish","4":"has-post-thumbnail","6":"product_cat-uncategorized-de","7":"wcpa_has_options","9":"first","10":"instock","11":"taxable","12":"shipping-taxable","13":"purchasable","14":"product-type-simple"},"yoast_head":"<!-- This site is optimized with the Yoast SEO plugin v26.7 - https:\/\/yoast.com\/wordpress\/plugins\/seo\/ -->\n<title>Angebot Surfstunde &amp; Kurs: 25\u20ac | Moliets, Landes | Soonline<\/title>\n<meta name=\"description\" content=\"Surfunterricht &amp; Kurse in Moliets Strand. Surfschule, alle Ebenen, Privat &amp; Gruppen. Zertifizierte Instruktoren. Mietung &amp; Laden \u26a1 Angebot -10% alle Online Buchung!\" \/>\n<meta name=\"robots\" content=\"index, follow, max-snippet:-1, max-image-preview:large, max-video-preview:-1\" \/>\n<link rel=\"canonical\" href=\"https:\/\/www.ecoledesurfmoliets.com\/de\/produkt\/angebot-grosen-fruhling-landes-surfkurs\/\" \/>\n<meta property=\"og:locale\" content=\"de_DE\" \/>\n<meta property=\"og:type\" content=\"article\" \/>\n<meta property=\"og:title\" content=\"Angebot Surfstunde &amp; Kurs: 25\u20ac | Moliets, Landes | Soonline\" \/>\n<meta property=\"og:description\" content=\"Surfunterricht &amp; Kurse in Moliets Strand. Surfschule, alle Ebenen, Privat &amp; Gruppen. Zertifizierte Instruktoren. Mietung &amp; Laden \u26a1 Angebot -10% alle Online Buchung!\" \/>\n<meta property=\"og:url\" content=\"https:\/\/www.ecoledesurfmoliets.com\/de\/produkt\/angebot-grosen-fruhling-landes-surfkurs\/\" \/>\n<meta property=\"og:site_name\" content=\"Soon Line \u2022 Surf &amp; Skate Moliets\" \/>\n<meta property=\"article:publisher\" content=\"https:\/\/www.facebook.com\/soonlinesurfschoolmoliets\/\" \/>\n<meta property=\"article:modified_time\" content=\"2023-12-27T08:43:56+00:00\" \/>\n<meta property=\"og:image\" content=\"https:\/\/www.ecoledesurfmoliets.com\/wp-content\/uploads\/2023\/12\/cours-surf-printemps.png\" \/>\n\t<meta property=\"og:image:width\" content=\"500\" \/>\n\t<meta property=\"og:image:height\" content=\"500\" \/>\n\t<meta property=\"og:image:type\" content=\"image\/png\" \/>\n<meta name=\"twitter:card\" content=\"summary_large_image\" \/>\n<meta name=\"twitter:label1\" content=\"Gesch\u00e4tzte Lesezeit\" \/>\n\t<meta name=\"twitter:data1\" content=\"1 Minute\" \/>\n<script type=\"application\/ld+json\" class=\"yoast-schema-graph\">{\"@context\":\"https:\/\/schema.org\",\"@graph\":[{\"@type\":\"WebPage\",\"@id\":\"https:\/\/www.ecoledesurfmoliets.com\/de\/produkt\/angebot-grosen-fruhling-landes-surfkurs\/\",\"url\":\"https:\/\/www.ecoledesurfmoliets.com\/de\/produkt\/angebot-grosen-fruhling-landes-surfkurs\/\",\"name\":\"Angebot Surfstunde & Kurs: 25\u20ac | Moliets, Landes | Soonline\",\"isPartOf\":{\"@id\":\"https:\/\/www.ecoledesurfmoliets.com\/#website\"},\"primaryImageOfPage\":{\"@id\":\"https:\/\/www.ecoledesurfmoliets.com\/de\/produkt\/angebot-grosen-fruhling-landes-surfkurs\/#primaryimage\"},\"image\":{\"@id\":\"https:\/\/www.ecoledesurfmoliets.com\/de\/produkt\/angebot-grosen-fruhling-landes-surfkurs\/#primaryimage\"},\"thumbnailUrl\":\"https:\/\/i0.wp.com\/www.ecoledesurfmoliets.com\/wp-content\/uploads\/2023\/12\/cours-surf-printemps.png?fit=500%2C500&ssl=1\",\"datePublished\":\"2020-06-24T11:51:43+00:00\",\"dateModified\":\"2023-12-27T08:43:56+00:00\",\"description\":\"Surfunterricht & Kurse in Moliets Strand. Surfschule, alle Ebenen, Privat & Gruppen. Zertifizierte Instruktoren. Mietung & Laden \u26a1 Angebot -10% alle Online Buchung!\",\"breadcrumb\":{\"@id\":\"https:\/\/www.ecoledesurfmoliets.com\/de\/produkt\/angebot-grosen-fruhling-landes-surfkurs\/#breadcrumb\"},\"inLanguage\":\"de-DE\",\"potentialAction\":[{\"@type\":\"ReadAction\",\"target\":[\"https:\/\/www.ecoledesurfmoliets.com\/de\/produkt\/angebot-grosen-fruhling-landes-surfkurs\/\"]}]},{\"@type\":\"ImageObject\",\"inLanguage\":\"de-DE\",\"@id\":\"https:\/\/www.ecoledesurfmoliets.com\/de\/produkt\/angebot-grosen-fruhling-landes-surfkurs\/#primaryimage\",\"url\":\"https:\/\/i0.wp.com\/www.ecoledesurfmoliets.com\/wp-content\/uploads\/2023\/12\/cours-surf-printemps.png?fit=500%2C500&ssl=1\",\"contentUrl\":\"https:\/\/i0.wp.com\/www.ecoledesurfmoliets.com\/wp-content\/uploads\/2023\/12\/cours-surf-printemps.png?fit=500%2C500&ssl=1\",\"width\":500,\"height\":500,\"caption\":\"SURF PRINTEMPS\"},{\"@type\":\"BreadcrumbList\",\"@id\":\"https:\/\/www.ecoledesurfmoliets.com\/de\/produkt\/angebot-grosen-fruhling-landes-surfkurs\/#breadcrumb\",\"itemListElement\":[{\"@type\":\"ListItem\",\"position\":1,\"name\":\"Accueil\",\"item\":\"https:\/\/www.ecoledesurfmoliets.com\/de\/\"},{\"@type\":\"ListItem\",\"position\":2,\"name\":\"Shop\",\"item\":\"https:\/\/www.ecoledesurfmoliets.com\/de\/shop\/\"},{\"@type\":\"ListItem\",\"position\":3,\"name\":\"ANGEBOT \u00ab\u00a0GRO\u00dfEN FR\u00dcHLING LANDES\u00a0\u00bb SURFKURS\"}]},{\"@type\":\"WebSite\",\"@id\":\"https:\/\/www.ecoledesurfmoliets.com\/#website\",\"url\":\"https:\/\/www.ecoledesurfmoliets.com\/\",\"name\":\"Soon Line \u2022 Surf &amp; Skate Moliets\",\"description\":\"Surf &amp; Skate School Moliets\",\"publisher\":{\"@id\":\"https:\/\/www.ecoledesurfmoliets.com\/#organization\"},\"potentialAction\":[{\"@type\":\"SearchAction\",\"target\":{\"@type\":\"EntryPoint\",\"urlTemplate\":\"https:\/\/www.ecoledesurfmoliets.com\/?s={search_term_string}\"},\"query-input\":{\"@type\":\"PropertyValueSpecification\",\"valueRequired\":true,\"valueName\":\"search_term_string\"}}],\"inLanguage\":\"de-DE\"},{\"@type\":\"Organization\",\"@id\":\"https:\/\/www.ecoledesurfmoliets.com\/#organization\",\"name\":\"Soonline Surf School Moliets\",\"url\":\"https:\/\/www.ecoledesurfmoliets.com\/\",\"logo\":{\"@type\":\"ImageObject\",\"inLanguage\":\"de-DE\",\"@id\":\"https:\/\/www.ecoledesurfmoliets.com\/#\/schema\/logo\/image\/\",\"url\":\"https:\/\/i0.wp.com\/www.ecoledesurfmoliets.com\/wp-content\/uploads\/2017\/02\/soonline-logo-wit.jpg?fit=280%2C280&ssl=1\",\"contentUrl\":\"https:\/\/i0.wp.com\/www.ecoledesurfmoliets.com\/wp-content\/uploads\/2017\/02\/soonline-logo-wit.jpg?fit=280%2C280&ssl=1\",\"width\":280,\"height\":280,\"caption\":\"Soonline Surf School Moliets\"},\"image\":{\"@id\":\"https:\/\/www.ecoledesurfmoliets.com\/#\/schema\/logo\/image\/\"},\"sameAs\":[\"https:\/\/www.facebook.com\/soonlinesurfschoolmoliets\/\",\"https:\/\/www.instagram.com\/soonlinesurfschoolmoliets\/\",\"https:\/\/www.pinterest.fr\/surfschool_soonline\/\",\"https:\/\/www.youtube.com\/channel\/UCUCunR8ikD_XWSbkrbt8kLw\"]}]}<\/script>\n<!-- \/ Yoast SEO plugin. -->","yoast_head_json":{"title":"Angebot Surfstunde & Kurs: 25\u20ac | Moliets, Landes | Soonline","description":"Surfunterricht & Kurse in Moliets Strand. Surfschule, alle Ebenen, Privat & Gruppen. Zertifizierte Instruktoren. Mietung & Laden \u26a1 Angebot -10% alle Online Buchung!","robots":{"index":"index","follow":"follow","max-snippet":"max-snippet:-1","max-image-preview":"max-image-preview:large","max-video-preview":"max-video-preview:-1"},"canonical":"https:\/\/www.ecoledesurfmoliets.com\/de\/produkt\/angebot-grosen-fruhling-landes-surfkurs\/","og_locale":"de_DE","og_type":"article","og_title":"Angebot Surfstunde & Kurs: 25\u20ac | Moliets, Landes | Soonline","og_description":"Surfunterricht & Kurse in Moliets Strand. Surfschule, alle Ebenen, Privat & Gruppen. Zertifizierte Instruktoren. Mietung & Laden \u26a1 Angebot -10% alle Online Buchung!","og_url":"https:\/\/www.ecoledesurfmoliets.com\/de\/produkt\/angebot-grosen-fruhling-landes-surfkurs\/","og_site_name":"Soon Line \u2022 Surf &amp; Skate Moliets","article_publisher":"https:\/\/www.facebook.com\/soonlinesurfschoolmoliets\/","article_modified_time":"2023-12-27T08:43:56+00:00","og_image":[{"width":500,"height":500,"url":"https:\/\/www.ecoledesurfmoliets.com\/wp-content\/uploads\/2023\/12\/cours-surf-printemps.png","type":"image\/png"}],"twitter_card":"summary_large_image","twitter_misc":{"Gesch\u00e4tzte Lesezeit":"1 Minute"},"schema":{"@context":"https:\/\/schema.org","@graph":[{"@type":"WebPage","@id":"https:\/\/www.ecoledesurfmoliets.com\/de\/produkt\/angebot-grosen-fruhling-landes-surfkurs\/","url":"https:\/\/www.ecoledesurfmoliets.com\/de\/produkt\/angebot-grosen-fruhling-landes-surfkurs\/","name":"Angebot Surfstunde & Kurs: 25\u20ac | Moliets, Landes | Soonline","isPartOf":{"@id":"https:\/\/www.ecoledesurfmoliets.com\/#website"},"primaryImageOfPage":{"@id":"https:\/\/www.ecoledesurfmoliets.com\/de\/produkt\/angebot-grosen-fruhling-landes-surfkurs\/#primaryimage"},"image":{"@id":"https:\/\/www.ecoledesurfmoliets.com\/de\/produkt\/angebot-grosen-fruhling-landes-surfkurs\/#primaryimage"},"thumbnailUrl":"https:\/\/i0.wp.com\/www.ecoledesurfmoliets.com\/wp-content\/uploads\/2023\/12\/cours-surf-printemps.png?fit=500%2C500&ssl=1","datePublished":"2020-06-24T11:51:43+00:00","dateModified":"2023-12-27T08:43:56+00:00","description":"Surfunterricht & Kurse in Moliets Strand. Surfschule, alle Ebenen, Privat & Gruppen. Zertifizierte Instruktoren. Mietung & Laden \u26a1 Angebot -10% alle Online Buchung!","breadcrumb":{"@id":"https:\/\/www.ecoledesurfmoliets.com\/de\/produkt\/angebot-grosen-fruhling-landes-surfkurs\/#breadcrumb"},"inLanguage":"de-DE","potentialAction":[{"@type":"ReadAction","target":["https:\/\/www.ecoledesurfmoliets.com\/de\/produkt\/angebot-grosen-fruhling-landes-surfkurs\/"]}]},{"@type":"ImageObject","inLanguage":"de-DE","@id":"https:\/\/www.ecoledesurfmoliets.com\/de\/produkt\/angebot-grosen-fruhling-landes-surfkurs\/#primaryimage","url":"https:\/\/i0.wp.com\/www.ecoledesurfmoliets.com\/wp-content\/uploads\/2023\/12\/cours-surf-printemps.png?fit=500%2C500&ssl=1","contentUrl":"https:\/\/i0.wp.com\/www.ecoledesurfmoliets.com\/wp-content\/uploads\/2023\/12\/cours-surf-printemps.png?fit=500%2C500&ssl=1","width":500,"height":500,"caption":"SURF PRINTEMPS"},{"@type":"BreadcrumbList","@id":"https:\/\/www.ecoledesurfmoliets.com\/de\/produkt\/angebot-grosen-fruhling-landes-surfkurs\/#breadcrumb","itemListElement":[{"@type":"ListItem","position":1,"name":"Accueil","item":"https:\/\/www.ecoledesurfmoliets.com\/de\/"},{"@type":"ListItem","position":2,"name":"Shop","item":"https:\/\/www.ecoledesurfmoliets.com\/de\/shop\/"},{"@type":"ListItem","position":3,"name":"ANGEBOT \u00ab\u00a0GRO\u00dfEN FR\u00dcHLING LANDES\u00a0\u00bb SURFKURS"}]},{"@type":"WebSite","@id":"https:\/\/www.ecoledesurfmoliets.com\/#website","url":"https:\/\/www.ecoledesurfmoliets.com\/","name":"Soon Line \u2022 Surf &amp; Skate Moliets","description":"Surf &amp; Skate School Moliets","publisher":{"@id":"https:\/\/www.ecoledesurfmoliets.com\/#organization"},"potentialAction":[{"@type":"SearchAction","target":{"@type":"EntryPoint","urlTemplate":"https:\/\/www.ecoledesurfmoliets.com\/?s={search_term_string}"},"query-input":{"@type":"PropertyValueSpecification","valueRequired":true,"valueName":"search_term_string"}}],"inLanguage":"de-DE"},{"@type":"Organization","@id":"https:\/\/www.ecoledesurfmoliets.com\/#organization","name":"Soonline Surf School Moliets","url":"https:\/\/www.ecoledesurfmoliets.com\/","logo":{"@type":"ImageObject","inLanguage":"de-DE","@id":"https:\/\/www.ecoledesurfmoliets.com\/#\/schema\/logo\/image\/","url":"https:\/\/i0.wp.com\/www.ecoledesurfmoliets.com\/wp-content\/uploads\/2017\/02\/soonline-logo-wit.jpg?fit=280%2C280&ssl=1","contentUrl":"https:\/\/i0.wp.com\/www.ecoledesurfmoliets.com\/wp-content\/uploads\/2017\/02\/soonline-logo-wit.jpg?fit=280%2C280&ssl=1","width":280,"height":280,"caption":"Soonline Surf School Moliets"},"image":{"@id":"https:\/\/www.ecoledesurfmoliets.com\/#\/schema\/logo\/image\/"},"sameAs":["https:\/\/www.facebook.com\/soonlinesurfschoolmoliets\/","https:\/\/www.instagram.com\/soonlinesurfschoolmoliets\/","https:\/\/www.pinterest.fr\/surfschool_soonline\/","https:\/\/www.youtube.com\/channel\/UCUCunR8ikD_XWSbkrbt8kLw"]}]}},"jetpack_publicize_connections":[],"jetpack_sharing_enabled":true,"_links":{"self":[{"href":"https:\/\/www.ecoledesurfmoliets.com\/de\/wp-json\/wp\/v2\/product\/9192","targetHints":{"allow":["GET"]}}],"collection":[{"href":"https:\/\/www.ecoledesurfmoliets.com\/de\/wp-json\/wp\/v2\/product"}],"about":[{"href":"https:\/\/www.ecoledesurfmoliets.com\/de\/wp-json\/wp\/v2\/types\/product"}],"wp:featuredmedia":[{"embeddable":true,"href":"https:\/\/www.ecoledesurfmoliets.com\/de\/wp-json\/wp\/v2\/media\/15768"}],"wp:attachment":[{"href":"https:\/\/www.ecoledesurfmoliets.com\/de\/wp-json\/wp\/v2\/media?parent=9192"}],"wp:term":[{"taxonomy":"product_brand","embeddable":true,"href":"https:\/\/www.ecoledesurfmoliets.com\/de\/wp-json\/wp\/v2\/product_brand?post=9192"},{"taxonomy":"product_cat","embeddable":true,"href":"https:\/\/www.ecoledesurfmoliets.com\/de\/wp-json\/wp\/v2\/product_cat?post=9192"},{"taxonomy":"product_tag","embeddable":true,"href":"https:\/\/www.ecoledesurfmoliets.com\/de\/wp-json\/wp\/v2\/product_tag?post=9192"}],"curies":[{"name":"wp","href":"https:\/\/api.w.org\/{rel}","templated":true}]}}