{"id":8210,"date":"2020-03-18T12:43:16","date_gmt":"2020-03-18T12:43:16","guid":{"rendered":"https:\/\/www.ecoledesurfmoliets.com\/product\/elektrobike\/"},"modified":"2024-04-10T16:26:05","modified_gmt":"2024-04-10T16:26:05","slug":"elektrobike","status":"publish","type":"product","link":"https:\/\/www.ecoledesurfmoliets.com\/de\/produkt\/elektrobike\/","title":{"rendered":"Elektrobike"},"content":{"rendered":"<p>\u2022 Diebstahlschutz inklusive<br \/>\n\u2022 Kinderhelm auf Anfrage<br \/>\n\u2022 Lieferung von Fahrr\u00e4dern (ab 50 \u20ac)<br \/>\n\u2022 Pannenhilfe<br \/>\n\u2022 Elastische Spanner auf Anfrage<br \/>\n\u2022 Diebstahl- \/ Bruchgarantie ab 1 \u20ac<\/p>\n","protected":false},"excerpt":{"rendered":"<p><a href=\"https:\/\/ecoledesurfmoliets.com\/wp-content\/uploads\/2018\/01\/A4-conditions-location.pdf\">Zu den Allgemeinen Gesch\u00e4ftsbedingungen.<\/a><\/p>\n","protected":false},"featured_media":8386,"template":"","meta":{"jetpack_post_was_ever_published":false,"jetpack_publicize_message":"","jetpack_publicize_feature_enabled":true,"jetpack_social_post_already_shared":true,"jetpack_social_options":{"image_generator_settings":{"template":"highway","default_image_id":0,"font":"","enabled":false},"version":2}},"product_brand":[],"product_cat":[45],"product_tag":[],"class_list":{"0":"post-8210","1":"product","2":"type-product","3":"status-publish","4":"has-post-thumbnail","6":"product_cat-uncategorized","7":"wcpa_has_options","9":"first","10":"instock","11":"taxable","12":"shipping-taxable","13":"purchasable","14":"product-type-variable"},"yoast_head":"<!-- This site is optimized with the Yoast SEO plugin v26.7 - https:\/\/yoast.com\/wordpress\/plugins\/seo\/ -->\n<title>Fahrradverleih: Elektrobike | Moliets, Landes | Soonline<\/title>\n<meta name=\"description\" content=\"Gesch\u00e4ft Surf, Skate, Fahr\u00e4d, Tourismus Qualit\u00e4t in Moliets Strand, Landes Soonline Schule, Mietung, Laden, Lieferung \u26a1 Angebot: -10% auf Online- und Telefonbuchung!\" \/>\n<meta name=\"robots\" content=\"noindex, follow\" \/>\n<meta property=\"og:locale\" content=\"de_DE\" \/>\n<meta property=\"og:type\" content=\"article\" \/>\n<meta property=\"og:title\" content=\"Fahrradverleih: Elektrobike | Moliets, Landes | Soonline\" \/>\n<meta property=\"og:description\" content=\"Gesch\u00e4ft Surf, Skate, Fahr\u00e4d, Tourismus Qualit\u00e4t in Moliets Strand, Landes Soonline Schule, Mietung, Laden, Lieferung \u26a1 Angebot: -10% auf Online- und Telefonbuchung!\" \/>\n<meta property=\"og:url\" content=\"https:\/\/www.ecoledesurfmoliets.com\/de\/produkt\/elektrobike\/\" \/>\n<meta property=\"og:site_name\" content=\"Soon Line \u2022 Surf &amp; Skate Moliets\" \/>\n<meta property=\"article:publisher\" content=\"https:\/\/www.facebook.com\/soonlinesurfschoolmoliets\/\" \/>\n<meta property=\"article:modified_time\" content=\"2024-04-10T16:26:05+00:00\" \/>\n<meta property=\"og:image\" content=\"https:\/\/www.ecoledesurfmoliets.com\/wp-content\/uploads\/2020\/03\/location-velo-electrique-moliets.jpg\" \/>\n\t<meta property=\"og:image:width\" content=\"500\" \/>\n\t<meta property=\"og:image:height\" content=\"500\" \/>\n\t<meta property=\"og:image:type\" content=\"image\/jpeg\" \/>\n<meta name=\"twitter:card\" content=\"summary_large_image\" \/>\n<script type=\"application\/ld+json\" class=\"yoast-schema-graph\">{\"@context\":\"https:\/\/schema.org\",\"@graph\":[{\"@type\":\"WebPage\",\"@id\":\"https:\/\/www.ecoledesurfmoliets.com\/de\/produkt\/elektrobike\/\",\"url\":\"https:\/\/www.ecoledesurfmoliets.com\/de\/produkt\/elektrobike\/\",\"name\":\"Fahrradverleih: Elektrobike | Moliets, Landes | Soonline\",\"isPartOf\":{\"@id\":\"https:\/\/www.ecoledesurfmoliets.com\/#website\"},\"primaryImageOfPage\":{\"@id\":\"https:\/\/www.ecoledesurfmoliets.com\/de\/produkt\/elektrobike\/#primaryimage\"},\"image\":{\"@id\":\"https:\/\/www.ecoledesurfmoliets.com\/de\/produkt\/elektrobike\/#primaryimage\"},\"thumbnailUrl\":\"https:\/\/i0.wp.com\/www.ecoledesurfmoliets.com\/wp-content\/uploads\/2020\/03\/location-velo-electrique-moliets.jpg?fit=500%2C500&ssl=1\",\"datePublished\":\"2020-03-18T12:43:16+00:00\",\"dateModified\":\"2024-04-10T16:26:05+00:00\",\"description\":\"Gesch\u00e4ft Surf, Skate, Fahr\u00e4d, Tourismus Qualit\u00e4t in Moliets Strand, Landes Soonline Schule, Mietung, Laden, Lieferung \u26a1 Angebot: -10% auf Online- und Telefonbuchung!\",\"breadcrumb\":{\"@id\":\"https:\/\/www.ecoledesurfmoliets.com\/de\/produkt\/elektrobike\/#breadcrumb\"},\"inLanguage\":\"de-DE\",\"potentialAction\":[{\"@type\":\"ReadAction\",\"target\":[\"https:\/\/www.ecoledesurfmoliets.com\/de\/produkt\/elektrobike\/\"]}]},{\"@type\":\"ImageObject\",\"inLanguage\":\"de-DE\",\"@id\":\"https:\/\/www.ecoledesurfmoliets.com\/de\/produkt\/elektrobike\/#primaryimage\",\"url\":\"https:\/\/i0.wp.com\/www.ecoledesurfmoliets.com\/wp-content\/uploads\/2020\/03\/location-velo-electrique-moliets.jpg?fit=500%2C500&ssl=1\",\"contentUrl\":\"https:\/\/i0.wp.com\/www.ecoledesurfmoliets.com\/wp-content\/uploads\/2020\/03\/location-velo-electrique-moliets.jpg?fit=500%2C500&ssl=1\",\"width\":500,\"height\":500},{\"@type\":\"BreadcrumbList\",\"@id\":\"https:\/\/www.ecoledesurfmoliets.com\/de\/produkt\/elektrobike\/#breadcrumb\",\"itemListElement\":[{\"@type\":\"ListItem\",\"position\":1,\"name\":\"Accueil\",\"item\":\"https:\/\/www.ecoledesurfmoliets.com\/de\/\"},{\"@type\":\"ListItem\",\"position\":2,\"name\":\"Shop\",\"item\":\"https:\/\/www.ecoledesurfmoliets.com\/de\/shop\/\"},{\"@type\":\"ListItem\",\"position\":3,\"name\":\"Elektrobike\"}]},{\"@type\":\"WebSite\",\"@id\":\"https:\/\/www.ecoledesurfmoliets.com\/#website\",\"url\":\"https:\/\/www.ecoledesurfmoliets.com\/\",\"name\":\"Soon Line \u2022 Surf &amp; Skate Moliets\",\"description\":\"Surf &amp; Skate School Moliets\",\"publisher\":{\"@id\":\"https:\/\/www.ecoledesurfmoliets.com\/#organization\"},\"potentialAction\":[{\"@type\":\"SearchAction\",\"target\":{\"@type\":\"EntryPoint\",\"urlTemplate\":\"https:\/\/www.ecoledesurfmoliets.com\/?s={search_term_string}\"},\"query-input\":{\"@type\":\"PropertyValueSpecification\",\"valueRequired\":true,\"valueName\":\"search_term_string\"}}],\"inLanguage\":\"de-DE\"},{\"@type\":\"Organization\",\"@id\":\"https:\/\/www.ecoledesurfmoliets.com\/#organization\",\"name\":\"Soonline Surf School Moliets\",\"url\":\"https:\/\/www.ecoledesurfmoliets.com\/\",\"logo\":{\"@type\":\"ImageObject\",\"inLanguage\":\"de-DE\",\"@id\":\"https:\/\/www.ecoledesurfmoliets.com\/#\/schema\/logo\/image\/\",\"url\":\"https:\/\/i0.wp.com\/www.ecoledesurfmoliets.com\/wp-content\/uploads\/2017\/02\/soonline-logo-wit.jpg?fit=280%2C280&ssl=1\",\"contentUrl\":\"https:\/\/i0.wp.com\/www.ecoledesurfmoliets.com\/wp-content\/uploads\/2017\/02\/soonline-logo-wit.jpg?fit=280%2C280&ssl=1\",\"width\":280,\"height\":280,\"caption\":\"Soonline Surf School Moliets\"},\"image\":{\"@id\":\"https:\/\/www.ecoledesurfmoliets.com\/#\/schema\/logo\/image\/\"},\"sameAs\":[\"https:\/\/www.facebook.com\/soonlinesurfschoolmoliets\/\",\"https:\/\/www.instagram.com\/soonlinesurfschoolmoliets\/\",\"https:\/\/www.pinterest.fr\/surfschool_soonline\/\",\"https:\/\/www.youtube.com\/channel\/UCUCunR8ikD_XWSbkrbt8kLw\"]}]}<\/script>\n<!-- \/ Yoast SEO plugin. -->","yoast_head_json":{"title":"Fahrradverleih: Elektrobike | Moliets, Landes | Soonline","description":"Gesch\u00e4ft Surf, Skate, Fahr\u00e4d, Tourismus Qualit\u00e4t in Moliets Strand, Landes Soonline Schule, Mietung, Laden, Lieferung \u26a1 Angebot: -10% auf Online- und Telefonbuchung!","robots":{"index":"noindex","follow":"follow"},"og_locale":"de_DE","og_type":"article","og_title":"Fahrradverleih: Elektrobike | Moliets, Landes | Soonline","og_description":"Gesch\u00e4ft Surf, Skate, Fahr\u00e4d, Tourismus Qualit\u00e4t in Moliets Strand, Landes Soonline Schule, Mietung, Laden, Lieferung \u26a1 Angebot: -10% auf Online- und Telefonbuchung!","og_url":"https:\/\/www.ecoledesurfmoliets.com\/de\/produkt\/elektrobike\/","og_site_name":"Soon Line \u2022 Surf &amp; Skate Moliets","article_publisher":"https:\/\/www.facebook.com\/soonlinesurfschoolmoliets\/","article_modified_time":"2024-04-10T16:26:05+00:00","og_image":[{"width":500,"height":500,"url":"https:\/\/www.ecoledesurfmoliets.com\/wp-content\/uploads\/2020\/03\/location-velo-electrique-moliets.jpg","type":"image\/jpeg"}],"twitter_card":"summary_large_image","schema":{"@context":"https:\/\/schema.org","@graph":[{"@type":"WebPage","@id":"https:\/\/www.ecoledesurfmoliets.com\/de\/produkt\/elektrobike\/","url":"https:\/\/www.ecoledesurfmoliets.com\/de\/produkt\/elektrobike\/","name":"Fahrradverleih: Elektrobike | Moliets, Landes | Soonline","isPartOf":{"@id":"https:\/\/www.ecoledesurfmoliets.com\/#website"},"primaryImageOfPage":{"@id":"https:\/\/www.ecoledesurfmoliets.com\/de\/produkt\/elektrobike\/#primaryimage"},"image":{"@id":"https:\/\/www.ecoledesurfmoliets.com\/de\/produkt\/elektrobike\/#primaryimage"},"thumbnailUrl":"https:\/\/i0.wp.com\/www.ecoledesurfmoliets.com\/wp-content\/uploads\/2020\/03\/location-velo-electrique-moliets.jpg?fit=500%2C500&ssl=1","datePublished":"2020-03-18T12:43:16+00:00","dateModified":"2024-04-10T16:26:05+00:00","description":"Gesch\u00e4ft Surf, Skate, Fahr\u00e4d, Tourismus Qualit\u00e4t in Moliets Strand, Landes Soonline Schule, Mietung, Laden, Lieferung \u26a1 Angebot: -10% auf Online- und Telefonbuchung!","breadcrumb":{"@id":"https:\/\/www.ecoledesurfmoliets.com\/de\/produkt\/elektrobike\/#breadcrumb"},"inLanguage":"de-DE","potentialAction":[{"@type":"ReadAction","target":["https:\/\/www.ecoledesurfmoliets.com\/de\/produkt\/elektrobike\/"]}]},{"@type":"ImageObject","inLanguage":"de-DE","@id":"https:\/\/www.ecoledesurfmoliets.com\/de\/produkt\/elektrobike\/#primaryimage","url":"https:\/\/i0.wp.com\/www.ecoledesurfmoliets.com\/wp-content\/uploads\/2020\/03\/location-velo-electrique-moliets.jpg?fit=500%2C500&ssl=1","contentUrl":"https:\/\/i0.wp.com\/www.ecoledesurfmoliets.com\/wp-content\/uploads\/2020\/03\/location-velo-electrique-moliets.jpg?fit=500%2C500&ssl=1","width":500,"height":500},{"@type":"BreadcrumbList","@id":"https:\/\/www.ecoledesurfmoliets.com\/de\/produkt\/elektrobike\/#breadcrumb","itemListElement":[{"@type":"ListItem","position":1,"name":"Accueil","item":"https:\/\/www.ecoledesurfmoliets.com\/de\/"},{"@type":"ListItem","position":2,"name":"Shop","item":"https:\/\/www.ecoledesurfmoliets.com\/de\/shop\/"},{"@type":"ListItem","position":3,"name":"Elektrobike"}]},{"@type":"WebSite","@id":"https:\/\/www.ecoledesurfmoliets.com\/#website","url":"https:\/\/www.ecoledesurfmoliets.com\/","name":"Soon Line \u2022 Surf &amp; Skate Moliets","description":"Surf &amp; Skate School Moliets","publisher":{"@id":"https:\/\/www.ecoledesurfmoliets.com\/#organization"},"potentialAction":[{"@type":"SearchAction","target":{"@type":"EntryPoint","urlTemplate":"https:\/\/www.ecoledesurfmoliets.com\/?s={search_term_string}"},"query-input":{"@type":"PropertyValueSpecification","valueRequired":true,"valueName":"search_term_string"}}],"inLanguage":"de-DE"},{"@type":"Organization","@id":"https:\/\/www.ecoledesurfmoliets.com\/#organization","name":"Soonline Surf School Moliets","url":"https:\/\/www.ecoledesurfmoliets.com\/","logo":{"@type":"ImageObject","inLanguage":"de-DE","@id":"https:\/\/www.ecoledesurfmoliets.com\/#\/schema\/logo\/image\/","url":"https:\/\/i0.wp.com\/www.ecoledesurfmoliets.com\/wp-content\/uploads\/2017\/02\/soonline-logo-wit.jpg?fit=280%2C280&ssl=1","contentUrl":"https:\/\/i0.wp.com\/www.ecoledesurfmoliets.com\/wp-content\/uploads\/2017\/02\/soonline-logo-wit.jpg?fit=280%2C280&ssl=1","width":280,"height":280,"caption":"Soonline Surf School Moliets"},"image":{"@id":"https:\/\/www.ecoledesurfmoliets.com\/#\/schema\/logo\/image\/"},"sameAs":["https:\/\/www.facebook.com\/soonlinesurfschoolmoliets\/","https:\/\/www.instagram.com\/soonlinesurfschoolmoliets\/","https:\/\/www.pinterest.fr\/surfschool_soonline\/","https:\/\/www.youtube.com\/channel\/UCUCunR8ikD_XWSbkrbt8kLw"]}]}},"jetpack_publicize_connections":[],"jetpack_sharing_enabled":true,"_links":{"self":[{"href":"https:\/\/www.ecoledesurfmoliets.com\/de\/wp-json\/wp\/v2\/product\/8210","targetHints":{"allow":["GET"]}}],"collection":[{"href":"https:\/\/www.ecoledesurfmoliets.com\/de\/wp-json\/wp\/v2\/product"}],"about":[{"href":"https:\/\/www.ecoledesurfmoliets.com\/de\/wp-json\/wp\/v2\/types\/product"}],"wp:featuredmedia":[{"embeddable":true,"href":"https:\/\/www.ecoledesurfmoliets.com\/de\/wp-json\/wp\/v2\/media\/8386"}],"wp:attachment":[{"href":"https:\/\/www.ecoledesurfmoliets.com\/de\/wp-json\/wp\/v2\/media?parent=8210"}],"wp:term":[{"taxonomy":"product_brand","embeddable":true,"href":"https:\/\/www.ecoledesurfmoliets.com\/de\/wp-json\/wp\/v2\/product_brand?post=8210"},{"taxonomy":"product_cat","embeddable":true,"href":"https:\/\/www.ecoledesurfmoliets.com\/de\/wp-json\/wp\/v2\/product_cat?post=8210"},{"taxonomy":"product_tag","embeddable":true,"href":"https:\/\/www.ecoledesurfmoliets.com\/de\/wp-json\/wp\/v2\/product_tag?post=8210"}],"curies":[{"name":"wp","href":"https:\/\/api.w.org\/{rel}","templated":true}]}}