{"id":5656,"date":"2019-01-05T15:58:31","date_gmt":"2019-01-05T15:58:31","guid":{"rendered":"https:\/\/www.ecoledesurfmoliets.com\/product\/surf-le-weekend\/"},"modified":"2024-02-09T13:18:33","modified_gmt":"2024-02-09T13:18:33","slug":"surf-le-weekend","status":"publish","type":"product","link":"https:\/\/www.ecoledesurfmoliets.com\/de\/produkt\/surf-le-weekend\/","title":{"rendered":"WOCHENENDKURSE SURFEN"},"content":{"rendered":"<p>Unsere Schule bietet am <strong>Wochenende<\/strong> <strong>2 Gruppen-Surfkurse<\/strong> an! F\u00fcr alle Niveaus und zur besten Zeit werden Sie Spa\u00df am Rutschen haben. Wenn Sie au\u00dferhalb des Unterrichts weiter surfen m\u00f6chten, bieten wir das Paket Surf + Ausr\u00fcstungsverleih an. Ihre Ausr\u00fcstung behalten Sie das ganze Wochenende: ein echter Sporturlaub mitten in der Natur!<\/p>\n<ul>\n<li>\u2022 Gruppen-Surfunterricht<\/li>\n<li>\u2022 Alles inklusive (Ausr\u00fcstung, Versicherung, Diplom, Souvenir)<\/li>\n<li>\u2022 8 Personen<\/li>\n<li>\u2022 Offen f\u00fcr alle<\/li>\n<li>\u2022 Dauer 2h<\/li>\n<\/ul>\n","protected":false},"excerpt":{"rendered":"<p>Unsere Schule bietet am Wochenende 2 Gruppen-Surfkurse an! F\u00fcr alle Niveaus und zur besten Zeit werden Sie Spa\u00df am Rutschen haben. Wenn Sie au\u00dferhalb des Unterrichts weiter surfen m\u00f6chten, bieten wir das Paket Surf + Ausr\u00fcstungsverleih an. Ihre Ausr\u00fcstung behalten Sie das ganze Wochenende: ein echter Sporturlaub mitten in der Natur! \u2022 Gruppen-Surfunterricht \u2022 Alles [&hellip;]<\/p>\n","protected":false},"featured_media":16242,"template":"","meta":{"jetpack_post_was_ever_published":false,"jetpack_publicize_message":"","jetpack_publicize_feature_enabled":true,"jetpack_social_post_already_shared":true,"jetpack_social_options":{"image_generator_settings":{"template":"highway","default_image_id":0,"font":"","enabled":false},"version":2}},"product_brand":[],"product_cat":[111],"product_tag":[],"class_list":{"0":"post-5656","1":"product","2":"type-product","3":"status-publish","4":"has-post-thumbnail","6":"product_cat-surf-de","7":"wcpa_has_options","9":"first","10":"instock","11":"taxable","12":"shipping-taxable","13":"purchasable","14":"product-type-variable"},"yoast_head":"<!-- This site is optimized with the Yoast SEO plugin v26.7 - https:\/\/yoast.com\/wordpress\/plugins\/seo\/ -->\n<title>WOCHENENDKURSE SURFEN - Soon Line \u2022 Surf &amp; Skate Moliets<\/title>\n<meta name=\"description\" content=\"\u2705 Ecole de Surf, Skate &amp; Shop labellis\u00e9 \u201cQualit\u00e9 de Tourisme\u201d \u26a1 Promo -10% sur toutes les r\u00e9servations en ligne et par t\u00e9l\u00e9phone !\" \/>\n<meta name=\"robots\" content=\"index, follow, max-snippet:-1, max-image-preview:large, max-video-preview:-1\" \/>\n<link rel=\"canonical\" href=\"https:\/\/www.ecoledesurfmoliets.com\/de\/produkt\/surf-le-weekend\/\" \/>\n<meta property=\"og:locale\" content=\"de_DE\" \/>\n<meta property=\"og:type\" content=\"article\" \/>\n<meta property=\"og:title\" content=\"WOCHENENDKURSE SURFEN - Soon Line \u2022 Surf &amp; Skate Moliets\" \/>\n<meta property=\"og:description\" content=\"\u2705 Ecole de Surf, Skate &amp; Shop labellis\u00e9 \u201cQualit\u00e9 de Tourisme\u201d \u26a1 Promo -10% sur toutes les r\u00e9servations en ligne et par t\u00e9l\u00e9phone !\" \/>\n<meta property=\"og:url\" content=\"https:\/\/www.ecoledesurfmoliets.com\/de\/produkt\/surf-le-weekend\/\" \/>\n<meta property=\"og:site_name\" content=\"Soon Line \u2022 Surf &amp; Skate Moliets\" \/>\n<meta property=\"article:publisher\" content=\"https:\/\/www.facebook.com\/soonlinesurfschoolmoliets\/\" \/>\n<meta property=\"article:modified_time\" content=\"2024-02-09T13:18:33+00:00\" \/>\n<meta property=\"og:image\" content=\"https:\/\/www.ecoledesurfmoliets.com\/wp-content\/uploads\/2024\/01\/ecole-de-surf-Moliets-Soonline-surf-school-skate-school-Moliets-et-Maa-cours-et-stages-surf-skate-Moliets-plage-Les-Landes-vacances-holiday-foto-Mojo-22-scaled.jpg\" \/>\n\t<meta property=\"og:image:width\" content=\"2560\" \/>\n\t<meta property=\"og:image:height\" content=\"1707\" \/>\n\t<meta property=\"og:image:type\" content=\"image\/jpeg\" \/>\n<meta name=\"twitter:card\" content=\"summary_large_image\" \/>\n<meta name=\"twitter:label1\" content=\"Gesch\u00e4tzte Lesezeit\" \/>\n\t<meta name=\"twitter:data1\" content=\"1 Minute\" \/>\n<script type=\"application\/ld+json\" class=\"yoast-schema-graph\">{\"@context\":\"https:\/\/schema.org\",\"@graph\":[{\"@type\":\"WebPage\",\"@id\":\"https:\/\/www.ecoledesurfmoliets.com\/de\/produkt\/surf-le-weekend\/\",\"url\":\"https:\/\/www.ecoledesurfmoliets.com\/de\/produkt\/surf-le-weekend\/\",\"name\":\"WOCHENENDKURSE SURFEN - Soon Line \u2022 Surf &amp; Skate Moliets\",\"isPartOf\":{\"@id\":\"https:\/\/www.ecoledesurfmoliets.com\/#website\"},\"primaryImageOfPage\":{\"@id\":\"https:\/\/www.ecoledesurfmoliets.com\/de\/produkt\/surf-le-weekend\/#primaryimage\"},\"image\":{\"@id\":\"https:\/\/www.ecoledesurfmoliets.com\/de\/produkt\/surf-le-weekend\/#primaryimage\"},\"thumbnailUrl\":\"https:\/\/i0.wp.com\/www.ecoledesurfmoliets.com\/wp-content\/uploads\/2024\/01\/ecole-de-surf-Moliets-Soonline-surf-school-skate-school-Moliets-et-Maa-cours-et-stages-surf-skate-Moliets-plage-Les-Landes-vacances-holiday-foto-Mojo-22-scaled.jpg?fit=2560%2C1707&ssl=1\",\"datePublished\":\"2019-01-05T15:58:31+00:00\",\"dateModified\":\"2024-02-09T13:18:33+00:00\",\"description\":\"\u2705 Ecole de Surf, Skate & Shop labellis\u00e9 \u201cQualit\u00e9 de Tourisme\u201d \u26a1 Promo -10% sur toutes les r\u00e9servations en ligne et par t\u00e9l\u00e9phone !\",\"breadcrumb\":{\"@id\":\"https:\/\/www.ecoledesurfmoliets.com\/de\/produkt\/surf-le-weekend\/#breadcrumb\"},\"inLanguage\":\"de-DE\",\"potentialAction\":[{\"@type\":\"ReadAction\",\"target\":[\"https:\/\/www.ecoledesurfmoliets.com\/de\/produkt\/surf-le-weekend\/\"]}]},{\"@type\":\"ImageObject\",\"inLanguage\":\"de-DE\",\"@id\":\"https:\/\/www.ecoledesurfmoliets.com\/de\/produkt\/surf-le-weekend\/#primaryimage\",\"url\":\"https:\/\/i0.wp.com\/www.ecoledesurfmoliets.com\/wp-content\/uploads\/2024\/01\/ecole-de-surf-Moliets-Soonline-surf-school-skate-school-Moliets-et-Maa-cours-et-stages-surf-skate-Moliets-plage-Les-Landes-vacances-holiday-foto-Mojo-22-scaled.jpg?fit=2560%2C1707&ssl=1\",\"contentUrl\":\"https:\/\/i0.wp.com\/www.ecoledesurfmoliets.com\/wp-content\/uploads\/2024\/01\/ecole-de-surf-Moliets-Soonline-surf-school-skate-school-Moliets-et-Maa-cours-et-stages-surf-skate-Moliets-plage-Les-Landes-vacances-holiday-foto-Mojo-22-scaled.jpg?fit=2560%2C1707&ssl=1\",\"width\":2560,\"height\":1707},{\"@type\":\"BreadcrumbList\",\"@id\":\"https:\/\/www.ecoledesurfmoliets.com\/de\/produkt\/surf-le-weekend\/#breadcrumb\",\"itemListElement\":[{\"@type\":\"ListItem\",\"position\":1,\"name\":\"Accueil\",\"item\":\"https:\/\/www.ecoledesurfmoliets.com\/de\/\"},{\"@type\":\"ListItem\",\"position\":2,\"name\":\"Shop\",\"item\":\"https:\/\/www.ecoledesurfmoliets.com\/de\/shop\/\"},{\"@type\":\"ListItem\",\"position\":3,\"name\":\"WOCHENENDKURSE SURFEN\"}]},{\"@type\":\"WebSite\",\"@id\":\"https:\/\/www.ecoledesurfmoliets.com\/#website\",\"url\":\"https:\/\/www.ecoledesurfmoliets.com\/\",\"name\":\"Soon Line \u2022 Surf &amp; Skate Moliets\",\"description\":\"Surf &amp; Skate School Moliets\",\"publisher\":{\"@id\":\"https:\/\/www.ecoledesurfmoliets.com\/#organization\"},\"potentialAction\":[{\"@type\":\"SearchAction\",\"target\":{\"@type\":\"EntryPoint\",\"urlTemplate\":\"https:\/\/www.ecoledesurfmoliets.com\/?s={search_term_string}\"},\"query-input\":{\"@type\":\"PropertyValueSpecification\",\"valueRequired\":true,\"valueName\":\"search_term_string\"}}],\"inLanguage\":\"de-DE\"},{\"@type\":\"Organization\",\"@id\":\"https:\/\/www.ecoledesurfmoliets.com\/#organization\",\"name\":\"Soonline Surf School Moliets\",\"url\":\"https:\/\/www.ecoledesurfmoliets.com\/\",\"logo\":{\"@type\":\"ImageObject\",\"inLanguage\":\"de-DE\",\"@id\":\"https:\/\/www.ecoledesurfmoliets.com\/#\/schema\/logo\/image\/\",\"url\":\"https:\/\/i0.wp.com\/www.ecoledesurfmoliets.com\/wp-content\/uploads\/2017\/02\/soonline-logo-wit.jpg?fit=280%2C280&ssl=1\",\"contentUrl\":\"https:\/\/i0.wp.com\/www.ecoledesurfmoliets.com\/wp-content\/uploads\/2017\/02\/soonline-logo-wit.jpg?fit=280%2C280&ssl=1\",\"width\":280,\"height\":280,\"caption\":\"Soonline Surf School Moliets\"},\"image\":{\"@id\":\"https:\/\/www.ecoledesurfmoliets.com\/#\/schema\/logo\/image\/\"},\"sameAs\":[\"https:\/\/www.facebook.com\/soonlinesurfschoolmoliets\/\",\"https:\/\/www.instagram.com\/soonlinesurfschoolmoliets\/\",\"https:\/\/www.pinterest.fr\/surfschool_soonline\/\",\"https:\/\/www.youtube.com\/channel\/UCUCunR8ikD_XWSbkrbt8kLw\"]}]}<\/script>\n<!-- \/ Yoast SEO plugin. -->","yoast_head_json":{"title":"WOCHENENDKURSE SURFEN - Soon Line \u2022 Surf &amp; Skate Moliets","description":"\u2705 Ecole de Surf, Skate & Shop labellis\u00e9 \u201cQualit\u00e9 de Tourisme\u201d \u26a1 Promo -10% sur toutes les r\u00e9servations en ligne et par t\u00e9l\u00e9phone !","robots":{"index":"index","follow":"follow","max-snippet":"max-snippet:-1","max-image-preview":"max-image-preview:large","max-video-preview":"max-video-preview:-1"},"canonical":"https:\/\/www.ecoledesurfmoliets.com\/de\/produkt\/surf-le-weekend\/","og_locale":"de_DE","og_type":"article","og_title":"WOCHENENDKURSE SURFEN - Soon Line \u2022 Surf &amp; Skate Moliets","og_description":"\u2705 Ecole de Surf, Skate & Shop labellis\u00e9 \u201cQualit\u00e9 de Tourisme\u201d \u26a1 Promo -10% sur toutes les r\u00e9servations en ligne et par t\u00e9l\u00e9phone !","og_url":"https:\/\/www.ecoledesurfmoliets.com\/de\/produkt\/surf-le-weekend\/","og_site_name":"Soon Line \u2022 Surf &amp; Skate Moliets","article_publisher":"https:\/\/www.facebook.com\/soonlinesurfschoolmoliets\/","article_modified_time":"2024-02-09T13:18:33+00:00","og_image":[{"width":2560,"height":1707,"url":"https:\/\/www.ecoledesurfmoliets.com\/wp-content\/uploads\/2024\/01\/ecole-de-surf-Moliets-Soonline-surf-school-skate-school-Moliets-et-Maa-cours-et-stages-surf-skate-Moliets-plage-Les-Landes-vacances-holiday-foto-Mojo-22-scaled.jpg","type":"image\/jpeg"}],"twitter_card":"summary_large_image","twitter_misc":{"Gesch\u00e4tzte Lesezeit":"1 Minute"},"schema":{"@context":"https:\/\/schema.org","@graph":[{"@type":"WebPage","@id":"https:\/\/www.ecoledesurfmoliets.com\/de\/produkt\/surf-le-weekend\/","url":"https:\/\/www.ecoledesurfmoliets.com\/de\/produkt\/surf-le-weekend\/","name":"WOCHENENDKURSE SURFEN - Soon Line \u2022 Surf &amp; Skate Moliets","isPartOf":{"@id":"https:\/\/www.ecoledesurfmoliets.com\/#website"},"primaryImageOfPage":{"@id":"https:\/\/www.ecoledesurfmoliets.com\/de\/produkt\/surf-le-weekend\/#primaryimage"},"image":{"@id":"https:\/\/www.ecoledesurfmoliets.com\/de\/produkt\/surf-le-weekend\/#primaryimage"},"thumbnailUrl":"https:\/\/i0.wp.com\/www.ecoledesurfmoliets.com\/wp-content\/uploads\/2024\/01\/ecole-de-surf-Moliets-Soonline-surf-school-skate-school-Moliets-et-Maa-cours-et-stages-surf-skate-Moliets-plage-Les-Landes-vacances-holiday-foto-Mojo-22-scaled.jpg?fit=2560%2C1707&ssl=1","datePublished":"2019-01-05T15:58:31+00:00","dateModified":"2024-02-09T13:18:33+00:00","description":"\u2705 Ecole de Surf, Skate & Shop labellis\u00e9 \u201cQualit\u00e9 de Tourisme\u201d \u26a1 Promo -10% sur toutes les r\u00e9servations en ligne et par t\u00e9l\u00e9phone !","breadcrumb":{"@id":"https:\/\/www.ecoledesurfmoliets.com\/de\/produkt\/surf-le-weekend\/#breadcrumb"},"inLanguage":"de-DE","potentialAction":[{"@type":"ReadAction","target":["https:\/\/www.ecoledesurfmoliets.com\/de\/produkt\/surf-le-weekend\/"]}]},{"@type":"ImageObject","inLanguage":"de-DE","@id":"https:\/\/www.ecoledesurfmoliets.com\/de\/produkt\/surf-le-weekend\/#primaryimage","url":"https:\/\/i0.wp.com\/www.ecoledesurfmoliets.com\/wp-content\/uploads\/2024\/01\/ecole-de-surf-Moliets-Soonline-surf-school-skate-school-Moliets-et-Maa-cours-et-stages-surf-skate-Moliets-plage-Les-Landes-vacances-holiday-foto-Mojo-22-scaled.jpg?fit=2560%2C1707&ssl=1","contentUrl":"https:\/\/i0.wp.com\/www.ecoledesurfmoliets.com\/wp-content\/uploads\/2024\/01\/ecole-de-surf-Moliets-Soonline-surf-school-skate-school-Moliets-et-Maa-cours-et-stages-surf-skate-Moliets-plage-Les-Landes-vacances-holiday-foto-Mojo-22-scaled.jpg?fit=2560%2C1707&ssl=1","width":2560,"height":1707},{"@type":"BreadcrumbList","@id":"https:\/\/www.ecoledesurfmoliets.com\/de\/produkt\/surf-le-weekend\/#breadcrumb","itemListElement":[{"@type":"ListItem","position":1,"name":"Accueil","item":"https:\/\/www.ecoledesurfmoliets.com\/de\/"},{"@type":"ListItem","position":2,"name":"Shop","item":"https:\/\/www.ecoledesurfmoliets.com\/de\/shop\/"},{"@type":"ListItem","position":3,"name":"WOCHENENDKURSE SURFEN"}]},{"@type":"WebSite","@id":"https:\/\/www.ecoledesurfmoliets.com\/#website","url":"https:\/\/www.ecoledesurfmoliets.com\/","name":"Soon Line \u2022 Surf &amp; Skate Moliets","description":"Surf &amp; Skate School Moliets","publisher":{"@id":"https:\/\/www.ecoledesurfmoliets.com\/#organization"},"potentialAction":[{"@type":"SearchAction","target":{"@type":"EntryPoint","urlTemplate":"https:\/\/www.ecoledesurfmoliets.com\/?s={search_term_string}"},"query-input":{"@type":"PropertyValueSpecification","valueRequired":true,"valueName":"search_term_string"}}],"inLanguage":"de-DE"},{"@type":"Organization","@id":"https:\/\/www.ecoledesurfmoliets.com\/#organization","name":"Soonline Surf School Moliets","url":"https:\/\/www.ecoledesurfmoliets.com\/","logo":{"@type":"ImageObject","inLanguage":"de-DE","@id":"https:\/\/www.ecoledesurfmoliets.com\/#\/schema\/logo\/image\/","url":"https:\/\/i0.wp.com\/www.ecoledesurfmoliets.com\/wp-content\/uploads\/2017\/02\/soonline-logo-wit.jpg?fit=280%2C280&ssl=1","contentUrl":"https:\/\/i0.wp.com\/www.ecoledesurfmoliets.com\/wp-content\/uploads\/2017\/02\/soonline-logo-wit.jpg?fit=280%2C280&ssl=1","width":280,"height":280,"caption":"Soonline Surf School Moliets"},"image":{"@id":"https:\/\/www.ecoledesurfmoliets.com\/#\/schema\/logo\/image\/"},"sameAs":["https:\/\/www.facebook.com\/soonlinesurfschoolmoliets\/","https:\/\/www.instagram.com\/soonlinesurfschoolmoliets\/","https:\/\/www.pinterest.fr\/surfschool_soonline\/","https:\/\/www.youtube.com\/channel\/UCUCunR8ikD_XWSbkrbt8kLw"]}]}},"jetpack_publicize_connections":[],"jetpack_sharing_enabled":true,"_links":{"self":[{"href":"https:\/\/www.ecoledesurfmoliets.com\/de\/wp-json\/wp\/v2\/product\/5656","targetHints":{"allow":["GET"]}}],"collection":[{"href":"https:\/\/www.ecoledesurfmoliets.com\/de\/wp-json\/wp\/v2\/product"}],"about":[{"href":"https:\/\/www.ecoledesurfmoliets.com\/de\/wp-json\/wp\/v2\/types\/product"}],"wp:featuredmedia":[{"embeddable":true,"href":"https:\/\/www.ecoledesurfmoliets.com\/de\/wp-json\/wp\/v2\/media\/16242"}],"wp:attachment":[{"href":"https:\/\/www.ecoledesurfmoliets.com\/de\/wp-json\/wp\/v2\/media?parent=5656"}],"wp:term":[{"taxonomy":"product_brand","embeddable":true,"href":"https:\/\/www.ecoledesurfmoliets.com\/de\/wp-json\/wp\/v2\/product_brand?post=5656"},{"taxonomy":"product_cat","embeddable":true,"href":"https:\/\/www.ecoledesurfmoliets.com\/de\/wp-json\/wp\/v2\/product_cat?post=5656"},{"taxonomy":"product_tag","embeddable":true,"href":"https:\/\/www.ecoledesurfmoliets.com\/de\/wp-json\/wp\/v2\/product_tag?post=5656"}],"curies":[{"name":"wp","href":"https:\/\/api.w.org\/{rel}","templated":true}]}}