{"id":5653,"date":"2020-02-02T00:58:04","date_gmt":"2019-02-10T00:58:04","guid":{"rendered":"https:\/\/www.ecoledesurfmoliets.com\/product\/cours-de-surf-famille\/"},"modified":"2023-12-21T17:04:36","modified_gmt":"2023-12-21T17:04:36","slug":"geschenkgutscheine","status":"publish","type":"product","link":"https:\/\/www.ecoledesurfmoliets.com\/de\/produkt\/geschenkgutscheine\/","title":{"rendered":"GESCHENKGUTSCHEINE"},"content":{"rendered":"<p>Mit unserem <strong>Soonline-Geschenkgutschein<\/strong> k\u00f6nnen Sie ein verschiebbares Geschenk f\u00fcr alle Aktivit\u00e4ten, Artikel oder Mieten in unserem Gesch\u00e4ft und unserer Schule anbieten. Wir erstellen den Geschenkgutschein f\u00fcr Sie und senden ihn Ihnen per Post oder E-Mail zu. Ihr Gleitgeschenk bleibt lebenslang g\u00fcltig und kann jederzeit f\u00fcr etwas anderes ge\u00e4ndert oder modifiziert werden.<\/p>\n<p>Bei Fragen erreichen Sie uns unter <a href=\"tel:+33558471611\"><strong>+33 5 58 47 16 11<\/strong><\/a>.<\/p>\n<p>Wir freuen uns aufs Verschenken \u2013 Soonline Moliets<\/p>\n","protected":false},"excerpt":{"rendered":"<p>Mit unserem Soonline-Geschenkgutschein k\u00f6nnen Sie ein verschiebbares Geschenk f\u00fcr alle Aktivit\u00e4ten, Artikel oder Mieten in unserem Gesch\u00e4ft und unserer Schule anbieten. Wir erstellen den Geschenkgutschein f\u00fcr Sie und senden ihn Ihnen per Post oder E-Mail zu. Ihr Gleitgeschenk bleibt lebenslang g\u00fcltig und kann jederzeit f\u00fcr etwas anderes ge\u00e4ndert oder modifiziert werden. Bei Fragen erreichen Sie [&hellip;]<\/p>\n","protected":false},"featured_media":15802,"template":"","meta":{"jetpack_post_was_ever_published":false,"jetpack_publicize_message":"","jetpack_publicize_feature_enabled":true,"jetpack_social_post_already_shared":true,"jetpack_social_options":{"image_generator_settings":{"template":"highway","default_image_id":0,"font":"","enabled":false},"version":2}},"product_brand":[],"product_cat":[108,111],"product_tag":[],"class_list":{"0":"post-5653","1":"product","2":"type-product","3":"status-publish","4":"has-post-thumbnail","6":"product_cat-skate-de","7":"product_cat-surf-de","9":"first","10":"instock","11":"purchasable","12":"product-type-variable"},"yoast_head":"<!-- This site is optimized with the Yoast SEO plugin v26.7 - https:\/\/yoast.com\/wordpress\/plugins\/seo\/ -->\n<title>GESCHENKGUTSCHEINE - Soon Line \u2022 Surf &amp; Skate Moliets<\/title>\n<meta name=\"description\" content=\"\u2705 Ecole de Surf, Skate &amp; Shop labellis\u00e9 \u201cQualit\u00e9 de Tourisme\u201d \u26a1 Promo -10% sur toutes les r\u00e9servations en ligne et par t\u00e9l\u00e9phone !\" \/>\n<meta name=\"robots\" content=\"index, follow, max-snippet:-1, max-image-preview:large, max-video-preview:-1\" \/>\n<link rel=\"canonical\" href=\"https:\/\/www.ecoledesurfmoliets.com\/de\/produkt\/geschenkgutscheine\/\" \/>\n<meta property=\"og:locale\" content=\"de_DE\" \/>\n<meta property=\"og:type\" content=\"article\" \/>\n<meta property=\"og:title\" content=\"GESCHENKGUTSCHEINE - Soon Line \u2022 Surf &amp; Skate Moliets\" \/>\n<meta property=\"og:description\" content=\"\u2705 Ecole de Surf, Skate &amp; Shop labellis\u00e9 \u201cQualit\u00e9 de Tourisme\u201d \u26a1 Promo -10% sur toutes les r\u00e9servations en ligne et par t\u00e9l\u00e9phone !\" \/>\n<meta property=\"og:url\" content=\"https:\/\/www.ecoledesurfmoliets.com\/de\/produkt\/geschenkgutscheine\/\" \/>\n<meta property=\"og:site_name\" content=\"Soon Line \u2022 Surf &amp; Skate Moliets\" \/>\n<meta property=\"article:publisher\" content=\"https:\/\/www.facebook.com\/soonlinesurfschoolmoliets\/\" \/>\n<meta property=\"article:modified_time\" content=\"2023-12-21T17:04:36+00:00\" \/>\n<meta property=\"og:image\" content=\"https:\/\/www.ecoledesurfmoliets.com\/wp-content\/uploads\/2020\/02\/bon-cadeau-surf.png\" \/>\n\t<meta property=\"og:image:width\" content=\"500\" \/>\n\t<meta property=\"og:image:height\" content=\"500\" \/>\n\t<meta property=\"og:image:type\" content=\"image\/png\" \/>\n<meta name=\"twitter:card\" content=\"summary_large_image\" \/>\n<script type=\"application\/ld+json\" class=\"yoast-schema-graph\">{\"@context\":\"https:\/\/schema.org\",\"@graph\":[{\"@type\":\"WebPage\",\"@id\":\"https:\/\/www.ecoledesurfmoliets.com\/de\/produkt\/geschenkgutscheine\/\",\"url\":\"https:\/\/www.ecoledesurfmoliets.com\/de\/produkt\/geschenkgutscheine\/\",\"name\":\"GESCHENKGUTSCHEINE - Soon Line \u2022 Surf &amp; Skate Moliets\",\"isPartOf\":{\"@id\":\"https:\/\/www.ecoledesurfmoliets.com\/#website\"},\"primaryImageOfPage\":{\"@id\":\"https:\/\/www.ecoledesurfmoliets.com\/de\/produkt\/geschenkgutscheine\/#primaryimage\"},\"image\":{\"@id\":\"https:\/\/www.ecoledesurfmoliets.com\/de\/produkt\/geschenkgutscheine\/#primaryimage\"},\"thumbnailUrl\":\"https:\/\/i0.wp.com\/www.ecoledesurfmoliets.com\/wp-content\/uploads\/2020\/02\/bon-cadeau-surf.png?fit=500%2C500&ssl=1\",\"datePublished\":\"2019-02-10T00:58:04+00:00\",\"dateModified\":\"2023-12-21T17:04:36+00:00\",\"description\":\"\u2705 Ecole de Surf, Skate & Shop labellis\u00e9 \u201cQualit\u00e9 de Tourisme\u201d \u26a1 Promo -10% sur toutes les r\u00e9servations en ligne et par t\u00e9l\u00e9phone !\",\"breadcrumb\":{\"@id\":\"https:\/\/www.ecoledesurfmoliets.com\/de\/produkt\/geschenkgutscheine\/#breadcrumb\"},\"inLanguage\":\"de-DE\",\"potentialAction\":[{\"@type\":\"ReadAction\",\"target\":[\"https:\/\/www.ecoledesurfmoliets.com\/de\/produkt\/geschenkgutscheine\/\"]}]},{\"@type\":\"ImageObject\",\"inLanguage\":\"de-DE\",\"@id\":\"https:\/\/www.ecoledesurfmoliets.com\/de\/produkt\/geschenkgutscheine\/#primaryimage\",\"url\":\"https:\/\/i0.wp.com\/www.ecoledesurfmoliets.com\/wp-content\/uploads\/2020\/02\/bon-cadeau-surf.png?fit=500%2C500&ssl=1\",\"contentUrl\":\"https:\/\/i0.wp.com\/www.ecoledesurfmoliets.com\/wp-content\/uploads\/2020\/02\/bon-cadeau-surf.png?fit=500%2C500&ssl=1\",\"width\":500,\"height\":500},{\"@type\":\"BreadcrumbList\",\"@id\":\"https:\/\/www.ecoledesurfmoliets.com\/de\/produkt\/geschenkgutscheine\/#breadcrumb\",\"itemListElement\":[{\"@type\":\"ListItem\",\"position\":1,\"name\":\"Accueil\",\"item\":\"https:\/\/www.ecoledesurfmoliets.com\/de\/\"},{\"@type\":\"ListItem\",\"position\":2,\"name\":\"Shop\",\"item\":\"https:\/\/www.ecoledesurfmoliets.com\/de\/shop\/\"},{\"@type\":\"ListItem\",\"position\":3,\"name\":\"GESCHENKGUTSCHEINE\"}]},{\"@type\":\"WebSite\",\"@id\":\"https:\/\/www.ecoledesurfmoliets.com\/#website\",\"url\":\"https:\/\/www.ecoledesurfmoliets.com\/\",\"name\":\"Soon Line \u2022 Surf &amp; Skate Moliets\",\"description\":\"Surf &amp; Skate School Moliets\",\"publisher\":{\"@id\":\"https:\/\/www.ecoledesurfmoliets.com\/#organization\"},\"potentialAction\":[{\"@type\":\"SearchAction\",\"target\":{\"@type\":\"EntryPoint\",\"urlTemplate\":\"https:\/\/www.ecoledesurfmoliets.com\/?s={search_term_string}\"},\"query-input\":{\"@type\":\"PropertyValueSpecification\",\"valueRequired\":true,\"valueName\":\"search_term_string\"}}],\"inLanguage\":\"de-DE\"},{\"@type\":\"Organization\",\"@id\":\"https:\/\/www.ecoledesurfmoliets.com\/#organization\",\"name\":\"Soonline Surf School Moliets\",\"url\":\"https:\/\/www.ecoledesurfmoliets.com\/\",\"logo\":{\"@type\":\"ImageObject\",\"inLanguage\":\"de-DE\",\"@id\":\"https:\/\/www.ecoledesurfmoliets.com\/#\/schema\/logo\/image\/\",\"url\":\"https:\/\/i0.wp.com\/www.ecoledesurfmoliets.com\/wp-content\/uploads\/2017\/02\/soonline-logo-wit.jpg?fit=280%2C280&ssl=1\",\"contentUrl\":\"https:\/\/i0.wp.com\/www.ecoledesurfmoliets.com\/wp-content\/uploads\/2017\/02\/soonline-logo-wit.jpg?fit=280%2C280&ssl=1\",\"width\":280,\"height\":280,\"caption\":\"Soonline Surf School Moliets\"},\"image\":{\"@id\":\"https:\/\/www.ecoledesurfmoliets.com\/#\/schema\/logo\/image\/\"},\"sameAs\":[\"https:\/\/www.facebook.com\/soonlinesurfschoolmoliets\/\",\"https:\/\/www.instagram.com\/soonlinesurfschoolmoliets\/\",\"https:\/\/www.pinterest.fr\/surfschool_soonline\/\",\"https:\/\/www.youtube.com\/channel\/UCUCunR8ikD_XWSbkrbt8kLw\"]}]}<\/script>\n<!-- \/ Yoast SEO plugin. -->","yoast_head_json":{"title":"GESCHENKGUTSCHEINE - Soon Line \u2022 Surf &amp; Skate Moliets","description":"\u2705 Ecole de Surf, Skate & Shop labellis\u00e9 \u201cQualit\u00e9 de Tourisme\u201d \u26a1 Promo -10% sur toutes les r\u00e9servations en ligne et par t\u00e9l\u00e9phone !","robots":{"index":"index","follow":"follow","max-snippet":"max-snippet:-1","max-image-preview":"max-image-preview:large","max-video-preview":"max-video-preview:-1"},"canonical":"https:\/\/www.ecoledesurfmoliets.com\/de\/produkt\/geschenkgutscheine\/","og_locale":"de_DE","og_type":"article","og_title":"GESCHENKGUTSCHEINE - Soon Line \u2022 Surf &amp; Skate Moliets","og_description":"\u2705 Ecole de Surf, Skate & Shop labellis\u00e9 \u201cQualit\u00e9 de Tourisme\u201d \u26a1 Promo -10% sur toutes les r\u00e9servations en ligne et par t\u00e9l\u00e9phone !","og_url":"https:\/\/www.ecoledesurfmoliets.com\/de\/produkt\/geschenkgutscheine\/","og_site_name":"Soon Line \u2022 Surf &amp; Skate Moliets","article_publisher":"https:\/\/www.facebook.com\/soonlinesurfschoolmoliets\/","article_modified_time":"2023-12-21T17:04:36+00:00","og_image":[{"width":500,"height":500,"url":"https:\/\/www.ecoledesurfmoliets.com\/wp-content\/uploads\/2020\/02\/bon-cadeau-surf.png","type":"image\/png"}],"twitter_card":"summary_large_image","schema":{"@context":"https:\/\/schema.org","@graph":[{"@type":"WebPage","@id":"https:\/\/www.ecoledesurfmoliets.com\/de\/produkt\/geschenkgutscheine\/","url":"https:\/\/www.ecoledesurfmoliets.com\/de\/produkt\/geschenkgutscheine\/","name":"GESCHENKGUTSCHEINE - Soon Line \u2022 Surf &amp; Skate Moliets","isPartOf":{"@id":"https:\/\/www.ecoledesurfmoliets.com\/#website"},"primaryImageOfPage":{"@id":"https:\/\/www.ecoledesurfmoliets.com\/de\/produkt\/geschenkgutscheine\/#primaryimage"},"image":{"@id":"https:\/\/www.ecoledesurfmoliets.com\/de\/produkt\/geschenkgutscheine\/#primaryimage"},"thumbnailUrl":"https:\/\/i0.wp.com\/www.ecoledesurfmoliets.com\/wp-content\/uploads\/2020\/02\/bon-cadeau-surf.png?fit=500%2C500&ssl=1","datePublished":"2019-02-10T00:58:04+00:00","dateModified":"2023-12-21T17:04:36+00:00","description":"\u2705 Ecole de Surf, Skate & Shop labellis\u00e9 \u201cQualit\u00e9 de Tourisme\u201d \u26a1 Promo -10% sur toutes les r\u00e9servations en ligne et par t\u00e9l\u00e9phone !","breadcrumb":{"@id":"https:\/\/www.ecoledesurfmoliets.com\/de\/produkt\/geschenkgutscheine\/#breadcrumb"},"inLanguage":"de-DE","potentialAction":[{"@type":"ReadAction","target":["https:\/\/www.ecoledesurfmoliets.com\/de\/produkt\/geschenkgutscheine\/"]}]},{"@type":"ImageObject","inLanguage":"de-DE","@id":"https:\/\/www.ecoledesurfmoliets.com\/de\/produkt\/geschenkgutscheine\/#primaryimage","url":"https:\/\/i0.wp.com\/www.ecoledesurfmoliets.com\/wp-content\/uploads\/2020\/02\/bon-cadeau-surf.png?fit=500%2C500&ssl=1","contentUrl":"https:\/\/i0.wp.com\/www.ecoledesurfmoliets.com\/wp-content\/uploads\/2020\/02\/bon-cadeau-surf.png?fit=500%2C500&ssl=1","width":500,"height":500},{"@type":"BreadcrumbList","@id":"https:\/\/www.ecoledesurfmoliets.com\/de\/produkt\/geschenkgutscheine\/#breadcrumb","itemListElement":[{"@type":"ListItem","position":1,"name":"Accueil","item":"https:\/\/www.ecoledesurfmoliets.com\/de\/"},{"@type":"ListItem","position":2,"name":"Shop","item":"https:\/\/www.ecoledesurfmoliets.com\/de\/shop\/"},{"@type":"ListItem","position":3,"name":"GESCHENKGUTSCHEINE"}]},{"@type":"WebSite","@id":"https:\/\/www.ecoledesurfmoliets.com\/#website","url":"https:\/\/www.ecoledesurfmoliets.com\/","name":"Soon Line \u2022 Surf &amp; Skate Moliets","description":"Surf &amp; Skate School Moliets","publisher":{"@id":"https:\/\/www.ecoledesurfmoliets.com\/#organization"},"potentialAction":[{"@type":"SearchAction","target":{"@type":"EntryPoint","urlTemplate":"https:\/\/www.ecoledesurfmoliets.com\/?s={search_term_string}"},"query-input":{"@type":"PropertyValueSpecification","valueRequired":true,"valueName":"search_term_string"}}],"inLanguage":"de-DE"},{"@type":"Organization","@id":"https:\/\/www.ecoledesurfmoliets.com\/#organization","name":"Soonline Surf School Moliets","url":"https:\/\/www.ecoledesurfmoliets.com\/","logo":{"@type":"ImageObject","inLanguage":"de-DE","@id":"https:\/\/www.ecoledesurfmoliets.com\/#\/schema\/logo\/image\/","url":"https:\/\/i0.wp.com\/www.ecoledesurfmoliets.com\/wp-content\/uploads\/2017\/02\/soonline-logo-wit.jpg?fit=280%2C280&ssl=1","contentUrl":"https:\/\/i0.wp.com\/www.ecoledesurfmoliets.com\/wp-content\/uploads\/2017\/02\/soonline-logo-wit.jpg?fit=280%2C280&ssl=1","width":280,"height":280,"caption":"Soonline Surf School Moliets"},"image":{"@id":"https:\/\/www.ecoledesurfmoliets.com\/#\/schema\/logo\/image\/"},"sameAs":["https:\/\/www.facebook.com\/soonlinesurfschoolmoliets\/","https:\/\/www.instagram.com\/soonlinesurfschoolmoliets\/","https:\/\/www.pinterest.fr\/surfschool_soonline\/","https:\/\/www.youtube.com\/channel\/UCUCunR8ikD_XWSbkrbt8kLw"]}]}},"jetpack_publicize_connections":[],"jetpack_sharing_enabled":true,"_links":{"self":[{"href":"https:\/\/www.ecoledesurfmoliets.com\/de\/wp-json\/wp\/v2\/product\/5653","targetHints":{"allow":["GET"]}}],"collection":[{"href":"https:\/\/www.ecoledesurfmoliets.com\/de\/wp-json\/wp\/v2\/product"}],"about":[{"href":"https:\/\/www.ecoledesurfmoliets.com\/de\/wp-json\/wp\/v2\/types\/product"}],"wp:featuredmedia":[{"embeddable":true,"href":"https:\/\/www.ecoledesurfmoliets.com\/de\/wp-json\/wp\/v2\/media\/15802"}],"wp:attachment":[{"href":"https:\/\/www.ecoledesurfmoliets.com\/de\/wp-json\/wp\/v2\/media?parent=5653"}],"wp:term":[{"taxonomy":"product_brand","embeddable":true,"href":"https:\/\/www.ecoledesurfmoliets.com\/de\/wp-json\/wp\/v2\/product_brand?post=5653"},{"taxonomy":"product_cat","embeddable":true,"href":"https:\/\/www.ecoledesurfmoliets.com\/de\/wp-json\/wp\/v2\/product_cat?post=5653"},{"taxonomy":"product_tag","embeddable":true,"href":"https:\/\/www.ecoledesurfmoliets.com\/de\/wp-json\/wp\/v2\/product_tag?post=5653"}],"curies":[{"name":"wp","href":"https:\/\/api.w.org\/{rel}","templated":true}]}}