{"id":5642,"date":"2019-01-29T14:04:41","date_gmt":"2019-01-29T14:04:41","guid":{"rendered":"https:\/\/www.ecoledesurfmoliets.com\/product\/skateboard-street-parc\/"},"modified":"2024-12-12T17:54:26","modified_gmt":"2024-12-12T17:54:26","slug":"skateboard-street-parc","status":"publish","type":"product","link":"https:\/\/www.ecoledesurfmoliets.com\/de\/produkt\/skateboard-street-parc\/","title":{"rendered":"SKATEBOARD STREET"},"content":{"rendered":"<p><strong>GRUPPENKURSE SKATEN \u2022 max. 8\u00a0Personen \u2022 Dauer 2\u00a0Stunden (davon 1:30\u00a0Std. skaten) \u2022 Material und Transport im Preis enthalten\u00a0<\/strong><\/p>\n<p>Die Kurse im Streetskaten finden in den zahlreichen Skateparks rund um Moliets-et-Maa statt, da deren zahlreiche progressive Module ein einfaches Erlernen und einen intensiven Lernfortschritt erm\u00f6glichen.<\/p>\n<p>Unser Skatelehrer begleitet dich w\u00e4hrend des gesamten Kurses und gibt dir die besten Tipps f\u00fcr dein Skate-Niveau und deine Interessen.<\/p>\n<p>Je nach Niveau der Teilnehmer sucht der Skatelehrer unterschiedliche Module und Pools aus, die von Modulen mit ganz sanften Gef\u00e4llen f\u00fcr die ersten Versuche im Skatepark bis hin zu steilen und technisch anspruchsvollen Pools f\u00fcr Skate-Profis reichen. In den Skateparks findet jeder sein Gl\u00fcck.<\/p>\n<p>Nervenkitzel und Spa\u00df f\u00fcr alle, das ist sicher!<\/p>\n<p>F\u00fcr alle von 5 bis 99\u00a0Jahren und \u00e4lter<br \/>\n\u2022 Anf\u00e4nger \u2013 Fortgeschrittene Anf\u00e4nger \u2013 Fortgeschrittene<br \/>\n\u2022 Offen f\u00fcr alle \u2013 Kinder, Jugendliche, Erwachsene\u2026<br \/>\n\u2022 Vollst\u00e4ndiges Material, Transport und Versicherung im Preis enthalten (Skateboards, Schoner, Helm)<br \/>\n\u2022 Kursnachweis am Ende der Woche<br \/>\n\u2022 Souvenir der Skateschule<\/p>\n<hr \/>\n<p>1\u00a0Kurs \u2022 (1 x 2\u00a0Std.) \u2022\u00a0<strong>39\u00a0\u20ac\/pp<\/strong><br \/>\n3\u00a0Kurse \u2022 (3 x 2\u00a0Std.) \u2022\u00a0<strong>115\u00a0\u20ac\/pp<\/strong><br \/>\n5\u00a0Kurse \u2022 (5 x 2\u00a0Std.)<strong>\u00a0\u2022 159\u00a0\u20ac\/pp<\/strong><br \/>\nZusatzkurs<strong>\u00a0\u2022\u00a035\u00a0\u20ac\/pp<\/strong><\/p>\n","protected":false},"excerpt":{"rendered":"<p>GRUPPENKURSE SKATEN \u2022 max. 8\u00a0Personen \u2022 Dauer 2\u00a0Stunden (davon 1:30\u00a0Std. skaten) \u2022 Material und Transport im Preis enthalten\u00a0 Die Kurse im Streetskaten finden in den zahlreichen Skateparks rund um Moliets-et-Maa statt, da deren zahlreiche progressive Module ein einfaches Erlernen und einen intensiven Lernfortschritt erm\u00f6glichen. Unser Skatelehrer begleitet dich w\u00e4hrend des gesamten Kurses und gibt dir [&hellip;]<\/p>\n","protected":false},"featured_media":12118,"template":"","meta":{"jetpack_post_was_ever_published":false,"jetpack_publicize_message":"","jetpack_publicize_feature_enabled":true,"jetpack_social_post_already_shared":true,"jetpack_social_options":{"image_generator_settings":{"template":"highway","default_image_id":0,"font":"","enabled":false},"version":2}},"product_brand":[],"product_cat":[108],"product_tag":[],"class_list":{"0":"post-5642","1":"product","2":"type-product","3":"status-publish","4":"has-post-thumbnail","6":"product_cat-skate-de","7":"wcpa_has_options","9":"first","10":"instock","11":"taxable","12":"shipping-taxable","13":"purchasable","14":"product-type-variable"},"yoast_head":"<!-- This site is optimized with the Yoast SEO plugin v26.7 - https:\/\/yoast.com\/wordpress\/plugins\/seo\/ -->\n<title>Skateboardstunde &amp; Kurs: Street | Moliets, Landes | Soonline<\/title>\n<meta name=\"description\" content=\"Skateunterricht &amp; Kurse in Moliets, Skateschule, surfschule, alle Ebenen, Privat &amp; Gruppen. Zertifizierte Instruktoren. Mietung &amp; Laden \u26a1 Angebot -10% alle Online Buchung\" \/>\n<meta name=\"robots\" content=\"index, follow, max-snippet:-1, max-image-preview:large, max-video-preview:-1\" \/>\n<link rel=\"canonical\" href=\"https:\/\/www.ecoledesurfmoliets.com\/de\/produkt\/skateboard-street-parc\/\" \/>\n<meta property=\"og:locale\" content=\"de_DE\" \/>\n<meta property=\"og:type\" content=\"article\" \/>\n<meta property=\"og:title\" content=\"Skateboardstunde &amp; Kurs: Street | Moliets, Landes | Soonline\" \/>\n<meta property=\"og:description\" content=\"Skateunterricht &amp; Kurse in Moliets, Skateschule, surfschule, alle Ebenen, Privat &amp; Gruppen. Zertifizierte Instruktoren. Mietung &amp; Laden \u26a1 Angebot -10% alle Online Buchung\" \/>\n<meta property=\"og:url\" content=\"https:\/\/www.ecoledesurfmoliets.com\/de\/produkt\/skateboard-street-parc\/\" \/>\n<meta property=\"og:site_name\" content=\"Soon Line \u2022 Surf &amp; Skate Moliets\" \/>\n<meta property=\"article:publisher\" content=\"https:\/\/www.facebook.com\/soonlinesurfschoolmoliets\/\" \/>\n<meta property=\"article:modified_time\" content=\"2024-12-12T17:54:26+00:00\" \/>\n<meta property=\"og:image\" content=\"https:\/\/www.ecoledesurfmoliets.com\/wp-content\/uploads\/2019\/01\/Ecole-de-surf-Moliets-Landes-SOONLINE-surf-school-cours-et-stages-surf-et-skate-Moliets-et-Maa-4-Mojophoto.jpg\" \/>\n\t<meta property=\"og:image:width\" content=\"796\" \/>\n\t<meta property=\"og:image:height\" content=\"1175\" \/>\n\t<meta property=\"og:image:type\" content=\"image\/jpeg\" \/>\n<meta name=\"twitter:card\" content=\"summary_large_image\" \/>\n<meta name=\"twitter:label1\" content=\"Gesch\u00e4tzte Lesezeit\" \/>\n\t<meta name=\"twitter:data1\" content=\"2 Minuten\" \/>\n<script type=\"application\/ld+json\" class=\"yoast-schema-graph\">{\"@context\":\"https:\/\/schema.org\",\"@graph\":[{\"@type\":\"WebPage\",\"@id\":\"https:\/\/www.ecoledesurfmoliets.com\/de\/produkt\/skateboard-street-parc\/\",\"url\":\"https:\/\/www.ecoledesurfmoliets.com\/de\/produkt\/skateboard-street-parc\/\",\"name\":\"Skateboardstunde & Kurs: Street | Moliets, Landes | Soonline\",\"isPartOf\":{\"@id\":\"https:\/\/www.ecoledesurfmoliets.com\/#website\"},\"primaryImageOfPage\":{\"@id\":\"https:\/\/www.ecoledesurfmoliets.com\/de\/produkt\/skateboard-street-parc\/#primaryimage\"},\"image\":{\"@id\":\"https:\/\/www.ecoledesurfmoliets.com\/de\/produkt\/skateboard-street-parc\/#primaryimage\"},\"thumbnailUrl\":\"https:\/\/i0.wp.com\/www.ecoledesurfmoliets.com\/wp-content\/uploads\/2019\/01\/Ecole-de-surf-Moliets-Landes-SOONLINE-surf-school-cours-et-stages-surf-et-skate-Moliets-et-Maa-4-Mojophoto.jpg?fit=796%2C1175&ssl=1\",\"datePublished\":\"2019-01-29T14:04:41+00:00\",\"dateModified\":\"2024-12-12T17:54:26+00:00\",\"description\":\"Skateunterricht & Kurse in Moliets, Skateschule, surfschule, alle Ebenen, Privat & Gruppen. Zertifizierte Instruktoren. Mietung & Laden \u26a1 Angebot -10% alle Online Buchung\",\"breadcrumb\":{\"@id\":\"https:\/\/www.ecoledesurfmoliets.com\/de\/produkt\/skateboard-street-parc\/#breadcrumb\"},\"inLanguage\":\"de-DE\",\"potentialAction\":[{\"@type\":\"ReadAction\",\"target\":[\"https:\/\/www.ecoledesurfmoliets.com\/de\/produkt\/skateboard-street-parc\/\"]}]},{\"@type\":\"ImageObject\",\"inLanguage\":\"de-DE\",\"@id\":\"https:\/\/www.ecoledesurfmoliets.com\/de\/produkt\/skateboard-street-parc\/#primaryimage\",\"url\":\"https:\/\/i0.wp.com\/www.ecoledesurfmoliets.com\/wp-content\/uploads\/2019\/01\/Ecole-de-surf-Moliets-Landes-SOONLINE-surf-school-cours-et-stages-surf-et-skate-Moliets-et-Maa-4-Mojophoto.jpg?fit=796%2C1175&ssl=1\",\"contentUrl\":\"https:\/\/i0.wp.com\/www.ecoledesurfmoliets.com\/wp-content\/uploads\/2019\/01\/Ecole-de-surf-Moliets-Landes-SOONLINE-surf-school-cours-et-stages-surf-et-skate-Moliets-et-Maa-4-Mojophoto.jpg?fit=796%2C1175&ssl=1\",\"width\":796,\"height\":1175,\"caption\":\"Skateboard Street\"},{\"@type\":\"BreadcrumbList\",\"@id\":\"https:\/\/www.ecoledesurfmoliets.com\/de\/produkt\/skateboard-street-parc\/#breadcrumb\",\"itemListElement\":[{\"@type\":\"ListItem\",\"position\":1,\"name\":\"Accueil\",\"item\":\"https:\/\/www.ecoledesurfmoliets.com\/de\/\"},{\"@type\":\"ListItem\",\"position\":2,\"name\":\"Shop\",\"item\":\"https:\/\/www.ecoledesurfmoliets.com\/de\/shop\/\"},{\"@type\":\"ListItem\",\"position\":3,\"name\":\"SKATEBOARD STREET\"}]},{\"@type\":\"WebSite\",\"@id\":\"https:\/\/www.ecoledesurfmoliets.com\/#website\",\"url\":\"https:\/\/www.ecoledesurfmoliets.com\/\",\"name\":\"Soon Line \u2022 Surf &amp; Skate Moliets\",\"description\":\"Surf &amp; Skate School Moliets\",\"publisher\":{\"@id\":\"https:\/\/www.ecoledesurfmoliets.com\/#organization\"},\"potentialAction\":[{\"@type\":\"SearchAction\",\"target\":{\"@type\":\"EntryPoint\",\"urlTemplate\":\"https:\/\/www.ecoledesurfmoliets.com\/?s={search_term_string}\"},\"query-input\":{\"@type\":\"PropertyValueSpecification\",\"valueRequired\":true,\"valueName\":\"search_term_string\"}}],\"inLanguage\":\"de-DE\"},{\"@type\":\"Organization\",\"@id\":\"https:\/\/www.ecoledesurfmoliets.com\/#organization\",\"name\":\"Soonline Surf School Moliets\",\"url\":\"https:\/\/www.ecoledesurfmoliets.com\/\",\"logo\":{\"@type\":\"ImageObject\",\"inLanguage\":\"de-DE\",\"@id\":\"https:\/\/www.ecoledesurfmoliets.com\/#\/schema\/logo\/image\/\",\"url\":\"https:\/\/i0.wp.com\/www.ecoledesurfmoliets.com\/wp-content\/uploads\/2017\/02\/soonline-logo-wit.jpg?fit=280%2C280&ssl=1\",\"contentUrl\":\"https:\/\/i0.wp.com\/www.ecoledesurfmoliets.com\/wp-content\/uploads\/2017\/02\/soonline-logo-wit.jpg?fit=280%2C280&ssl=1\",\"width\":280,\"height\":280,\"caption\":\"Soonline Surf School Moliets\"},\"image\":{\"@id\":\"https:\/\/www.ecoledesurfmoliets.com\/#\/schema\/logo\/image\/\"},\"sameAs\":[\"https:\/\/www.facebook.com\/soonlinesurfschoolmoliets\/\",\"https:\/\/www.instagram.com\/soonlinesurfschoolmoliets\/\",\"https:\/\/www.pinterest.fr\/surfschool_soonline\/\",\"https:\/\/www.youtube.com\/channel\/UCUCunR8ikD_XWSbkrbt8kLw\"]}]}<\/script>\n<!-- \/ Yoast SEO plugin. -->","yoast_head_json":{"title":"Skateboardstunde & Kurs: Street | Moliets, Landes | Soonline","description":"Skateunterricht & Kurse in Moliets, Skateschule, surfschule, alle Ebenen, Privat & Gruppen. Zertifizierte Instruktoren. Mietung & Laden \u26a1 Angebot -10% alle Online Buchung","robots":{"index":"index","follow":"follow","max-snippet":"max-snippet:-1","max-image-preview":"max-image-preview:large","max-video-preview":"max-video-preview:-1"},"canonical":"https:\/\/www.ecoledesurfmoliets.com\/de\/produkt\/skateboard-street-parc\/","og_locale":"de_DE","og_type":"article","og_title":"Skateboardstunde & Kurs: Street | Moliets, Landes | Soonline","og_description":"Skateunterricht & Kurse in Moliets, Skateschule, surfschule, alle Ebenen, Privat & Gruppen. Zertifizierte Instruktoren. Mietung & Laden \u26a1 Angebot -10% alle Online Buchung","og_url":"https:\/\/www.ecoledesurfmoliets.com\/de\/produkt\/skateboard-street-parc\/","og_site_name":"Soon Line \u2022 Surf &amp; Skate Moliets","article_publisher":"https:\/\/www.facebook.com\/soonlinesurfschoolmoliets\/","article_modified_time":"2024-12-12T17:54:26+00:00","og_image":[{"width":796,"height":1175,"url":"https:\/\/www.ecoledesurfmoliets.com\/wp-content\/uploads\/2019\/01\/Ecole-de-surf-Moliets-Landes-SOONLINE-surf-school-cours-et-stages-surf-et-skate-Moliets-et-Maa-4-Mojophoto.jpg","type":"image\/jpeg"}],"twitter_card":"summary_large_image","twitter_misc":{"Gesch\u00e4tzte Lesezeit":"2 Minuten"},"schema":{"@context":"https:\/\/schema.org","@graph":[{"@type":"WebPage","@id":"https:\/\/www.ecoledesurfmoliets.com\/de\/produkt\/skateboard-street-parc\/","url":"https:\/\/www.ecoledesurfmoliets.com\/de\/produkt\/skateboard-street-parc\/","name":"Skateboardstunde & Kurs: Street | Moliets, Landes | Soonline","isPartOf":{"@id":"https:\/\/www.ecoledesurfmoliets.com\/#website"},"primaryImageOfPage":{"@id":"https:\/\/www.ecoledesurfmoliets.com\/de\/produkt\/skateboard-street-parc\/#primaryimage"},"image":{"@id":"https:\/\/www.ecoledesurfmoliets.com\/de\/produkt\/skateboard-street-parc\/#primaryimage"},"thumbnailUrl":"https:\/\/i0.wp.com\/www.ecoledesurfmoliets.com\/wp-content\/uploads\/2019\/01\/Ecole-de-surf-Moliets-Landes-SOONLINE-surf-school-cours-et-stages-surf-et-skate-Moliets-et-Maa-4-Mojophoto.jpg?fit=796%2C1175&ssl=1","datePublished":"2019-01-29T14:04:41+00:00","dateModified":"2024-12-12T17:54:26+00:00","description":"Skateunterricht & Kurse in Moliets, Skateschule, surfschule, alle Ebenen, Privat & Gruppen. Zertifizierte Instruktoren. Mietung & Laden \u26a1 Angebot -10% alle Online Buchung","breadcrumb":{"@id":"https:\/\/www.ecoledesurfmoliets.com\/de\/produkt\/skateboard-street-parc\/#breadcrumb"},"inLanguage":"de-DE","potentialAction":[{"@type":"ReadAction","target":["https:\/\/www.ecoledesurfmoliets.com\/de\/produkt\/skateboard-street-parc\/"]}]},{"@type":"ImageObject","inLanguage":"de-DE","@id":"https:\/\/www.ecoledesurfmoliets.com\/de\/produkt\/skateboard-street-parc\/#primaryimage","url":"https:\/\/i0.wp.com\/www.ecoledesurfmoliets.com\/wp-content\/uploads\/2019\/01\/Ecole-de-surf-Moliets-Landes-SOONLINE-surf-school-cours-et-stages-surf-et-skate-Moliets-et-Maa-4-Mojophoto.jpg?fit=796%2C1175&ssl=1","contentUrl":"https:\/\/i0.wp.com\/www.ecoledesurfmoliets.com\/wp-content\/uploads\/2019\/01\/Ecole-de-surf-Moliets-Landes-SOONLINE-surf-school-cours-et-stages-surf-et-skate-Moliets-et-Maa-4-Mojophoto.jpg?fit=796%2C1175&ssl=1","width":796,"height":1175,"caption":"Skateboard Street"},{"@type":"BreadcrumbList","@id":"https:\/\/www.ecoledesurfmoliets.com\/de\/produkt\/skateboard-street-parc\/#breadcrumb","itemListElement":[{"@type":"ListItem","position":1,"name":"Accueil","item":"https:\/\/www.ecoledesurfmoliets.com\/de\/"},{"@type":"ListItem","position":2,"name":"Shop","item":"https:\/\/www.ecoledesurfmoliets.com\/de\/shop\/"},{"@type":"ListItem","position":3,"name":"SKATEBOARD STREET"}]},{"@type":"WebSite","@id":"https:\/\/www.ecoledesurfmoliets.com\/#website","url":"https:\/\/www.ecoledesurfmoliets.com\/","name":"Soon Line \u2022 Surf &amp; Skate Moliets","description":"Surf &amp; Skate School Moliets","publisher":{"@id":"https:\/\/www.ecoledesurfmoliets.com\/#organization"},"potentialAction":[{"@type":"SearchAction","target":{"@type":"EntryPoint","urlTemplate":"https:\/\/www.ecoledesurfmoliets.com\/?s={search_term_string}"},"query-input":{"@type":"PropertyValueSpecification","valueRequired":true,"valueName":"search_term_string"}}],"inLanguage":"de-DE"},{"@type":"Organization","@id":"https:\/\/www.ecoledesurfmoliets.com\/#organization","name":"Soonline Surf School Moliets","url":"https:\/\/www.ecoledesurfmoliets.com\/","logo":{"@type":"ImageObject","inLanguage":"de-DE","@id":"https:\/\/www.ecoledesurfmoliets.com\/#\/schema\/logo\/image\/","url":"https:\/\/i0.wp.com\/www.ecoledesurfmoliets.com\/wp-content\/uploads\/2017\/02\/soonline-logo-wit.jpg?fit=280%2C280&ssl=1","contentUrl":"https:\/\/i0.wp.com\/www.ecoledesurfmoliets.com\/wp-content\/uploads\/2017\/02\/soonline-logo-wit.jpg?fit=280%2C280&ssl=1","width":280,"height":280,"caption":"Soonline Surf School Moliets"},"image":{"@id":"https:\/\/www.ecoledesurfmoliets.com\/#\/schema\/logo\/image\/"},"sameAs":["https:\/\/www.facebook.com\/soonlinesurfschoolmoliets\/","https:\/\/www.instagram.com\/soonlinesurfschoolmoliets\/","https:\/\/www.pinterest.fr\/surfschool_soonline\/","https:\/\/www.youtube.com\/channel\/UCUCunR8ikD_XWSbkrbt8kLw"]}]}},"jetpack_publicize_connections":[],"jetpack_sharing_enabled":true,"_links":{"self":[{"href":"https:\/\/www.ecoledesurfmoliets.com\/de\/wp-json\/wp\/v2\/product\/5642","targetHints":{"allow":["GET"]}}],"collection":[{"href":"https:\/\/www.ecoledesurfmoliets.com\/de\/wp-json\/wp\/v2\/product"}],"about":[{"href":"https:\/\/www.ecoledesurfmoliets.com\/de\/wp-json\/wp\/v2\/types\/product"}],"wp:featuredmedia":[{"embeddable":true,"href":"https:\/\/www.ecoledesurfmoliets.com\/de\/wp-json\/wp\/v2\/media\/12118"}],"wp:attachment":[{"href":"https:\/\/www.ecoledesurfmoliets.com\/de\/wp-json\/wp\/v2\/media?parent=5642"}],"wp:term":[{"taxonomy":"product_brand","embeddable":true,"href":"https:\/\/www.ecoledesurfmoliets.com\/de\/wp-json\/wp\/v2\/product_brand?post=5642"},{"taxonomy":"product_cat","embeddable":true,"href":"https:\/\/www.ecoledesurfmoliets.com\/de\/wp-json\/wp\/v2\/product_cat?post=5642"},{"taxonomy":"product_tag","embeddable":true,"href":"https:\/\/www.ecoledesurfmoliets.com\/de\/wp-json\/wp\/v2\/product_tag?post=5642"}],"curies":[{"name":"wp","href":"https:\/\/api.w.org\/{rel}","templated":true}]}}