{"id":16546,"date":"2024-03-04T08:56:44","date_gmt":"2024-03-04T08:56:45","guid":{"rendered":"https:\/\/www.ecoledesurfmoliets.com\/?post_type=product&#038;p=16546"},"modified":"2025-02-17T15:12:09","modified_gmt":"2025-02-17T15:12:09","slug":"surf-all-in","status":"publish","type":"product","link":"https:\/\/www.ecoledesurfmoliets.com\/de\/produkt\/surf-all-in\/","title":{"rendered":"Surf All-In (5-Tage Unterricht + Miete)"},"content":{"rendered":"<p><strong>&#8222;Erleben Sie das ultimative Surf-Erlebnis: 5 Lektionen + unbegrenzter Verleih!&#8220;<\/strong><\/p>\n<p>Kurs mit 5 Surfstunden, alle Niveaus, inklusive Ausr\u00fcstungsverleih (Surfbrett und Neoprenanzug), die ganze Woche \u00fcber.<\/p>\n<p><strong>SURF ALL INN-Paket:<\/strong><\/p>\n<ul>\n<li>Gruppen-Surfunterricht<\/li>\n<li>8 Personen. max)<\/li>\n<li>Alle Ebenen<\/li>\n<li>Alles inklusive (Ausr\u00fcstung, Versicherung, Diplom, Souvenir)<\/li>\n<li>5 Lektionen \u00e0 2 Stunden<\/li>\n<li>1 Surfstunde jeden Tag mit deiner Surfausr\u00fcstung, die dir 5 Tage lang jederzeit zur Verf\u00fcgung steht<\/li>\n<li>Die M\u00f6glichkeit, die Gr\u00f6\u00dfe und Art des Boards w\u00e4hrend der gesamten Mietdauer zu \u00e4ndern<\/li>\n<li>Bewachung Ihrer gesamten Ausr\u00fcstung w\u00e4hrend des gesamten Zeitraums<\/li>\n<li>Flexible und kostenlose Stornierung<\/li>\n<\/ul>\n<p>Lasst uns die ganze Woche surfen und jede Sonnenaufgangs- oder Sonnenuntergangssitzung zu 100 % genie\u00dfen!<\/p>\n","protected":false},"excerpt":{"rendered":"<p>&#8222;Erleben Sie das ultimative Surf-Erlebnis: 5 Lektionen + unbegrenzter Verleih!&#8220; Kurs mit 5 Surfstunden, alle Niveaus, inklusive Ausr\u00fcstungsverleih (Surfbrett und Neoprenanzug), die ganze Woche \u00fcber. SURF ALL INN-Paket: Gruppen-Surfunterricht 8 Personen. max) Alle Ebenen Alles inklusive (Ausr\u00fcstung, Versicherung, Diplom, Souvenir) 5 Lektionen \u00e0 2 Stunden 1 Surfstunde jeden Tag mit deiner Surfausr\u00fcstung, die dir 5 [&hellip;]<\/p>\n","protected":false},"featured_media":17976,"template":"","meta":{"jetpack_post_was_ever_published":false,"jetpack_publicize_message":"","jetpack_publicize_feature_enabled":true,"jetpack_social_post_already_shared":true,"jetpack_social_options":{"image_generator_settings":{"template":"highway","default_image_id":0,"font":"","enabled":false},"version":2}},"product_brand":[],"product_cat":[111],"product_tag":[],"class_list":{"0":"post-16546","1":"product","2":"type-product","3":"status-publish","4":"has-post-thumbnail","6":"product_cat-surf-de","7":"wcpa_has_options","9":"first","10":"instock","11":"taxable","12":"shipping-taxable","13":"purchasable","14":"product-type-simple"},"yoast_head":"<!-- This site is optimized with the Yoast SEO plugin v26.7 - https:\/\/yoast.com\/wordpress\/plugins\/seo\/ -->\n<title>Surf All-In (5-Tage Unterricht + Miete) | Moliets, Landes | Soonline<\/title>\n<meta name=\"description\" content=\"Surfunterricht &amp; Kurse in Moliets Strand. Surfschule, alle Ebenen, Privat &amp; Gruppen. Zertifizierte Instruktoren. Mietung &amp; Laden \u26a1 Angebot -10% alle Online Buchung!\" \/>\n<meta name=\"robots\" content=\"index, follow, max-snippet:-1, max-image-preview:large, max-video-preview:-1\" \/>\n<link rel=\"canonical\" href=\"https:\/\/www.ecoledesurfmoliets.com\/de\/produkt\/surf-all-in\/\" \/>\n<meta property=\"og:locale\" content=\"de_DE\" \/>\n<meta property=\"og:type\" content=\"article\" \/>\n<meta property=\"og:title\" content=\"Surf All-In (5-Tage Unterricht + Miete) | Moliets, Landes | Soonline\" \/>\n<meta property=\"og:description\" content=\"Surfunterricht &amp; Kurse in Moliets Strand. Surfschule, alle Ebenen, Privat &amp; Gruppen. Zertifizierte Instruktoren. Mietung &amp; Laden \u26a1 Angebot -10% alle Online Buchung!\" \/>\n<meta property=\"og:url\" content=\"https:\/\/www.ecoledesurfmoliets.com\/de\/produkt\/surf-all-in\/\" \/>\n<meta property=\"og:site_name\" content=\"Soon Line \u2022 Surf &amp; Skate Moliets\" \/>\n<meta property=\"article:publisher\" content=\"https:\/\/www.facebook.com\/soonlinesurfschoolmoliets\/\" \/>\n<meta property=\"article:modified_time\" content=\"2025-02-17T15:12:09+00:00\" \/>\n<meta property=\"og:image\" content=\"https:\/\/www.ecoledesurfmoliets.com\/wp-content\/uploads\/2024\/12\/cours-surf-all-in.png\" \/>\n\t<meta property=\"og:image:width\" content=\"500\" \/>\n\t<meta property=\"og:image:height\" content=\"500\" \/>\n\t<meta property=\"og:image:type\" content=\"image\/png\" \/>\n<meta name=\"twitter:card\" content=\"summary_large_image\" \/>\n<meta name=\"twitter:label1\" content=\"Gesch\u00e4tzte Lesezeit\" \/>\n\t<meta name=\"twitter:data1\" content=\"1 Minute\" \/>\n<script type=\"application\/ld+json\" class=\"yoast-schema-graph\">{\"@context\":\"https:\/\/schema.org\",\"@graph\":[{\"@type\":\"WebPage\",\"@id\":\"https:\/\/www.ecoledesurfmoliets.com\/de\/produkt\/surf-all-in\/\",\"url\":\"https:\/\/www.ecoledesurfmoliets.com\/de\/produkt\/surf-all-in\/\",\"name\":\"Surf All-In (5-Tage Unterricht + Miete) | Moliets, Landes | Soonline\",\"isPartOf\":{\"@id\":\"https:\/\/www.ecoledesurfmoliets.com\/#website\"},\"primaryImageOfPage\":{\"@id\":\"https:\/\/www.ecoledesurfmoliets.com\/de\/produkt\/surf-all-in\/#primaryimage\"},\"image\":{\"@id\":\"https:\/\/www.ecoledesurfmoliets.com\/de\/produkt\/surf-all-in\/#primaryimage\"},\"thumbnailUrl\":\"https:\/\/i0.wp.com\/www.ecoledesurfmoliets.com\/wp-content\/uploads\/2024\/12\/cours-surf-all-in.png?fit=500%2C500&ssl=1\",\"datePublished\":\"2024-03-04T08:56:45+00:00\",\"dateModified\":\"2025-02-17T15:12:09+00:00\",\"description\":\"Surfunterricht & Kurse in Moliets Strand. Surfschule, alle Ebenen, Privat & Gruppen. Zertifizierte Instruktoren. Mietung & Laden \u26a1 Angebot -10% alle Online Buchung!\",\"breadcrumb\":{\"@id\":\"https:\/\/www.ecoledesurfmoliets.com\/de\/produkt\/surf-all-in\/#breadcrumb\"},\"inLanguage\":\"de-DE\",\"potentialAction\":[{\"@type\":\"ReadAction\",\"target\":[\"https:\/\/www.ecoledesurfmoliets.com\/de\/produkt\/surf-all-in\/\"]}]},{\"@type\":\"ImageObject\",\"inLanguage\":\"de-DE\",\"@id\":\"https:\/\/www.ecoledesurfmoliets.com\/de\/produkt\/surf-all-in\/#primaryimage\",\"url\":\"https:\/\/i0.wp.com\/www.ecoledesurfmoliets.com\/wp-content\/uploads\/2024\/12\/cours-surf-all-in.png?fit=500%2C500&ssl=1\",\"contentUrl\":\"https:\/\/i0.wp.com\/www.ecoledesurfmoliets.com\/wp-content\/uploads\/2024\/12\/cours-surf-all-in.png?fit=500%2C500&ssl=1\",\"width\":500,\"height\":500,\"caption\":\"Cours de Surf All In\"},{\"@type\":\"BreadcrumbList\",\"@id\":\"https:\/\/www.ecoledesurfmoliets.com\/de\/produkt\/surf-all-in\/#breadcrumb\",\"itemListElement\":[{\"@type\":\"ListItem\",\"position\":1,\"name\":\"Accueil\",\"item\":\"https:\/\/www.ecoledesurfmoliets.com\/de\/\"},{\"@type\":\"ListItem\",\"position\":2,\"name\":\"Shop\",\"item\":\"https:\/\/www.ecoledesurfmoliets.com\/de\/shop\/\"},{\"@type\":\"ListItem\",\"position\":3,\"name\":\"Surf All-In (5-Tage Unterricht + Miete)\"}]},{\"@type\":\"WebSite\",\"@id\":\"https:\/\/www.ecoledesurfmoliets.com\/#website\",\"url\":\"https:\/\/www.ecoledesurfmoliets.com\/\",\"name\":\"Soon Line \u2022 Surf &amp; Skate Moliets\",\"description\":\"Surf &amp; Skate School Moliets\",\"publisher\":{\"@id\":\"https:\/\/www.ecoledesurfmoliets.com\/#organization\"},\"potentialAction\":[{\"@type\":\"SearchAction\",\"target\":{\"@type\":\"EntryPoint\",\"urlTemplate\":\"https:\/\/www.ecoledesurfmoliets.com\/?s={search_term_string}\"},\"query-input\":{\"@type\":\"PropertyValueSpecification\",\"valueRequired\":true,\"valueName\":\"search_term_string\"}}],\"inLanguage\":\"de-DE\"},{\"@type\":\"Organization\",\"@id\":\"https:\/\/www.ecoledesurfmoliets.com\/#organization\",\"name\":\"Soonline Surf School Moliets\",\"url\":\"https:\/\/www.ecoledesurfmoliets.com\/\",\"logo\":{\"@type\":\"ImageObject\",\"inLanguage\":\"de-DE\",\"@id\":\"https:\/\/www.ecoledesurfmoliets.com\/#\/schema\/logo\/image\/\",\"url\":\"https:\/\/i0.wp.com\/www.ecoledesurfmoliets.com\/wp-content\/uploads\/2017\/02\/soonline-logo-wit.jpg?fit=280%2C280&ssl=1\",\"contentUrl\":\"https:\/\/i0.wp.com\/www.ecoledesurfmoliets.com\/wp-content\/uploads\/2017\/02\/soonline-logo-wit.jpg?fit=280%2C280&ssl=1\",\"width\":280,\"height\":280,\"caption\":\"Soonline Surf School Moliets\"},\"image\":{\"@id\":\"https:\/\/www.ecoledesurfmoliets.com\/#\/schema\/logo\/image\/\"},\"sameAs\":[\"https:\/\/www.facebook.com\/soonlinesurfschoolmoliets\/\",\"https:\/\/www.instagram.com\/soonlinesurfschoolmoliets\/\",\"https:\/\/www.pinterest.fr\/surfschool_soonline\/\",\"https:\/\/www.youtube.com\/channel\/UCUCunR8ikD_XWSbkrbt8kLw\"]}]}<\/script>\n<!-- \/ Yoast SEO plugin. -->","yoast_head_json":{"title":"Surf All-In (5-Tage Unterricht + Miete) | Moliets, Landes | Soonline","description":"Surfunterricht & Kurse in Moliets Strand. Surfschule, alle Ebenen, Privat & Gruppen. Zertifizierte Instruktoren. Mietung & Laden \u26a1 Angebot -10% alle Online Buchung!","robots":{"index":"index","follow":"follow","max-snippet":"max-snippet:-1","max-image-preview":"max-image-preview:large","max-video-preview":"max-video-preview:-1"},"canonical":"https:\/\/www.ecoledesurfmoliets.com\/de\/produkt\/surf-all-in\/","og_locale":"de_DE","og_type":"article","og_title":"Surf All-In (5-Tage Unterricht + Miete) | Moliets, Landes | Soonline","og_description":"Surfunterricht & Kurse in Moliets Strand. Surfschule, alle Ebenen, Privat & Gruppen. Zertifizierte Instruktoren. Mietung & Laden \u26a1 Angebot -10% alle Online Buchung!","og_url":"https:\/\/www.ecoledesurfmoliets.com\/de\/produkt\/surf-all-in\/","og_site_name":"Soon Line \u2022 Surf &amp; Skate Moliets","article_publisher":"https:\/\/www.facebook.com\/soonlinesurfschoolmoliets\/","article_modified_time":"2025-02-17T15:12:09+00:00","og_image":[{"width":500,"height":500,"url":"https:\/\/www.ecoledesurfmoliets.com\/wp-content\/uploads\/2024\/12\/cours-surf-all-in.png","type":"image\/png"}],"twitter_card":"summary_large_image","twitter_misc":{"Gesch\u00e4tzte Lesezeit":"1 Minute"},"schema":{"@context":"https:\/\/schema.org","@graph":[{"@type":"WebPage","@id":"https:\/\/www.ecoledesurfmoliets.com\/de\/produkt\/surf-all-in\/","url":"https:\/\/www.ecoledesurfmoliets.com\/de\/produkt\/surf-all-in\/","name":"Surf All-In (5-Tage Unterricht + Miete) | Moliets, Landes | Soonline","isPartOf":{"@id":"https:\/\/www.ecoledesurfmoliets.com\/#website"},"primaryImageOfPage":{"@id":"https:\/\/www.ecoledesurfmoliets.com\/de\/produkt\/surf-all-in\/#primaryimage"},"image":{"@id":"https:\/\/www.ecoledesurfmoliets.com\/de\/produkt\/surf-all-in\/#primaryimage"},"thumbnailUrl":"https:\/\/i0.wp.com\/www.ecoledesurfmoliets.com\/wp-content\/uploads\/2024\/12\/cours-surf-all-in.png?fit=500%2C500&ssl=1","datePublished":"2024-03-04T08:56:45+00:00","dateModified":"2025-02-17T15:12:09+00:00","description":"Surfunterricht & Kurse in Moliets Strand. Surfschule, alle Ebenen, Privat & Gruppen. Zertifizierte Instruktoren. Mietung & Laden \u26a1 Angebot -10% alle Online Buchung!","breadcrumb":{"@id":"https:\/\/www.ecoledesurfmoliets.com\/de\/produkt\/surf-all-in\/#breadcrumb"},"inLanguage":"de-DE","potentialAction":[{"@type":"ReadAction","target":["https:\/\/www.ecoledesurfmoliets.com\/de\/produkt\/surf-all-in\/"]}]},{"@type":"ImageObject","inLanguage":"de-DE","@id":"https:\/\/www.ecoledesurfmoliets.com\/de\/produkt\/surf-all-in\/#primaryimage","url":"https:\/\/i0.wp.com\/www.ecoledesurfmoliets.com\/wp-content\/uploads\/2024\/12\/cours-surf-all-in.png?fit=500%2C500&ssl=1","contentUrl":"https:\/\/i0.wp.com\/www.ecoledesurfmoliets.com\/wp-content\/uploads\/2024\/12\/cours-surf-all-in.png?fit=500%2C500&ssl=1","width":500,"height":500,"caption":"Cours de Surf All In"},{"@type":"BreadcrumbList","@id":"https:\/\/www.ecoledesurfmoliets.com\/de\/produkt\/surf-all-in\/#breadcrumb","itemListElement":[{"@type":"ListItem","position":1,"name":"Accueil","item":"https:\/\/www.ecoledesurfmoliets.com\/de\/"},{"@type":"ListItem","position":2,"name":"Shop","item":"https:\/\/www.ecoledesurfmoliets.com\/de\/shop\/"},{"@type":"ListItem","position":3,"name":"Surf All-In (5-Tage Unterricht + Miete)"}]},{"@type":"WebSite","@id":"https:\/\/www.ecoledesurfmoliets.com\/#website","url":"https:\/\/www.ecoledesurfmoliets.com\/","name":"Soon Line \u2022 Surf &amp; Skate Moliets","description":"Surf &amp; Skate School Moliets","publisher":{"@id":"https:\/\/www.ecoledesurfmoliets.com\/#organization"},"potentialAction":[{"@type":"SearchAction","target":{"@type":"EntryPoint","urlTemplate":"https:\/\/www.ecoledesurfmoliets.com\/?s={search_term_string}"},"query-input":{"@type":"PropertyValueSpecification","valueRequired":true,"valueName":"search_term_string"}}],"inLanguage":"de-DE"},{"@type":"Organization","@id":"https:\/\/www.ecoledesurfmoliets.com\/#organization","name":"Soonline Surf School Moliets","url":"https:\/\/www.ecoledesurfmoliets.com\/","logo":{"@type":"ImageObject","inLanguage":"de-DE","@id":"https:\/\/www.ecoledesurfmoliets.com\/#\/schema\/logo\/image\/","url":"https:\/\/i0.wp.com\/www.ecoledesurfmoliets.com\/wp-content\/uploads\/2017\/02\/soonline-logo-wit.jpg?fit=280%2C280&ssl=1","contentUrl":"https:\/\/i0.wp.com\/www.ecoledesurfmoliets.com\/wp-content\/uploads\/2017\/02\/soonline-logo-wit.jpg?fit=280%2C280&ssl=1","width":280,"height":280,"caption":"Soonline Surf School Moliets"},"image":{"@id":"https:\/\/www.ecoledesurfmoliets.com\/#\/schema\/logo\/image\/"},"sameAs":["https:\/\/www.facebook.com\/soonlinesurfschoolmoliets\/","https:\/\/www.instagram.com\/soonlinesurfschoolmoliets\/","https:\/\/www.pinterest.fr\/surfschool_soonline\/","https:\/\/www.youtube.com\/channel\/UCUCunR8ikD_XWSbkrbt8kLw"]}]}},"jetpack_publicize_connections":[],"jetpack_sharing_enabled":true,"_links":{"self":[{"href":"https:\/\/www.ecoledesurfmoliets.com\/de\/wp-json\/wp\/v2\/product\/16546","targetHints":{"allow":["GET"]}}],"collection":[{"href":"https:\/\/www.ecoledesurfmoliets.com\/de\/wp-json\/wp\/v2\/product"}],"about":[{"href":"https:\/\/www.ecoledesurfmoliets.com\/de\/wp-json\/wp\/v2\/types\/product"}],"wp:featuredmedia":[{"embeddable":true,"href":"https:\/\/www.ecoledesurfmoliets.com\/de\/wp-json\/wp\/v2\/media\/17976"}],"wp:attachment":[{"href":"https:\/\/www.ecoledesurfmoliets.com\/de\/wp-json\/wp\/v2\/media?parent=16546"}],"wp:term":[{"taxonomy":"product_brand","embeddable":true,"href":"https:\/\/www.ecoledesurfmoliets.com\/de\/wp-json\/wp\/v2\/product_brand?post=16546"},{"taxonomy":"product_cat","embeddable":true,"href":"https:\/\/www.ecoledesurfmoliets.com\/de\/wp-json\/wp\/v2\/product_cat?post=16546"},{"taxonomy":"product_tag","embeddable":true,"href":"https:\/\/www.ecoledesurfmoliets.com\/de\/wp-json\/wp\/v2\/product_tag?post=16546"}],"curies":[{"name":"wp","href":"https:\/\/api.w.org\/{rel}","templated":true}]}}