{"id":2954,"date":"2018-02-28T16:03:15","date_gmt":"2018-02-28T16:03:15","guid":{"rendered":"http:\/\/www.ecoledesurfmoliets.com\/de\/?page_id=2954"},"modified":"2020-05-04T16:04:39","modified_gmt":"2020-05-04T16:04:39","slug":"geschaeftsbedingungen","status":"publish","type":"page","link":"https:\/\/www.ecoledesurfmoliets.com\/de\/geschaeftsbedingungen\/","title":{"rendered":"GESCH\u00c4FTSBEDINGUNGEN\u00a0"},"content":{"rendered":"<div class=\"wpb-content-wrapper\"><p>[vc_row][vc_column][vc_column_text]<\/p>\n<h2 class=\"p1\">GESCH\u00c4FTSBEDINGUNGEN<\/h2>\n<p class=\"p1\"><strong>1.\u00a0ANMELDUNG<br \/>\n<\/strong>Jegliche Anmeldung zur Surf- oder Skateschule erfolgt \u00fcber das beiliegende Anmeldeformular, das im Falle von Erwachsenen von der Person selbst und im Falle von Minderj\u00e4hrigen von dessen Eltern oder Erziehungsberechtigten vollst\u00e4ndig auszuf\u00fcllen ist. Bei Minderj\u00e4hrigen ist zudem eine elterliche Erlaubnis erforderlich.<\/p>\n<p class=\"p1\">Jegliche per E-Mail, \u00fcber die Website oder telefonisch get\u00e4tigte Anmeldung ist mit einer Anzahlung in H\u00f6he von 30\u00a0% des Gesamtbetrags zu versehen. Die Anzahlung kann per \u00dcberweisung oder Scheck beglichen werden. Der Restbetrag ist bei Kursbeginn f\u00e4llig. Du kannst deine Buchung bis zu 5\u00a0Tage vor Kursbeginn stornieren. Bei jeglicher sp\u00e4teren Stornierung wird die Anzahlung f\u00fcr den gebuchten Skate- oder Surfkurs nicht r\u00fcckerstattet.<\/p>\n<p>&nbsp;<\/p>\n<p><strong>2.\u00a0AUSFALL VON SURF-\/SKATEKURSEN<br \/>\n<\/strong>Bei Ausfall eines Surf-\/Skatekurses aufgrund der <span class=\"s1\">Witterungsbedingungen<\/span> (Gewitter, zu gro\u00dfer Swell, keine Wellen usw.) versuchen wir zun\u00e4chst, in Abstimmung mit den Kursteilnehmern:<\/p>\n<ul>\n<li>\n<p class=\"p1\">Den Surf-\/Skatekurs auf einen anderen Termin zu verschieben (gem\u00e4\u00df der Verf\u00fcgbarkeit der einzelnen Teilnehmer)<\/p>\n<\/li>\n<li>\n<p class=\"p1\">Den gebuchten Kurs durch andere Aktivit\u00e4ten zu ersetze<\/p>\n<\/li>\n<li>\n<p class=\"p1\">Den Preis zu erstatten<\/p>\n<\/li>\n<\/ul>\n<p class=\"p1\">Bei Ausfall eines Surf-\/Skatekurses <span class=\"s1\">von deiner Seite <\/span>aus gesundheitlichen Gr\u00fcnden erstatten wir bei Vorlage eines \u00e4rztlichen Attests den Kurspreis zur\u00fcck oder bieten dir die M\u00f6glichkeit, den Kurs an eine Person deiner Wahl (Freunde, Familie&#8230;) abzutreten.<\/p>\n<p class=\"p1\">Bei Nichtteilnahme an gebuchten Kursen ohne wichtigen Grund entf\u00e4llt die R\u00fcckerstattung.<\/p>\n<p>&nbsp;<\/p>\n<p><strong>3.\u00a0HAFTUNG DER UNTERNEHMENSSTRUKTUR<br \/>\n<\/strong>Die Kursteilnehmer werden ab einer Viertelstunde vor Kursbeginn von der Surf- &amp; Skateschule Soon Line betreut und die Surf-\/Skatelehrer der Schule tragen die Verantwortung f\u00fcr sie. Eine Viertelstunde nach Beendigung des jeweiligen Kurses \u00fcbernehmen die Eltern oder Erziehungsberechtigten erneut die Verantwortung f\u00fcr sie. Die zivilrechtliche Haftung der Surf- &amp; Skateschule in Bezug auf deren Kursteilnehmer erlischt au\u00dferhalb dieser Stunden und der zuvor beschriebenen Zeitr\u00e4ume.<\/p>\n<p class=\"p1\">Bevor Eltern ihre Kinder in der Surfschule lassen, sollten sie sich vergewissern, dass der gebuchte Kurs wirklich stattfindet. Den Kursteilnehmern wird dringend davon abgeraten, Wertgegenst\u00e4nde (Geld, Mobiltelefon, Armbanduhr, Schmuck usw.) in die Surf- &amp; Skateschule mitzubringen. Die Surf- &amp; Skateschule \u00fcbernimmt keinerlei Haftung f\u00fcr Verlust oder Diebstahl jeglicher pers\u00f6nlichen Gegenst\u00e4nde in den \u00d6rtlichkeiten der Schule.<\/p>\n<p>&nbsp;<\/p>\n<p><strong>4.\u00a0VERSICHERUNG<br \/>\n<\/strong>Alle bei der Surf- &amp; Skateschule angemeldeten Personen erhalten systematisch eine Verbandslizenz, die insbesondere Versicherungsleistungen umfassen in Bezug auf die Haftpflicht, pers\u00f6nliche Unfallrisiken, Unterst\u00fctzung und Rechtsbehelfs, deren Bedingungen in der Vertragspolice der ALLIANZ (F\u00e9d\u00e9ration Fran\u00e7aise de Surf) angef\u00fchrt sind und von der Unternehmensstruktur zur Verf\u00fcgung gestellt werden, sowie eine Haftpflichtversicherung der Surf- &amp; Skateschule Soon Line. Die Lizenz der Schule bietet diese Sicherheiten ausschlie\u00dflich w\u00e4hrend der Kurszeiten. Die Surfschule legt den Mitgliedern nahe, bei dem Versicherungsunternehmen ihrer Wahl eine Personenversicherungspolice abzuschlie\u00dfen, die die K\u00f6rperverletzungen abdeckt, zu denen der Sport m\u00f6glicherweise f\u00fchren kann.<\/p>\n<p>&nbsp;<\/p>\n<p><strong>5.\u00a0VERPFLICHTUNG DER SURF-\/SKATESCHULE SOON LINE<br \/>\n<\/strong>Im Rahmen des gew\u00e4hlten, pauschalen Leistungspakets verpflichtet sich die Surfschule Soon Line, die Qualit\u00e4ts-Charta des Labels \u2018Ecole Fran\u00e7aise de Surf\u2019 im Hinblick auf die Empfangs-, Unterrichts-, Betreuungs- und Sicherheitsqualit\u00e4t einzuhalten.<\/p>\n<p class=\"p1\">Das ben\u00f6tigte Equipment (Neoprenanzug, Surfbretter usw.) wird den Teilnehmern w\u00e4hrend der Kursstunden zur Verf\u00fcgung gestellt.<\/p>\n<p>&nbsp;<\/p>\n<p><strong>6.\u00a0VERPFLICHTUNG DER MITGLIEDER<br \/>\n<\/strong>Bei der Anmeldung zur Surf- &amp; Skateschule Soon Line \u00fcbernehmen die minderj\u00e4hrigen Surfer\/Skater und deren Eltern die mit dem Surfen und Skaten unter normalen Bedingungen verbundenen Risiken. Der Teilnehmer erkl\u00e4rt, in guter gesundheitlicher Verfassung zu sein, 25\u00a0m schwimmen zu k\u00f6nnen (im Falle der Surfkurse) und in der Lage zu sein, das Surfen\/Skaten zu praktizieren.<\/p>\n<p>&nbsp;<\/p>\n<p><strong>7.\u00a0TRANSPORT DER KURSTEILNEHMER (BEI VERWENDUNG EINES FAHRZEUGS IM RAHMEN DER ANGEBOTENEN LEISTUNGEN)<br \/>\n<\/strong><\/p>\n<p class=\"p1\">Die Surf- &amp; Skateschule Soon Line verpflichtet sich, den Transport der Kursteilnehmer unter Einhaltung der folgenden, geltenden Vorschriften sicherzustellen:<\/p>\n<ul>\n<li>\n<p class=\"p1\">Fahrer, die \u00fcber eine entsprechende Fahrerlaubnis verf\u00fcgen<\/p>\n<\/li>\n<li>\n<p class=\"p1\">Versicherungsschutz f\u00fcr das Fahrzeug<\/p>\n<\/li>\n<li>\n<p class=\"p1\">Einhaltung der h\u00f6chstzul\u00e4ssigen Anzahl an Insassen des jeweiligen Fahrzeugs<\/p>\n<\/li>\n<li>\n<p class=\"p1\">Sauberes und gepflegtes Fahrzeug (regelm\u00e4\u00dfige Inspektionen)<\/p>\n<\/li>\n<\/ul>\n<p>&nbsp;<\/p>\n<p><strong>8.\u00a0BILDRECHTE<br \/>\n<\/strong>Mit der Anmeldung berechtigst du die Surf- &amp; Skateschule Soon Line, w\u00e4hrend des Kurses gemachte Fotos und\/oder Videos, auf denen du abgebildet bist, zu jeglichen Werbezwecken der Surf- &amp; Skateschule (Flyer, Website, Social Media) ohne finanzielle Verg\u00fctung zu benutzen.<i>\u00a0<\/i>[\/vc_column_text][\/vc_column][\/vc_row]<\/p>\n<\/div>","protected":false},"excerpt":{"rendered":"<p>[vc_row][vc_column][vc_column_text] GESCH\u00c4FTSBEDINGUNGEN 1.\u00a0ANMELDUNG Jegliche Anmeldung zur Surf- oder Skateschule erfolgt \u00fcber das beiliegende Anmeldeformular, das im Falle von Erwachsenen von der Person selbst und im Falle von Minderj\u00e4hrigen von dessen Eltern oder Erziehungsberechtigten vollst\u00e4ndig auszuf\u00fcllen ist. Bei Minderj\u00e4hrigen ist zudem eine elterliche Erlaubnis erforderlich. Jegliche per E-Mail, \u00fcber die Website oder telefonisch get\u00e4tigte Anmeldung ist [&hellip;]<\/p>\n","protected":false},"author":1,"featured_media":0,"parent":0,"menu_order":200,"comment_status":"closed","ping_status":"closed","template":"","meta":{"jetpack_post_was_ever_published":false,"footnotes":""},"class_list":["post-2954","page","type-page","status-publish","hentry"],"yoast_head":"<!-- This site is optimized with the Yoast SEO plugin v26.7 - https:\/\/yoast.com\/wordpress\/plugins\/seo\/ -->\n<title>Gesch\u00e4ftsbedingungen | Soon Line<\/title>\n<meta name=\"description\" content=\"Die Gesch\u00e4ftsbedingungen unserer Surfschule &amp; Skateschule\" \/>\n<meta name=\"robots\" content=\"index, follow, max-snippet:-1, max-image-preview:large, max-video-preview:-1\" \/>\n<link rel=\"canonical\" href=\"https:\/\/www.ecoledesurfmoliets.com\/reglement-interieur\/\" \/>\n<meta property=\"og:locale\" content=\"de_DE\" \/>\n<meta property=\"og:type\" content=\"article\" \/>\n<meta property=\"og:title\" content=\"Gesch\u00e4ftsbedingungen | Soon Line\" \/>\n<meta property=\"og:description\" content=\"Die Gesch\u00e4ftsbedingungen unserer Surfschule &amp; Skateschule\" \/>\n<meta property=\"og:url\" content=\"https:\/\/www.ecoledesurfmoliets.com\/reglement-interieur\/\" \/>\n<meta property=\"og:site_name\" content=\"Soon Line \u2022 Surf &amp; Skate Moliets\" \/>\n<meta property=\"article:publisher\" content=\"https:\/\/www.facebook.com\/soonlinesurfschoolmoliets\/\" \/>\n<meta property=\"article:modified_time\" content=\"2020-05-04T16:04:39+00:00\" \/>\n<meta name=\"twitter:card\" content=\"summary_large_image\" \/>\n<meta name=\"twitter:label1\" content=\"Gesch\u00e4tzte Lesezeit\" \/>\n\t<meta name=\"twitter:data1\" content=\"4 Minuten\" \/>\n<script type=\"application\/ld+json\" class=\"yoast-schema-graph\">{\"@context\":\"https:\/\/schema.org\",\"@graph\":[{\"@type\":\"WebPage\",\"@id\":\"https:\/\/www.ecoledesurfmoliets.com\/reglement-interieur\/\",\"url\":\"https:\/\/www.ecoledesurfmoliets.com\/reglement-interieur\/\",\"name\":\"Gesch\u00e4ftsbedingungen | Soon Line\",\"isPartOf\":{\"@id\":\"https:\/\/www.ecoledesurfmoliets.com\/#website\"},\"datePublished\":\"2018-02-28T16:03:15+00:00\",\"dateModified\":\"2020-05-04T16:04:39+00:00\",\"description\":\"Die Gesch\u00e4ftsbedingungen unserer Surfschule & Skateschule\",\"breadcrumb\":{\"@id\":\"https:\/\/www.ecoledesurfmoliets.com\/reglement-interieur\/#breadcrumb\"},\"inLanguage\":\"de-DE\",\"potentialAction\":[{\"@type\":\"ReadAction\",\"target\":[\"https:\/\/www.ecoledesurfmoliets.com\/reglement-interieur\/\"]}]},{\"@type\":\"BreadcrumbList\",\"@id\":\"https:\/\/www.ecoledesurfmoliets.com\/reglement-interieur\/#breadcrumb\",\"itemListElement\":[{\"@type\":\"ListItem\",\"position\":1,\"name\":\"Accueil\",\"item\":\"https:\/\/www.ecoledesurfmoliets.com\/de\/\"},{\"@type\":\"ListItem\",\"position\":2,\"name\":\"GESCH\u00c4FTSBEDINGUNGEN\u00a0\"}]},{\"@type\":\"WebSite\",\"@id\":\"https:\/\/www.ecoledesurfmoliets.com\/#website\",\"url\":\"https:\/\/www.ecoledesurfmoliets.com\/\",\"name\":\"Soon Line \u2022 Surf &amp; Skate Moliets\",\"description\":\"Surf &amp; Skate School Moliets\",\"publisher\":{\"@id\":\"https:\/\/www.ecoledesurfmoliets.com\/#organization\"},\"potentialAction\":[{\"@type\":\"SearchAction\",\"target\":{\"@type\":\"EntryPoint\",\"urlTemplate\":\"https:\/\/www.ecoledesurfmoliets.com\/?s={search_term_string}\"},\"query-input\":{\"@type\":\"PropertyValueSpecification\",\"valueRequired\":true,\"valueName\":\"search_term_string\"}}],\"inLanguage\":\"de-DE\"},{\"@type\":\"Organization\",\"@id\":\"https:\/\/www.ecoledesurfmoliets.com\/#organization\",\"name\":\"Soonline Surf School Moliets\",\"url\":\"https:\/\/www.ecoledesurfmoliets.com\/\",\"logo\":{\"@type\":\"ImageObject\",\"inLanguage\":\"de-DE\",\"@id\":\"https:\/\/www.ecoledesurfmoliets.com\/#\/schema\/logo\/image\/\",\"url\":\"https:\/\/i0.wp.com\/www.ecoledesurfmoliets.com\/wp-content\/uploads\/2017\/02\/soonline-logo-wit.jpg?fit=280%2C280&ssl=1\",\"contentUrl\":\"https:\/\/i0.wp.com\/www.ecoledesurfmoliets.com\/wp-content\/uploads\/2017\/02\/soonline-logo-wit.jpg?fit=280%2C280&ssl=1\",\"width\":280,\"height\":280,\"caption\":\"Soonline Surf School Moliets\"},\"image\":{\"@id\":\"https:\/\/www.ecoledesurfmoliets.com\/#\/schema\/logo\/image\/\"},\"sameAs\":[\"https:\/\/www.facebook.com\/soonlinesurfschoolmoliets\/\",\"https:\/\/www.instagram.com\/soonlinesurfschoolmoliets\/\",\"https:\/\/www.pinterest.fr\/surfschool_soonline\/\",\"https:\/\/www.youtube.com\/channel\/UCUCunR8ikD_XWSbkrbt8kLw\"]}]}<\/script>\n<!-- \/ Yoast SEO plugin. -->","yoast_head_json":{"title":"Gesch\u00e4ftsbedingungen | Soon Line","description":"Die Gesch\u00e4ftsbedingungen unserer Surfschule & Skateschule","robots":{"index":"index","follow":"follow","max-snippet":"max-snippet:-1","max-image-preview":"max-image-preview:large","max-video-preview":"max-video-preview:-1"},"canonical":"https:\/\/www.ecoledesurfmoliets.com\/reglement-interieur\/","og_locale":"de_DE","og_type":"article","og_title":"Gesch\u00e4ftsbedingungen | Soon Line","og_description":"Die Gesch\u00e4ftsbedingungen unserer Surfschule & Skateschule","og_url":"https:\/\/www.ecoledesurfmoliets.com\/reglement-interieur\/","og_site_name":"Soon Line \u2022 Surf &amp; Skate Moliets","article_publisher":"https:\/\/www.facebook.com\/soonlinesurfschoolmoliets\/","article_modified_time":"2020-05-04T16:04:39+00:00","twitter_card":"summary_large_image","twitter_misc":{"Gesch\u00e4tzte Lesezeit":"4 Minuten"},"schema":{"@context":"https:\/\/schema.org","@graph":[{"@type":"WebPage","@id":"https:\/\/www.ecoledesurfmoliets.com\/reglement-interieur\/","url":"https:\/\/www.ecoledesurfmoliets.com\/reglement-interieur\/","name":"Gesch\u00e4ftsbedingungen | Soon Line","isPartOf":{"@id":"https:\/\/www.ecoledesurfmoliets.com\/#website"},"datePublished":"2018-02-28T16:03:15+00:00","dateModified":"2020-05-04T16:04:39+00:00","description":"Die Gesch\u00e4ftsbedingungen unserer Surfschule & Skateschule","breadcrumb":{"@id":"https:\/\/www.ecoledesurfmoliets.com\/reglement-interieur\/#breadcrumb"},"inLanguage":"de-DE","potentialAction":[{"@type":"ReadAction","target":["https:\/\/www.ecoledesurfmoliets.com\/reglement-interieur\/"]}]},{"@type":"BreadcrumbList","@id":"https:\/\/www.ecoledesurfmoliets.com\/reglement-interieur\/#breadcrumb","itemListElement":[{"@type":"ListItem","position":1,"name":"Accueil","item":"https:\/\/www.ecoledesurfmoliets.com\/de\/"},{"@type":"ListItem","position":2,"name":"GESCH\u00c4FTSBEDINGUNGEN\u00a0"}]},{"@type":"WebSite","@id":"https:\/\/www.ecoledesurfmoliets.com\/#website","url":"https:\/\/www.ecoledesurfmoliets.com\/","name":"Soon Line \u2022 Surf &amp; Skate Moliets","description":"Surf &amp; Skate School Moliets","publisher":{"@id":"https:\/\/www.ecoledesurfmoliets.com\/#organization"},"potentialAction":[{"@type":"SearchAction","target":{"@type":"EntryPoint","urlTemplate":"https:\/\/www.ecoledesurfmoliets.com\/?s={search_term_string}"},"query-input":{"@type":"PropertyValueSpecification","valueRequired":true,"valueName":"search_term_string"}}],"inLanguage":"de-DE"},{"@type":"Organization","@id":"https:\/\/www.ecoledesurfmoliets.com\/#organization","name":"Soonline Surf School Moliets","url":"https:\/\/www.ecoledesurfmoliets.com\/","logo":{"@type":"ImageObject","inLanguage":"de-DE","@id":"https:\/\/www.ecoledesurfmoliets.com\/#\/schema\/logo\/image\/","url":"https:\/\/i0.wp.com\/www.ecoledesurfmoliets.com\/wp-content\/uploads\/2017\/02\/soonline-logo-wit.jpg?fit=280%2C280&ssl=1","contentUrl":"https:\/\/i0.wp.com\/www.ecoledesurfmoliets.com\/wp-content\/uploads\/2017\/02\/soonline-logo-wit.jpg?fit=280%2C280&ssl=1","width":280,"height":280,"caption":"Soonline Surf School Moliets"},"image":{"@id":"https:\/\/www.ecoledesurfmoliets.com\/#\/schema\/logo\/image\/"},"sameAs":["https:\/\/www.facebook.com\/soonlinesurfschoolmoliets\/","https:\/\/www.instagram.com\/soonlinesurfschoolmoliets\/","https:\/\/www.pinterest.fr\/surfschool_soonline\/","https:\/\/www.youtube.com\/channel\/UCUCunR8ikD_XWSbkrbt8kLw"]}]}},"jetpack_sharing_enabled":true,"jetpack_shortlink":"https:\/\/wp.me\/Paz7SO-LE","_links":{"self":[{"href":"https:\/\/www.ecoledesurfmoliets.com\/de\/wp-json\/wp\/v2\/pages\/2954","targetHints":{"allow":["GET"]}}],"collection":[{"href":"https:\/\/www.ecoledesurfmoliets.com\/de\/wp-json\/wp\/v2\/pages"}],"about":[{"href":"https:\/\/www.ecoledesurfmoliets.com\/de\/wp-json\/wp\/v2\/types\/page"}],"author":[{"embeddable":true,"href":"https:\/\/www.ecoledesurfmoliets.com\/de\/wp-json\/wp\/v2\/users\/1"}],"replies":[{"embeddable":true,"href":"https:\/\/www.ecoledesurfmoliets.com\/de\/wp-json\/wp\/v2\/comments?post=2954"}],"version-history":[{"count":0,"href":"https:\/\/www.ecoledesurfmoliets.com\/de\/wp-json\/wp\/v2\/pages\/2954\/revisions"}],"wp:attachment":[{"href":"https:\/\/www.ecoledesurfmoliets.com\/de\/wp-json\/wp\/v2\/media?parent=2954"}],"curies":[{"name":"wp","href":"https:\/\/api.w.org\/{rel}","templated":true}]}}